{"id":24525,"date":"2021-06-28T09:07:42","date_gmt":"2021-06-28T07:07:42","guid":{"rendered":"https:\/\/partyinabox.dk\/party\/?post_type=product&#038;p=24525"},"modified":"2026-04-10T04:13:53","modified_gmt":"2026-04-10T02:13:53","slug":"lyseroed-ballon-m-hvid-happy-birthday","status":"publish","type":"product","link":"https:\/\/partyinabox.dk\/party\/vare\/lyseroed-ballon-m-hvid-happy-birthday\/","title":{"rendered":"Lyser\u00f8d ballon m\/hvid &#8220;Happy Birthday&#8221;"},"content":{"rendered":"<p>6 stk. s\u00f8de lyser\u00f8de balloner med hvide prikker, en hvid krone og hvid &#8220;Happy Birthday&#8221; &#8211; perfekt som pynt til f.eks. en 1 \u00e5rs f\u00f8dselsdag for en lille pige. Husk helium, hvis ballonen skal sv\u00e6ve, og Hi-Float for l\u00e6ngere holdbarhed. Pust f\u00f8rst ballonerne op p\u00e5 selve dagen for bedste resultat.<\/p>\n","protected":false},"excerpt":{"rendered":"<p>6 stk. s\u00f8de lyser\u00f8de balloner med hvide prikker, en hvid krone og hvid &#8220;Happy Birthday&#8221; &#8211; perfekt som pynt til f.eks. en 1 \u00e5rs f\u00f8dselsdag for en lille pige. Husk helium, hvis ballonen skal sv\u00e6ve, og Hi-Float for l\u00e6ngere holdbarhed. [&hellip;]<\/p>\n","protected":false},"featured_media":24526,"template":"","meta":{"_acf_changed":false},"product_brand":[],"product_cat":[30],"product_tag":[],"class_list":{"0":"post-24525","1":"product","2":"type-product","3":"status-publish","4":"has-post-thumbnail","6":"product_cat-balloner","8":"first","9":"instock","10":"taxable","11":"shipping-taxable","12":"purchasable","13":"product-type-simple"},"bundled_by":[],"bundle_stock_status":"instock","bundle_stock_quantity":55,"bundle_virtual":false,"bundle_layout":"","bundle_add_to_cart_form_location":"","bundle_editable_in_cart":false,"bundle_sold_individually_context":"","bundle_item_grouping":"","bundle_min_size":"","bundle_max_size":"","bundle_price":[],"bundled_items":[],"bundle_sell_ids":[],"acf":[],"tiered_pricing_type":"fixed","tiered_pricing_fixed_rules":[],"tiered_pricing_product_settings":{"layout":"default","base_unit_name":{"singular":null,"plural":null},"default_variation":null},"tiered_pricing_minimum_quantity":null,"tiered_pricing_roles_data":[],"tiered_pricing_percentage_rules":[],"tiered_pricing_maximum_quantity":null,"tiered_pricing_quantity_step":null,"_links":{"self":[{"href":"https:\/\/partyinabox.dk\/party\/wp-json\/wp\/v2\/product\/24525","targetHints":{"allow":["GET"]}}],"collection":[{"href":"https:\/\/partyinabox.dk\/party\/wp-json\/wp\/v2\/product"}],"about":[{"href":"https:\/\/partyinabox.dk\/party\/wp-json\/wp\/v2\/types\/product"}],"wp:featuredmedia":[{"embeddable":true,"href":"https:\/\/partyinabox.dk\/party\/wp-json\/wp\/v2\/media\/24526"}],"wp:attachment":[{"href":"https:\/\/partyinabox.dk\/party\/wp-json\/wp\/v2\/media?parent=24525"}],"wp:term":[{"taxonomy":"product_brand","embeddable":true,"href":"https:\/\/partyinabox.dk\/party\/wp-json\/wp\/v2\/product_brand?post=24525"},{"taxonomy":"product_cat","embeddable":true,"href":"https:\/\/partyinabox.dk\/party\/wp-json\/wp\/v2\/product_cat?post=24525"},{"taxonomy":"product_tag","embeddable":true,"href":"https:\/\/partyinabox.dk\/party\/wp-json\/wp\/v2\/product_tag?post=24525"}],"curies":[{"name":"wp","href":"https:\/\/api.w.org\/{rel}","templated":true}]}}