{"id":24293,"date":"2021-06-21T10:50:30","date_gmt":"2021-06-21T08:50:30","guid":{"rendered":"https:\/\/partyinabox.dk\/party\/?post_type=product&#038;p=24293"},"modified":"2026-04-16T21:19:44","modified_gmt":"2026-04-16T19:19:44","slug":"guld-glimmer-stjerne-kage-pynt-1","status":"publish","type":"product","link":"https:\/\/partyinabox.dk\/party\/vare\/guld-glimmer-stjerne-kage-pynt-1\/","title":{"rendered":"Guld glimmer stjerne kage pynt &#8220;1&#8221;"},"content":{"rendered":"<p>6 stk. s\u00f8de, sm\u00e5 guld cupcake toppers formet som stjerner med et udstukket 1 tal i &#8211; perfekt til en 1 \u00e5rs f\u00f8dselsdag for en lille dreng eller pige. M\u00e5l: 10 cm<\/p>\n","protected":false},"excerpt":{"rendered":"<p>6 stk. s\u00f8de, sm\u00e5 guld cupcake toppers formet som stjerner med et udstukket 1 tal i &#8211; perfekt til en 1 \u00e5rs f\u00f8dselsdag for en lille dreng eller pige. M\u00e5l: 10 cm<\/p>\n","protected":false},"featured_media":24296,"template":"","meta":{"_acf_changed":false},"product_brand":[],"product_cat":[33],"product_tag":[],"class_list":{"0":"post-24293","1":"product","2":"type-product","3":"status-publish","4":"has-post-thumbnail","6":"product_cat-til-kagen","8":"first","9":"instock","10":"taxable","11":"shipping-taxable","12":"purchasable","13":"product-type-simple"},"bundled_by":[],"bundle_stock_status":"instock","bundle_stock_quantity":71,"bundle_virtual":false,"bundle_layout":"","bundle_add_to_cart_form_location":"","bundle_editable_in_cart":false,"bundle_sold_individually_context":"","bundle_item_grouping":"","bundle_min_size":"","bundle_max_size":"","bundle_price":[],"bundled_items":[],"bundle_sell_ids":[],"acf":[],"tiered_pricing_type":"fixed","tiered_pricing_fixed_rules":[],"tiered_pricing_product_settings":{"layout":"default","base_unit_name":{"singular":null,"plural":null},"default_variation":null},"tiered_pricing_minimum_quantity":null,"tiered_pricing_roles_data":[],"tiered_pricing_percentage_rules":[],"tiered_pricing_maximum_quantity":null,"tiered_pricing_quantity_step":null,"_links":{"self":[{"href":"https:\/\/partyinabox.dk\/party\/wp-json\/wp\/v2\/product\/24293","targetHints":{"allow":["GET"]}}],"collection":[{"href":"https:\/\/partyinabox.dk\/party\/wp-json\/wp\/v2\/product"}],"about":[{"href":"https:\/\/partyinabox.dk\/party\/wp-json\/wp\/v2\/types\/product"}],"wp:featuredmedia":[{"embeddable":true,"href":"https:\/\/partyinabox.dk\/party\/wp-json\/wp\/v2\/media\/24296"}],"wp:attachment":[{"href":"https:\/\/partyinabox.dk\/party\/wp-json\/wp\/v2\/media?parent=24293"}],"wp:term":[{"taxonomy":"product_brand","embeddable":true,"href":"https:\/\/partyinabox.dk\/party\/wp-json\/wp\/v2\/product_brand?post=24293"},{"taxonomy":"product_cat","embeddable":true,"href":"https:\/\/partyinabox.dk\/party\/wp-json\/wp\/v2\/product_cat?post=24293"},{"taxonomy":"product_tag","embeddable":true,"href":"https:\/\/partyinabox.dk\/party\/wp-json\/wp\/v2\/product_tag?post=24293"}],"curies":[{"name":"wp","href":"https:\/\/api.w.org\/{rel}","templated":true}]}}