{"id":24272,"date":"2022-12-01T00:00:00","date_gmt":"2022-11-30T23:00:00","guid":{"rendered":"https:\/\/partyinabox.dk\/party\/?post_type=product&#038;p=24272"},"modified":"2026-04-27T21:39:54","modified_gmt":"2026-04-27T19:39:54","slug":"sort-stjerne-folie-ballon-happy-birthday","status":"publish","type":"product","link":"https:\/\/partyinabox.dk\/party\/vare\/sort-stjerne-folie-ballon-happy-birthday\/","title":{"rendered":"Sort stjerne folie ballon &#8220;Happy Birthday&#8221;"},"content":{"rendered":"<p>S\u00f8d 45 cm stor folie ballon formet som en stjerne med guld teksten &#8220;Happy Birthday&#8221; p\u00e5 &#8211; perfekt som pynt til en guld og sort f\u00f8dselsdag. Husk helium, hvis ballonen skal sv\u00e6ve!<\/p>\n","protected":false},"excerpt":{"rendered":"<p>S\u00f8d 45 cm stor folie ballon formet som en stjerne med guld teksten &#8220;Happy Birthday&#8221; p\u00e5 &#8211; perfekt som pynt til en guld og sort f\u00f8dselsdag. Husk helium, hvis ballonen skal sv\u00e6ve!<\/p>\n","protected":false},"featured_media":24273,"template":"","meta":{"_acf_changed":false},"product_brand":[],"product_cat":[30],"product_tag":[],"class_list":{"0":"post-24272","1":"product","2":"type-product","3":"status-publish","4":"has-post-thumbnail","6":"product_cat-balloner","8":"first","9":"instock","10":"taxable","11":"shipping-taxable","12":"purchasable","13":"product-type-simple"},"bundled_by":[],"bundle_stock_status":"instock","bundle_stock_quantity":41,"bundle_virtual":false,"bundle_layout":"","bundle_add_to_cart_form_location":"","bundle_editable_in_cart":false,"bundle_sold_individually_context":"","bundle_item_grouping":"","bundle_min_size":"","bundle_max_size":"","bundle_price":[],"bundled_items":[],"bundle_sell_ids":[],"acf":[],"tiered_pricing_type":"fixed","tiered_pricing_fixed_rules":[],"tiered_pricing_product_settings":{"layout":"default","base_unit_name":{"singular":null,"plural":null},"default_variation":null},"tiered_pricing_minimum_quantity":null,"tiered_pricing_roles_data":[],"tiered_pricing_percentage_rules":[],"tiered_pricing_maximum_quantity":null,"tiered_pricing_quantity_step":null,"_links":{"self":[{"href":"https:\/\/partyinabox.dk\/party\/wp-json\/wp\/v2\/product\/24272","targetHints":{"allow":["GET"]}}],"collection":[{"href":"https:\/\/partyinabox.dk\/party\/wp-json\/wp\/v2\/product"}],"about":[{"href":"https:\/\/partyinabox.dk\/party\/wp-json\/wp\/v2\/types\/product"}],"wp:featuredmedia":[{"embeddable":true,"href":"https:\/\/partyinabox.dk\/party\/wp-json\/wp\/v2\/media\/24273"}],"wp:attachment":[{"href":"https:\/\/partyinabox.dk\/party\/wp-json\/wp\/v2\/media?parent=24272"}],"wp:term":[{"taxonomy":"product_brand","embeddable":true,"href":"https:\/\/partyinabox.dk\/party\/wp-json\/wp\/v2\/product_brand?post=24272"},{"taxonomy":"product_cat","embeddable":true,"href":"https:\/\/partyinabox.dk\/party\/wp-json\/wp\/v2\/product_cat?post=24272"},{"taxonomy":"product_tag","embeddable":true,"href":"https:\/\/partyinabox.dk\/party\/wp-json\/wp\/v2\/product_tag?post=24272"}],"curies":[{"name":"wp","href":"https:\/\/api.w.org\/{rel}","templated":true}]}}