{"id":22277,"date":"2022-05-10T00:00:00","date_gmt":"2022-05-09T22:00:00","guid":{"rendered":"https:\/\/partyinabox.dk\/party\/?post_type=product&#038;p=22277"},"modified":"2026-03-13T12:43:18","modified_gmt":"2026-03-13T11:43:18","slug":"metallisk-lime-groen-ballon","status":"publish","type":"product","link":"https:\/\/partyinabox.dk\/party\/vare\/metallisk-lime-groen-ballon\/","title":{"rendered":"Metallisk lime gr\u00f8n ballon"},"content":{"rendered":"<p>Forestil dig et festligt rum, hvor lyset bl\u00f8dt reflekterer imod guddommelige pastel limegr\u00f8nne balloner. Disse balloner er ikke kun en fryd for \u00f8jet, men de bringer ogs\u00e5 et strejf af for\u00e5r med ind i lokalet. Perfekte til den der friske, gr\u00f8nne vibe, du har dr\u00f8mt om til din n\u00e6ste sammenkomst!<\/p>\n<p>Uanset om du planl\u00e6gger en intim f\u00f8dselsdagsfest eller en stor sammenkomst, s\u00e5 har vi pr\u00e6cis, hvad du har brug for.\u00a0 Og ja, de her balloner holder festen k\u00f8rende l\u00e6ngere end de fleste g\u00e6ster, med en imponerende sv\u00e6vetid der siger spar to til almindelige balloner.<\/p>\n<p>Tilf\u00f8j et personligt og charmerende pr\u00e6g til dit n\u00e6ste event med disse pastel limegr\u00f8nne sk\u00f8nheder. De siger, at detaljerne g\u00f8r forskellen, og i dette tilf\u00e6lde vil jeg sige, de har fuldst\u00e6ndig ret. S\u00e5, hvad venter du p\u00e5? Lad festen begynde!<\/p>\n<p>Indhold: 10 stk.<\/p>\n<p>M\u00e5l: 30 cm.<\/p>\n","protected":false},"excerpt":{"rendered":"<p>Forestil dig et festligt rum, hvor lyset bl\u00f8dt reflekterer imod guddommelige pastel limegr\u00f8nne balloner. Disse balloner er ikke kun en fryd for \u00f8jet, men de bringer ogs\u00e5 et strejf af for\u00e5r med ind i lokalet. Perfekte til den der friske, [&hellip;]<\/p>\n","protected":false},"featured_media":22278,"template":"","meta":{"_acf_changed":false},"product_brand":[],"product_cat":[30],"product_tag":[],"class_list":{"0":"post-22277","1":"product","2":"type-product","3":"status-publish","4":"has-post-thumbnail","6":"product_cat-balloner","8":"first","9":"outofstock","10":"taxable","11":"shipping-taxable","12":"purchasable","13":"product-type-simple"},"bundled_by":[],"bundle_stock_status":"outofstock","bundle_stock_quantity":0,"bundle_virtual":false,"bundle_layout":"","bundle_add_to_cart_form_location":"","bundle_editable_in_cart":false,"bundle_sold_individually_context":"","bundle_item_grouping":"","bundle_min_size":"","bundle_max_size":"","bundle_price":[],"bundled_items":[],"bundle_sell_ids":[],"acf":[],"tiered_pricing_type":"fixed","tiered_pricing_fixed_rules":[],"tiered_pricing_product_settings":{"layout":"default","base_unit_name":{"singular":null,"plural":null},"default_variation":null},"tiered_pricing_minimum_quantity":null,"tiered_pricing_roles_data":[],"tiered_pricing_percentage_rules":[],"tiered_pricing_maximum_quantity":null,"tiered_pricing_quantity_step":null,"_links":{"self":[{"href":"https:\/\/partyinabox.dk\/party\/wp-json\/wp\/v2\/product\/22277","targetHints":{"allow":["GET"]}}],"collection":[{"href":"https:\/\/partyinabox.dk\/party\/wp-json\/wp\/v2\/product"}],"about":[{"href":"https:\/\/partyinabox.dk\/party\/wp-json\/wp\/v2\/types\/product"}],"wp:featuredmedia":[{"embeddable":true,"href":"https:\/\/partyinabox.dk\/party\/wp-json\/wp\/v2\/media\/22278"}],"wp:attachment":[{"href":"https:\/\/partyinabox.dk\/party\/wp-json\/wp\/v2\/media?parent=22277"}],"wp:term":[{"taxonomy":"product_brand","embeddable":true,"href":"https:\/\/partyinabox.dk\/party\/wp-json\/wp\/v2\/product_brand?post=22277"},{"taxonomy":"product_cat","embeddable":true,"href":"https:\/\/partyinabox.dk\/party\/wp-json\/wp\/v2\/product_cat?post=22277"},{"taxonomy":"product_tag","embeddable":true,"href":"https:\/\/partyinabox.dk\/party\/wp-json\/wp\/v2\/product_tag?post=22277"}],"curies":[{"name":"wp","href":"https:\/\/api.w.org\/{rel}","templated":true}]}}