{"id":2151,"date":"2022-12-01T00:00:00","date_gmt":"2022-11-30T23:00:00","guid":{"rendered":"https:\/\/partyinabox.dk\/party\/?post_type=product&#038;p=2151"},"modified":"2026-04-28T18:59:31","modified_gmt":"2026-04-28T16:59:31","slug":"lyseblaa-folie-ballon-tal-2-stor","status":"publish","type":"product","link":"https:\/\/partyinabox.dk\/party\/vare\/lyseblaa-folie-ballon-tal-2-stor\/","title":{"rendered":"Lysebl\u00e5 folie ballon tal 2 (stor)"},"content":{"rendered":"<p>Pynt flot op til f\u00f8dselsdag eller jubil\u00e6um med dette store, lysebl\u00e5, folie ballon tal. Pust ballonen op med alm. luft og h\u00e6ng den op med f.eks. fiskesn\u00f8re, eller pust den op med helium, s\u00e5 den sv\u00e6ver.<\/p>\n<p><strong>OBS:<\/strong> skal\/kan IKKE bruge Hi Float.<\/p>\n<p>Indhold: 1 stk. \/ M\u00e5l: 86 cm (H)<\/p>\n","protected":false},"excerpt":{"rendered":"<p>Pynt flot op til f\u00f8dselsdag eller jubil\u00e6um med dette store, lysebl\u00e5, folie ballon tal. Pust ballonen op med alm. luft og h\u00e6ng den op med f.eks. fiskesn\u00f8re, eller pust den op med helium, s\u00e5 den sv\u00e6ver. OBS: skal\/kan IKKE bruge [&hellip;]<\/p>\n","protected":false},"featured_media":2141,"template":"","meta":{"_acf_changed":false},"product_brand":[],"product_cat":[61],"product_tag":[],"class_list":{"0":"post-2151","1":"product","2":"type-product","3":"status-publish","4":"has-post-thumbnail","6":"product_cat-folie-tal","8":"first","9":"instock","10":"taxable","11":"shipping-taxable","12":"purchasable","13":"product-type-simple"},"bundled_by":[],"bundle_stock_status":"instock","bundle_stock_quantity":16,"bundle_virtual":false,"bundle_layout":"","bundle_add_to_cart_form_location":"","bundle_editable_in_cart":false,"bundle_sold_individually_context":"","bundle_item_grouping":"","bundle_min_size":"","bundle_max_size":"","bundle_price":[],"bundled_items":[],"bundle_sell_ids":[],"acf":[],"tiered_pricing_type":"fixed","tiered_pricing_fixed_rules":[],"tiered_pricing_product_settings":{"layout":"default","base_unit_name":{"singular":null,"plural":null},"default_variation":null},"tiered_pricing_minimum_quantity":null,"tiered_pricing_roles_data":[],"tiered_pricing_percentage_rules":[],"tiered_pricing_maximum_quantity":null,"tiered_pricing_quantity_step":null,"_links":{"self":[{"href":"https:\/\/partyinabox.dk\/party\/wp-json\/wp\/v2\/product\/2151","targetHints":{"allow":["GET"]}}],"collection":[{"href":"https:\/\/partyinabox.dk\/party\/wp-json\/wp\/v2\/product"}],"about":[{"href":"https:\/\/partyinabox.dk\/party\/wp-json\/wp\/v2\/types\/product"}],"wp:featuredmedia":[{"embeddable":true,"href":"https:\/\/partyinabox.dk\/party\/wp-json\/wp\/v2\/media\/2141"}],"wp:attachment":[{"href":"https:\/\/partyinabox.dk\/party\/wp-json\/wp\/v2\/media?parent=2151"}],"wp:term":[{"taxonomy":"product_brand","embeddable":true,"href":"https:\/\/partyinabox.dk\/party\/wp-json\/wp\/v2\/product_brand?post=2151"},{"taxonomy":"product_cat","embeddable":true,"href":"https:\/\/partyinabox.dk\/party\/wp-json\/wp\/v2\/product_cat?post=2151"},{"taxonomy":"product_tag","embeddable":true,"href":"https:\/\/partyinabox.dk\/party\/wp-json\/wp\/v2\/product_tag?post=2151"}],"curies":[{"name":"wp","href":"https:\/\/api.w.org\/{rel}","templated":true}]}}