{"id":19797,"date":"2022-12-01T00:00:00","date_gmt":"2022-11-30T23:00:00","guid":{"rendered":"https:\/\/partyinabox.dk\/party\/?post_type=product&#038;p=19797"},"modified":"2026-04-20T22:47:43","modified_gmt":"2026-04-20T20:47:43","slug":"soelv-stjerne-konfetti-ballon","status":"publish","type":"product","link":"https:\/\/partyinabox.dk\/party\/vare\/soelv-stjerne-konfetti-ballon\/","title":{"rendered":"S\u00f8lv stjerne konfetti ballon"},"content":{"rendered":"<p>Flot transparent ballon med s\u00f8lv stjerne konfetti i &#8211; perfekt som pynt til s\u00f8lvbryllup, f\u00f8dselsdag, konfirmation, bryllup, nyt\u00e5r eller en hvilken som helst festlig begivenhed. Husk helium, hvis ballonen skal sv\u00e6ve, og pust f\u00f8rst op p\u00e5 dagen for bedste resultat. (Brug IKKE Hi Float i ballonen, for s\u00e5 klister konfettien sammen.) Indhold: 6 stk. balloner.<\/p>\n","protected":false},"excerpt":{"rendered":"<p>Flot transparent ballon med s\u00f8lv stjerne konfetti i &#8211; perfekt som pynt til s\u00f8lvbryllup, f\u00f8dselsdag, konfirmation, bryllup, nyt\u00e5r eller en hvilken som helst festlig begivenhed. Husk helium, hvis ballonen skal sv\u00e6ve, og pust f\u00f8rst op p\u00e5 dagen for bedste resultat. [&hellip;]<\/p>\n","protected":false},"featured_media":19798,"template":"","meta":{"_acf_changed":false},"product_brand":[],"product_cat":[30],"product_tag":[],"class_list":{"0":"post-19797","1":"product","2":"type-product","3":"status-publish","4":"has-post-thumbnail","6":"product_cat-balloner","8":"first","9":"instock","10":"taxable","11":"shipping-taxable","12":"purchasable","13":"product-type-simple"},"bundled_by":[],"bundle_stock_status":"instock","bundle_stock_quantity":66,"bundle_virtual":false,"bundle_layout":"","bundle_add_to_cart_form_location":"","bundle_editable_in_cart":false,"bundle_sold_individually_context":"","bundle_item_grouping":"","bundle_min_size":"","bundle_max_size":"","bundle_price":[],"bundled_items":[],"bundle_sell_ids":[],"acf":[],"tiered_pricing_type":"fixed","tiered_pricing_fixed_rules":[],"tiered_pricing_product_settings":{"layout":"default","base_unit_name":{"singular":null,"plural":null},"default_variation":null},"tiered_pricing_minimum_quantity":null,"tiered_pricing_roles_data":[],"tiered_pricing_percentage_rules":[],"tiered_pricing_maximum_quantity":null,"tiered_pricing_quantity_step":null,"_links":{"self":[{"href":"https:\/\/partyinabox.dk\/party\/wp-json\/wp\/v2\/product\/19797","targetHints":{"allow":["GET"]}}],"collection":[{"href":"https:\/\/partyinabox.dk\/party\/wp-json\/wp\/v2\/product"}],"about":[{"href":"https:\/\/partyinabox.dk\/party\/wp-json\/wp\/v2\/types\/product"}],"wp:featuredmedia":[{"embeddable":true,"href":"https:\/\/partyinabox.dk\/party\/wp-json\/wp\/v2\/media\/19798"}],"wp:attachment":[{"href":"https:\/\/partyinabox.dk\/party\/wp-json\/wp\/v2\/media?parent=19797"}],"wp:term":[{"taxonomy":"product_brand","embeddable":true,"href":"https:\/\/partyinabox.dk\/party\/wp-json\/wp\/v2\/product_brand?post=19797"},{"taxonomy":"product_cat","embeddable":true,"href":"https:\/\/partyinabox.dk\/party\/wp-json\/wp\/v2\/product_cat?post=19797"},{"taxonomy":"product_tag","embeddable":true,"href":"https:\/\/partyinabox.dk\/party\/wp-json\/wp\/v2\/product_tag?post=19797"}],"curies":[{"name":"wp","href":"https:\/\/api.w.org\/{rel}","templated":true}]}}