{"id":19767,"date":"2021-02-25T10:46:25","date_gmt":"2021-02-25T09:46:25","guid":{"rendered":"https:\/\/partyinabox.dk\/party\/?post_type=product&#038;p=19767"},"modified":"2026-04-12T16:14:23","modified_gmt":"2026-04-12T14:14:23","slug":"guld-haarboejle-18-today","status":"publish","type":"product","link":"https:\/\/partyinabox.dk\/party\/vare\/guld-haarboejle-18-today\/","title":{"rendered":"Guld h\u00e5rb\u00f8jle &#8220;18 today&#8221;"},"content":{"rendered":"<p>Sjov h\u00e5rb\u00f8jle med guld teksten &#8220;18 today&#8221; &#8211; perfekt som accessory\u00a0til f\u00f8dselaren til en 18 \u00e5rs f\u00f8dselsdag.<\/p>\n","protected":false},"excerpt":{"rendered":"<p>Sjov h\u00e5rb\u00f8jle med guld teksten &#8220;18 today&#8221; &#8211; perfekt som accessory\u00a0til f\u00f8dselaren til en 18 \u00e5rs f\u00f8dselsdag.<\/p>\n","protected":false},"featured_media":19769,"template":"","meta":{"_acf_changed":false},"product_brand":[],"product_cat":[34],"product_tag":[],"class_list":{"0":"post-19767","1":"product","2":"type-product","3":"status-publish","4":"has-post-thumbnail","6":"product_cat-accessories","8":"first","9":"instock","10":"taxable","11":"shipping-taxable","12":"purchasable","13":"product-type-simple"},"bundled_by":[],"bundle_stock_status":"instock","bundle_stock_quantity":12,"bundle_virtual":false,"bundle_layout":"","bundle_add_to_cart_form_location":"","bundle_editable_in_cart":false,"bundle_sold_individually_context":"","bundle_item_grouping":"","bundle_min_size":"","bundle_max_size":"","bundle_price":[],"bundled_items":[],"bundle_sell_ids":[],"acf":[],"tiered_pricing_type":"fixed","tiered_pricing_fixed_rules":[],"tiered_pricing_product_settings":{"layout":"default","base_unit_name":{"singular":null,"plural":null},"default_variation":null},"tiered_pricing_minimum_quantity":null,"tiered_pricing_roles_data":[],"tiered_pricing_percentage_rules":[],"tiered_pricing_maximum_quantity":null,"tiered_pricing_quantity_step":null,"_links":{"self":[{"href":"https:\/\/partyinabox.dk\/party\/wp-json\/wp\/v2\/product\/19767","targetHints":{"allow":["GET"]}}],"collection":[{"href":"https:\/\/partyinabox.dk\/party\/wp-json\/wp\/v2\/product"}],"about":[{"href":"https:\/\/partyinabox.dk\/party\/wp-json\/wp\/v2\/types\/product"}],"wp:featuredmedia":[{"embeddable":true,"href":"https:\/\/partyinabox.dk\/party\/wp-json\/wp\/v2\/media\/19769"}],"wp:attachment":[{"href":"https:\/\/partyinabox.dk\/party\/wp-json\/wp\/v2\/media?parent=19767"}],"wp:term":[{"taxonomy":"product_brand","embeddable":true,"href":"https:\/\/partyinabox.dk\/party\/wp-json\/wp\/v2\/product_brand?post=19767"},{"taxonomy":"product_cat","embeddable":true,"href":"https:\/\/partyinabox.dk\/party\/wp-json\/wp\/v2\/product_cat?post=19767"},{"taxonomy":"product_tag","embeddable":true,"href":"https:\/\/partyinabox.dk\/party\/wp-json\/wp\/v2\/product_tag?post=19767"}],"curies":[{"name":"wp","href":"https:\/\/api.w.org\/{rel}","templated":true}]}}