{"id":19137,"date":"2021-01-28T08:51:57","date_gmt":"2021-01-28T07:51:57","guid":{"rendered":"https:\/\/partyinabox.dk\/party\/?post_type=product&#038;p=19137"},"modified":"2026-03-17T07:58:28","modified_gmt":"2026-03-17T06:58:28","slug":"regnbue-og-blomster-kagelys","status":"publish","type":"product","link":"https:\/\/partyinabox.dk\/party\/vare\/regnbue-og-blomster-kagelys\/","title":{"rendered":"Regnbue og blomster kagelys"},"content":{"rendered":"<p>5 stk. vildt s\u00f8de lys til at s\u00e6tte i kagen til f.eks. en f\u00f8dselsdag, sommerfest eller en regnbue fest. To af lysene er formet som sm\u00e5 regnbuer og tre som blomster med et lille ansigt. M\u00e5l: 2 &#8211; 3,5 cm (H).<\/p>\n","protected":false},"excerpt":{"rendered":"<p>5 stk. vildt s\u00f8de lys til at s\u00e6tte i kagen til f.eks. en f\u00f8dselsdag, sommerfest eller en regnbue fest. To af lysene er formet som sm\u00e5 regnbuer og tre som blomster med et lille ansigt. M\u00e5l: 2 &#8211; 3,5 cm [&hellip;]<\/p>\n","protected":false},"featured_media":19139,"template":"","meta":{"_acf_changed":false},"product_brand":[],"product_cat":[33],"product_tag":[],"class_list":{"0":"post-19137","1":"product","2":"type-product","3":"status-publish","4":"has-post-thumbnail","6":"product_cat-til-kagen","8":"first","9":"instock","10":"taxable","11":"shipping-taxable","12":"purchasable","13":"product-type-simple"},"bundled_by":[],"bundle_stock_status":"instock","bundle_stock_quantity":24,"bundle_virtual":false,"bundle_layout":"","bundle_add_to_cart_form_location":"","bundle_editable_in_cart":false,"bundle_sold_individually_context":"","bundle_item_grouping":"","bundle_min_size":"","bundle_max_size":"","bundle_price":[],"bundled_items":[],"bundle_sell_ids":[],"acf":[],"tiered_pricing_type":"fixed","tiered_pricing_fixed_rules":[],"tiered_pricing_product_settings":{"layout":"default","base_unit_name":{"singular":null,"plural":null},"default_variation":null},"tiered_pricing_minimum_quantity":null,"tiered_pricing_roles_data":[],"tiered_pricing_percentage_rules":[],"tiered_pricing_maximum_quantity":null,"tiered_pricing_quantity_step":null,"_links":{"self":[{"href":"https:\/\/partyinabox.dk\/party\/wp-json\/wp\/v2\/product\/19137","targetHints":{"allow":["GET"]}}],"collection":[{"href":"https:\/\/partyinabox.dk\/party\/wp-json\/wp\/v2\/product"}],"about":[{"href":"https:\/\/partyinabox.dk\/party\/wp-json\/wp\/v2\/types\/product"}],"wp:featuredmedia":[{"embeddable":true,"href":"https:\/\/partyinabox.dk\/party\/wp-json\/wp\/v2\/media\/19139"}],"wp:attachment":[{"href":"https:\/\/partyinabox.dk\/party\/wp-json\/wp\/v2\/media?parent=19137"}],"wp:term":[{"taxonomy":"product_brand","embeddable":true,"href":"https:\/\/partyinabox.dk\/party\/wp-json\/wp\/v2\/product_brand?post=19137"},{"taxonomy":"product_cat","embeddable":true,"href":"https:\/\/partyinabox.dk\/party\/wp-json\/wp\/v2\/product_cat?post=19137"},{"taxonomy":"product_tag","embeddable":true,"href":"https:\/\/partyinabox.dk\/party\/wp-json\/wp\/v2\/product_tag?post=19137"}],"curies":[{"name":"wp","href":"https:\/\/api.w.org\/{rel}","templated":true}]}}