{"id":18962,"date":"2026-02-17T00:00:00","date_gmt":"2026-02-16T23:00:00","guid":{"rendered":"https:\/\/partyinabox.dk\/party\/?post_type=product&#038;p=18962"},"modified":"2026-04-13T11:06:48","modified_gmt":"2026-04-13T09:06:48","slug":"regnbue-ballon-guirlande-saet-med-balloner-2","status":"publish","type":"product","link":"https:\/\/partyinabox.dk\/party\/vare\/regnbue-ballon-guirlande-saet-med-balloner-2\/","title":{"rendered":"Regnbue ballon guirlande s\u00e6t med balloner"},"content":{"rendered":"<p>Smart s\u00e6t med alt hvad du beh\u00f8ver for at lave den flotteste ballon guirlande i alle regnbuens farver &#8211; perfekt som pynt til en f\u00f8dselsdag, en d\u00e5b eller et babyshower. Guirlanden bliver ca. 2 meter lang og fyldt med 60 forskellige hvide, lyser\u00f8de, gr\u00f8nne, gule, orange, lysebl\u00e5 og lilla balloner. F\u00f8lg bare den nemme instruktion p\u00e5 kassen og se den flotte ballon guirlande tage form.<\/p>\n<p><strong>VIDEO:<\/strong> Se en vejledning i at lave en ballon guirlande <a href=\"https:\/\/www.instagram.com\/stories\/highlights\/17866047715416094\/\" target=\"_blank\" rel=\"noopener\">her.<\/a><\/p>\n<p>Pakken indeholder:<\/p>\n<ul>\n<li>14 x hvide balloner,<\/li>\n<li>8 x gule balloner,<\/li>\n<li>7 x orange balloner,<\/li>\n<li>8 x lyser\u00f8de balloner,<\/li>\n<li>7 x lilla balloner,<\/li>\n<li>8 x lysebl\u00e5 balloner,<\/li>\n<li>8 x gr\u00f8nne balloner,<\/li>\n<li>1 x 2,5 m ballon snor<\/li>\n<\/ul>\n<p><strong>Husk<\/strong> en ballonpumpe til at puste ballonerne op med!<\/p>\n<p><strong>OBS: s\u00e6ttet skal IKKE bruge helium!<\/strong><\/p>\n","protected":false},"excerpt":{"rendered":"<p>Smart s\u00e6t med alt hvad du beh\u00f8ver for at lave den flotteste ballon guirlande i alle regnbuens farver &#8211; perfekt som pynt til en f\u00f8dselsdag, en d\u00e5b eller et babyshower. Guirlanden bliver ca. 2 meter lang og fyldt med 60 [&hellip;]<\/p>\n","protected":false},"featured_media":18964,"template":"","meta":{"_acf_changed":false},"product_brand":[],"product_cat":[30],"product_tag":[],"class_list":{"0":"post-18962","1":"product","2":"type-product","3":"status-publish","4":"has-post-thumbnail","6":"product_cat-balloner","8":"first","9":"instock","10":"taxable","11":"shipping-taxable","12":"purchasable","13":"product-type-simple"},"bundled_by":[],"bundle_stock_status":"instock","bundle_stock_quantity":28,"bundle_virtual":false,"bundle_layout":"","bundle_add_to_cart_form_location":"","bundle_editable_in_cart":false,"bundle_sold_individually_context":"","bundle_item_grouping":"","bundle_min_size":"","bundle_max_size":"","bundle_price":[],"bundled_items":[],"bundle_sell_ids":[],"acf":[],"tiered_pricing_type":"fixed","tiered_pricing_fixed_rules":[],"tiered_pricing_product_settings":{"layout":"default","base_unit_name":{"singular":null,"plural":null},"default_variation":null},"tiered_pricing_minimum_quantity":null,"tiered_pricing_roles_data":[],"tiered_pricing_percentage_rules":[],"tiered_pricing_maximum_quantity":null,"tiered_pricing_quantity_step":null,"_links":{"self":[{"href":"https:\/\/partyinabox.dk\/party\/wp-json\/wp\/v2\/product\/18962","targetHints":{"allow":["GET"]}}],"collection":[{"href":"https:\/\/partyinabox.dk\/party\/wp-json\/wp\/v2\/product"}],"about":[{"href":"https:\/\/partyinabox.dk\/party\/wp-json\/wp\/v2\/types\/product"}],"wp:featuredmedia":[{"embeddable":true,"href":"https:\/\/partyinabox.dk\/party\/wp-json\/wp\/v2\/media\/18964"}],"wp:attachment":[{"href":"https:\/\/partyinabox.dk\/party\/wp-json\/wp\/v2\/media?parent=18962"}],"wp:term":[{"taxonomy":"product_brand","embeddable":true,"href":"https:\/\/partyinabox.dk\/party\/wp-json\/wp\/v2\/product_brand?post=18962"},{"taxonomy":"product_cat","embeddable":true,"href":"https:\/\/partyinabox.dk\/party\/wp-json\/wp\/v2\/product_cat?post=18962"},{"taxonomy":"product_tag","embeddable":true,"href":"https:\/\/partyinabox.dk\/party\/wp-json\/wp\/v2\/product_tag?post=18962"}],"curies":[{"name":"wp","href":"https:\/\/api.w.org\/{rel}","templated":true}]}}