{"id":18955,"date":"2021-01-25T09:58:36","date_gmt":"2021-01-25T08:58:36","guid":{"rendered":"https:\/\/partyinabox.dk\/party\/?post_type=product&#038;p=18955"},"modified":"2026-04-02T03:33:46","modified_gmt":"2026-04-02T01:33:46","slug":"sort-guld-ballon-guirlande-saet-med-balloner","status":"publish","type":"product","link":"https:\/\/partyinabox.dk\/party\/vare\/sort-guld-ballon-guirlande-saet-med-balloner\/","title":{"rendered":"Sort\/guld ballon guirlande s\u00e6t med balloner"},"content":{"rendered":"<p>Smart s\u00e6t med alt hvad du beh\u00f8ver for at lave den flotteste ballon guirlande med sorte og guld balloner &#8211; perfekt som pynt til en f\u00f8dselsdag, en konfirmation eller et bryllup. Guirlanden bliver ca. 2 meter lang og fyldt med 60 sorte og guld balloner. F\u00f8lg bare den nemme instruktion p\u00e5 kassen og se den flotte ballon guirlande tage form.<\/p>\n<p><strong>VIDEO:<\/strong> Se en vejledning i at lave en ballon guirlande <a href=\"https:\/\/www.instagram.com\/stories\/highlights\/17866047715416094\/\" target=\"_blank\" rel=\"noopener\">her.<\/a><\/p>\n<p>Pakken indeholder:<\/p>\n<ul>\n<li>48 x metallisk sort balloner,<\/li>\n<li>12 x\u00a0 chrome guld balloner,<\/li>\n<li>1 x 2,5 m ballon snor<\/li>\n<\/ul>\n<p><strong>Husk<\/strong> en ballonpumpe til at puste ballonerne op med!<\/p>\n<p><strong>OBS: s\u00e6ttet skal IKKE bruge helium!<\/strong><\/p>\n","protected":false},"excerpt":{"rendered":"<p>Smart s\u00e6t med alt hvad du beh\u00f8ver for at lave den flotteste ballon guirlande med sorte og guld balloner &#8211; perfekt som pynt til en f\u00f8dselsdag, en konfirmation eller et bryllup. Guirlanden bliver ca. 2 meter lang og fyldt med [&hellip;]<\/p>\n","protected":false},"featured_media":18956,"template":"","meta":{"_acf_changed":false},"product_brand":[],"product_cat":[30],"product_tag":[],"class_list":{"0":"post-18955","1":"product","2":"type-product","3":"status-publish","4":"has-post-thumbnail","6":"product_cat-balloner","8":"first","9":"instock","10":"taxable","11":"shipping-taxable","12":"purchasable","13":"product-type-simple"},"bundled_by":[],"bundle_stock_status":"instock","bundle_stock_quantity":2,"bundle_virtual":false,"bundle_layout":"","bundle_add_to_cart_form_location":"","bundle_editable_in_cart":false,"bundle_sold_individually_context":"","bundle_item_grouping":"","bundle_min_size":"","bundle_max_size":"","bundle_price":[],"bundled_items":[],"bundle_sell_ids":[],"acf":[],"tiered_pricing_type":"fixed","tiered_pricing_fixed_rules":[],"tiered_pricing_product_settings":{"layout":"default","base_unit_name":{"singular":null,"plural":null},"default_variation":null},"tiered_pricing_minimum_quantity":null,"tiered_pricing_roles_data":[],"tiered_pricing_percentage_rules":[],"tiered_pricing_maximum_quantity":null,"tiered_pricing_quantity_step":null,"_links":{"self":[{"href":"https:\/\/partyinabox.dk\/party\/wp-json\/wp\/v2\/product\/18955","targetHints":{"allow":["GET"]}}],"collection":[{"href":"https:\/\/partyinabox.dk\/party\/wp-json\/wp\/v2\/product"}],"about":[{"href":"https:\/\/partyinabox.dk\/party\/wp-json\/wp\/v2\/types\/product"}],"wp:featuredmedia":[{"embeddable":true,"href":"https:\/\/partyinabox.dk\/party\/wp-json\/wp\/v2\/media\/18956"}],"wp:attachment":[{"href":"https:\/\/partyinabox.dk\/party\/wp-json\/wp\/v2\/media?parent=18955"}],"wp:term":[{"taxonomy":"product_brand","embeddable":true,"href":"https:\/\/partyinabox.dk\/party\/wp-json\/wp\/v2\/product_brand?post=18955"},{"taxonomy":"product_cat","embeddable":true,"href":"https:\/\/partyinabox.dk\/party\/wp-json\/wp\/v2\/product_cat?post=18955"},{"taxonomy":"product_tag","embeddable":true,"href":"https:\/\/partyinabox.dk\/party\/wp-json\/wp\/v2\/product_tag?post=18955"}],"curies":[{"name":"wp","href":"https:\/\/api.w.org\/{rel}","templated":true}]}}