{"id":18266,"date":"2024-05-14T00:00:00","date_gmt":"2024-05-13T22:00:00","guid":{"rendered":"https:\/\/partyinabox.dk\/party\/?post_type=product&#038;p=18266"},"modified":"2026-04-25T11:56:11","modified_gmt":"2026-04-25T09:56:11","slug":"lyseroede-hoeje-stearinlys","status":"publish","type":"product","link":"https:\/\/partyinabox.dk\/party\/vare\/lyseroede-hoeje-stearinlys\/","title":{"rendered":"Lyser\u00f8d h\u00f8je stearinlys"},"content":{"rendered":"<p>D\u00e6k bordet op med flotte levende lys og skab en hyggelig stemning til din n\u00e6ste fest. Disse smukke matte lyser\u00f8de stearinlys passer perfekt p\u00e5 bordet til b\u00e5de bryllup, barned\u00e5b, sommerfest, baby shower, f\u00f8dselsdag eller konfirmation. Lyset har en br\u00e6ndetid p\u00e5 ca. 5 timer, og holder derfor b\u00e5de til forret, hovedret og dessert.<\/p>\n<p><strong>HUSK:<\/strong> smukke lysestager der passer til.<\/p>\n<p>Indhold: 10 stk. \/ M\u00e5l: 24 cm (H)<\/p>\n","protected":false},"excerpt":{"rendered":"<p>D\u00e6k bordet op med flotte levende lys og skab en hyggelig stemning til din n\u00e6ste fest. Disse smukke matte lyser\u00f8de stearinlys passer perfekt p\u00e5 bordet til b\u00e5de bryllup, barned\u00e5b, sommerfest, baby shower, f\u00f8dselsdag eller konfirmation. Lyset har en br\u00e6ndetid p\u00e5 [&hellip;]<\/p>\n","protected":false},"featured_media":61859,"template":"","meta":{"_acf_changed":false},"product_brand":[],"product_cat":[32],"product_tag":[],"class_list":{"0":"post-18266","1":"product","2":"type-product","3":"status-publish","4":"has-post-thumbnail","6":"product_cat-service","8":"first","9":"instock","10":"taxable","11":"shipping-taxable","12":"purchasable","13":"product-type-simple"},"bundled_by":[],"bundle_stock_status":"instock","bundle_stock_quantity":41,"bundle_virtual":false,"bundle_layout":"","bundle_add_to_cart_form_location":"","bundle_editable_in_cart":false,"bundle_sold_individually_context":"","bundle_item_grouping":"","bundle_min_size":"","bundle_max_size":"","bundle_price":[],"bundled_items":[],"bundle_sell_ids":[],"acf":[],"tiered_pricing_type":"fixed","tiered_pricing_fixed_rules":[],"tiered_pricing_product_settings":{"layout":"default","base_unit_name":{"singular":null,"plural":null},"default_variation":null},"tiered_pricing_minimum_quantity":null,"tiered_pricing_roles_data":[],"tiered_pricing_percentage_rules":[],"tiered_pricing_maximum_quantity":null,"tiered_pricing_quantity_step":null,"_links":{"self":[{"href":"https:\/\/partyinabox.dk\/party\/wp-json\/wp\/v2\/product\/18266","targetHints":{"allow":["GET"]}}],"collection":[{"href":"https:\/\/partyinabox.dk\/party\/wp-json\/wp\/v2\/product"}],"about":[{"href":"https:\/\/partyinabox.dk\/party\/wp-json\/wp\/v2\/types\/product"}],"wp:featuredmedia":[{"embeddable":true,"href":"https:\/\/partyinabox.dk\/party\/wp-json\/wp\/v2\/media\/61859"}],"wp:attachment":[{"href":"https:\/\/partyinabox.dk\/party\/wp-json\/wp\/v2\/media?parent=18266"}],"wp:term":[{"taxonomy":"product_brand","embeddable":true,"href":"https:\/\/partyinabox.dk\/party\/wp-json\/wp\/v2\/product_brand?post=18266"},{"taxonomy":"product_cat","embeddable":true,"href":"https:\/\/partyinabox.dk\/party\/wp-json\/wp\/v2\/product_cat?post=18266"},{"taxonomy":"product_tag","embeddable":true,"href":"https:\/\/partyinabox.dk\/party\/wp-json\/wp\/v2\/product_tag?post=18266"}],"curies":[{"name":"wp","href":"https:\/\/api.w.org\/{rel}","templated":true}]}}