{"id":1711,"date":"2019-10-07T17:51:07","date_gmt":"2019-10-07T15:51:07","guid":{"rendered":"https:\/\/partyinabox.dk\/party\/?post_type=product&#038;p=1711"},"modified":"2026-04-03T13:09:12","modified_gmt":"2026-04-03T11:09:12","slug":"papirsugeroer-hvid-og-rosa-striber","status":"publish","type":"product","link":"https:\/\/partyinabox.dk\/party\/vare\/papirsugeroer-hvid-og-rosa-striber\/","title":{"rendered":"Suger\u00f8r hvid og rosa"},"content":{"rendered":"<p>Pynt bordet flot op til en lille piges 1 \u00e5rs f\u00f8dselsdag, barned\u00e5b, sommerfest eller pastel fest med disse fine hvide pap \/ papir suger\u00f8r med rosa striber p\u00e5. Indhold: 10 stk.<\/p>\n","protected":false},"excerpt":{"rendered":"<p>Pynt bordet flot op til en lille piges 1 \u00e5rs f\u00f8dselsdag, barned\u00e5b, sommerfest eller pastel fest med disse fine hvide pap \/ papir suger\u00f8r med rosa striber p\u00e5. Indhold: 10 stk.<\/p>\n","protected":false},"featured_media":1712,"template":"","meta":{"_acf_changed":false},"product_brand":[],"product_cat":[32],"product_tag":[],"class_list":{"0":"post-1711","1":"product","2":"type-product","3":"status-publish","4":"has-post-thumbnail","6":"product_cat-service","8":"first","9":"instock","10":"taxable","11":"shipping-taxable","12":"purchasable","13":"product-type-simple"},"bundled_by":[],"bundle_stock_status":"instock","bundle_stock_quantity":76,"bundle_virtual":false,"bundle_layout":"","bundle_add_to_cart_form_location":"","bundle_editable_in_cart":false,"bundle_sold_individually_context":"","bundle_item_grouping":"","bundle_min_size":"","bundle_max_size":"","bundle_price":[],"bundled_items":[],"bundle_sell_ids":[],"acf":[],"tiered_pricing_type":"fixed","tiered_pricing_fixed_rules":[],"tiered_pricing_product_settings":{"layout":"default","base_unit_name":{"singular":null,"plural":null},"default_variation":null},"tiered_pricing_minimum_quantity":null,"tiered_pricing_roles_data":[],"tiered_pricing_percentage_rules":[],"tiered_pricing_maximum_quantity":null,"tiered_pricing_quantity_step":null,"_links":{"self":[{"href":"https:\/\/partyinabox.dk\/party\/wp-json\/wp\/v2\/product\/1711","targetHints":{"allow":["GET"]}}],"collection":[{"href":"https:\/\/partyinabox.dk\/party\/wp-json\/wp\/v2\/product"}],"about":[{"href":"https:\/\/partyinabox.dk\/party\/wp-json\/wp\/v2\/types\/product"}],"wp:featuredmedia":[{"embeddable":true,"href":"https:\/\/partyinabox.dk\/party\/wp-json\/wp\/v2\/media\/1712"}],"wp:attachment":[{"href":"https:\/\/partyinabox.dk\/party\/wp-json\/wp\/v2\/media?parent=1711"}],"wp:term":[{"taxonomy":"product_brand","embeddable":true,"href":"https:\/\/partyinabox.dk\/party\/wp-json\/wp\/v2\/product_brand?post=1711"},{"taxonomy":"product_cat","embeddable":true,"href":"https:\/\/partyinabox.dk\/party\/wp-json\/wp\/v2\/product_cat?post=1711"},{"taxonomy":"product_tag","embeddable":true,"href":"https:\/\/partyinabox.dk\/party\/wp-json\/wp\/v2\/product_tag?post=1711"}],"curies":[{"name":"wp","href":"https:\/\/api.w.org\/{rel}","templated":true}]}}