{"id":13934,"date":"2023-07-17T00:00:00","date_gmt":"2023-07-16T22:00:00","guid":{"rendered":"https:\/\/partyinabox.dk\/party\/?post_type=product&#038;p=13934"},"modified":"2026-04-04T15:58:27","modified_gmt":"2026-04-04T13:58:27","slug":"lille-hi-float","status":"publish","type":"product","link":"https:\/\/partyinabox.dk\/party\/vare\/lille-hi-float\/","title":{"rendered":"Lille Hi Float"},"content":{"rendered":"<p>Med Hi-Float sv\u00e6ver dine latex balloner op til 25 gange s\u00e5 lang tid, som uden Hi Float, da Hi Float&#8217;en forhindre helium i at sive ud af ballonen. I pakken f\u00e5r du en vejledning til, hvordan du anvender Hi-Float sammen med latex balloner. Der medf\u00f8lger en pumpe som skal monteres, og herefter kan du bruge v\u00e6sken i ballonerne. F\u00f8r pumper\u00f8ret ned i ballonen og pump en fingernegls m\u00e6ngde af v\u00e6sken ned i ballonen. Masser\/nuller herefter v\u00e6sken grundigt rundt i ballonen, for at &#8220;forsegle&#8221; alle sider af ballonen. Der er ca. Hi Float til 50 stk. alm. 30 cm latex balloner.<\/p>\n<p><strong>VIDEO: <\/strong>Se en vejledning i at bruge Hi Float <a href=\"https:\/\/www.instagram.com\/stories\/highlights\/17886982429452721\/\" target=\"_blank\" rel=\"noopener\">her.<\/a><\/p>\n<p><strong>OBS:<\/strong> Hi-Float kan bruges til alle typer latex balloner og k\u00e6mpe latex balloner, men <strong>IKKE<\/strong> til folie balloner eller balloner med konfetti eller LED lys inden i!<\/p>\n<p><strong>Vigtigt:<\/strong> Dette produkt erstatter ikke helium, det g\u00f8r at den helium du fylder i ikke siver ud af ballonen, og ballonen derfor holder l\u00e6ngere &#8211; op til 2-3 dage!<\/p>\n<p>Indhold: 150 ml<\/p>\n","protected":false},"excerpt":{"rendered":"<p>Med Hi-Float sv\u00e6ver dine latex balloner op til 25 gange s\u00e5 lang tid, som uden Hi Float, da Hi Float&#8217;en forhindre helium i at sive ud af ballonen. I pakken f\u00e5r du en vejledning til, hvordan du anvender Hi-Float sammen [&hellip;]<\/p>\n","protected":false},"featured_media":43539,"template":"","meta":{"_acf_changed":false},"product_brand":[],"product_cat":[30,15],"product_tag":[],"class_list":{"0":"post-13934","1":"product","2":"type-product","3":"status-publish","4":"has-post-thumbnail","6":"product_cat-balloner","7":"product_cat-ukategoriseret","9":"first","10":"instock","11":"taxable","12":"shipping-taxable","13":"purchasable","14":"product-type-simple"},"bundled_by":[],"bundle_stock_status":"instock","bundle_stock_quantity":22,"bundle_virtual":false,"bundle_layout":"","bundle_add_to_cart_form_location":"","bundle_editable_in_cart":false,"bundle_sold_individually_context":"","bundle_item_grouping":"","bundle_min_size":"","bundle_max_size":"","bundle_price":[],"bundled_items":[],"bundle_sell_ids":[],"acf":[],"tiered_pricing_type":"fixed","tiered_pricing_fixed_rules":[],"tiered_pricing_product_settings":{"layout":"default","base_unit_name":{"singular":null,"plural":null},"default_variation":null},"tiered_pricing_minimum_quantity":null,"tiered_pricing_roles_data":[],"tiered_pricing_percentage_rules":[],"tiered_pricing_maximum_quantity":null,"tiered_pricing_quantity_step":null,"_links":{"self":[{"href":"https:\/\/partyinabox.dk\/party\/wp-json\/wp\/v2\/product\/13934","targetHints":{"allow":["GET"]}}],"collection":[{"href":"https:\/\/partyinabox.dk\/party\/wp-json\/wp\/v2\/product"}],"about":[{"href":"https:\/\/partyinabox.dk\/party\/wp-json\/wp\/v2\/types\/product"}],"wp:featuredmedia":[{"embeddable":true,"href":"https:\/\/partyinabox.dk\/party\/wp-json\/wp\/v2\/media\/43539"}],"wp:attachment":[{"href":"https:\/\/partyinabox.dk\/party\/wp-json\/wp\/v2\/media?parent=13934"}],"wp:term":[{"taxonomy":"product_brand","embeddable":true,"href":"https:\/\/partyinabox.dk\/party\/wp-json\/wp\/v2\/product_brand?post=13934"},{"taxonomy":"product_cat","embeddable":true,"href":"https:\/\/partyinabox.dk\/party\/wp-json\/wp\/v2\/product_cat?post=13934"},{"taxonomy":"product_tag","embeddable":true,"href":"https:\/\/partyinabox.dk\/party\/wp-json\/wp\/v2\/product_tag?post=13934"}],"curies":[{"name":"wp","href":"https:\/\/api.w.org\/{rel}","templated":true}]}}