{"id":13351,"date":"2026-03-06T00:00:00","date_gmt":"2026-03-05T23:00:00","guid":{"rendered":"https:\/\/partyinabox.dk\/party\/?post_type=product&#038;p=13351"},"modified":"2026-04-23T21:24:15","modified_gmt":"2026-04-23T19:24:15","slug":"klar-led-foto-lyskaede-med-10-stk-klemmer","status":"publish","type":"product","link":"https:\/\/partyinabox.dk\/party\/vare\/klar-led-foto-lyskaede-med-10-stk-klemmer\/","title":{"rendered":"Klar LED foto lysk\u00e6de med 10 stk. klemmer"},"content":{"rendered":"<p>Klar lysk\u00e6de med 10 sm\u00e5 klemmer, som du kan s\u00e6tte s\u00f8de billeder eller sm\u00e5 kort i. LED lysene giver en varm gul farve og lysk\u00e6den bruger batteri, s\u00e5 du kan placere den lige hvor du har lyst. Lysk\u00e6den kan bruges b\u00e5de inden- og udenfor.<\/p>\n","protected":false},"excerpt":{"rendered":"<p>Klar lysk\u00e6de med 10 sm\u00e5 klemmer, som du kan s\u00e6tte s\u00f8de billeder eller sm\u00e5 kort i. LED lysene giver en varm gul farve og lysk\u00e6den bruger batteri, s\u00e5 du kan placere den lige hvor du har lyst. Lysk\u00e6den kan bruges [&hellip;]<\/p>\n","protected":false},"featured_media":13353,"template":"","meta":{"_acf_changed":false},"product_brand":[],"product_cat":[31,34],"product_tag":[],"class_list":{"0":"post-13351","1":"product","2":"type-product","3":"status-publish","4":"has-post-thumbnail","6":"product_cat-til-loftet","7":"product_cat-accessories","9":"first","10":"instock","11":"taxable","12":"shipping-taxable","13":"purchasable","14":"product-type-simple"},"bundled_by":[],"bundle_stock_status":"instock","bundle_stock_quantity":63,"bundle_virtual":false,"bundle_layout":"","bundle_add_to_cart_form_location":"","bundle_editable_in_cart":false,"bundle_sold_individually_context":"","bundle_item_grouping":"","bundle_min_size":"","bundle_max_size":"","bundle_price":[],"bundled_items":[],"bundle_sell_ids":[],"acf":[],"tiered_pricing_type":"fixed","tiered_pricing_fixed_rules":[],"tiered_pricing_product_settings":{"layout":"default","base_unit_name":{"singular":null,"plural":null},"default_variation":null},"tiered_pricing_minimum_quantity":null,"tiered_pricing_roles_data":[],"tiered_pricing_percentage_rules":[],"tiered_pricing_maximum_quantity":null,"tiered_pricing_quantity_step":null,"_links":{"self":[{"href":"https:\/\/partyinabox.dk\/party\/wp-json\/wp\/v2\/product\/13351","targetHints":{"allow":["GET"]}}],"collection":[{"href":"https:\/\/partyinabox.dk\/party\/wp-json\/wp\/v2\/product"}],"about":[{"href":"https:\/\/partyinabox.dk\/party\/wp-json\/wp\/v2\/types\/product"}],"wp:featuredmedia":[{"embeddable":true,"href":"https:\/\/partyinabox.dk\/party\/wp-json\/wp\/v2\/media\/13353"}],"wp:attachment":[{"href":"https:\/\/partyinabox.dk\/party\/wp-json\/wp\/v2\/media?parent=13351"}],"wp:term":[{"taxonomy":"product_brand","embeddable":true,"href":"https:\/\/partyinabox.dk\/party\/wp-json\/wp\/v2\/product_brand?post=13351"},{"taxonomy":"product_cat","embeddable":true,"href":"https:\/\/partyinabox.dk\/party\/wp-json\/wp\/v2\/product_cat?post=13351"},{"taxonomy":"product_tag","embeddable":true,"href":"https:\/\/partyinabox.dk\/party\/wp-json\/wp\/v2\/product_tag?post=13351"}],"curies":[{"name":"wp","href":"https:\/\/api.w.org\/{rel}","templated":true}]}}