{"id":1220,"date":"2022-12-01T00:00:00","date_gmt":"2022-11-30T23:00:00","guid":{"rendered":"https:\/\/partyinabox.dk\/party\/?post_type=product&#038;p=1220"},"modified":"2026-04-17T12:59:12","modified_gmt":"2026-04-17T10:59:12","slug":"guld-tal-2-86","status":"publish","type":"product","link":"https:\/\/partyinabox.dk\/party\/vare\/guld-tal-2-86\/","title":{"rendered":"Guld folie ballon tal 2 (stor)"},"content":{"rendered":"<p>Pynt flot op til f\u00f8dselsdag, nyt\u00e5r eller jubil\u00e6um med dette store guld folie ballon tal. Tallet kan pustes op med alm. luft eller helium, hvis du gerne vil have det til at sv\u00e6ve. Du kan h\u00e6nge tallet op med fiskesn\u00f8re eller ballon lim dutter, hvis du puster det op med alm. luft &#8211; k\u00f8b evt. en ballonpumpe, til at puste ballonen op med.<\/p>\n<p><strong>OBS:<\/strong> skal <strong>IKKE<\/strong> bruge Hi Float!<\/p>\n<p>Indhold: 1 stk. \/ M\u00e5l: 86 cm (H)<\/p>\n","protected":false},"excerpt":{"rendered":"<p>Pynt flot op til f\u00f8dselsdag, nyt\u00e5r eller jubil\u00e6um med dette store guld folie ballon tal. Tallet kan pustes op med alm. luft eller helium, hvis du gerne vil have det til at sv\u00e6ve. Du kan h\u00e6nge tallet op med fiskesn\u00f8re [&hellip;]<\/p>\n","protected":false},"featured_media":1074,"template":"","meta":{"_acf_changed":false},"product_brand":[],"product_cat":[61],"product_tag":[],"class_list":{"0":"post-1220","1":"product","2":"type-product","3":"status-publish","4":"has-post-thumbnail","6":"product_cat-folie-tal","8":"first","9":"instock","10":"taxable","11":"shipping-taxable","12":"purchasable","13":"product-type-simple"},"bundled_by":[],"bundle_stock_status":"instock","bundle_stock_quantity":237,"bundle_virtual":false,"bundle_layout":"","bundle_add_to_cart_form_location":"","bundle_editable_in_cart":false,"bundle_sold_individually_context":"","bundle_item_grouping":"","bundle_min_size":"","bundle_max_size":"","bundle_price":[],"bundled_items":[],"bundle_sell_ids":[],"acf":[],"tiered_pricing_type":"fixed","tiered_pricing_fixed_rules":[],"tiered_pricing_product_settings":{"layout":"default","base_unit_name":{"singular":null,"plural":null},"default_variation":null},"tiered_pricing_minimum_quantity":null,"tiered_pricing_roles_data":[],"tiered_pricing_percentage_rules":[],"tiered_pricing_maximum_quantity":null,"tiered_pricing_quantity_step":null,"_links":{"self":[{"href":"https:\/\/partyinabox.dk\/party\/wp-json\/wp\/v2\/product\/1220","targetHints":{"allow":["GET"]}}],"collection":[{"href":"https:\/\/partyinabox.dk\/party\/wp-json\/wp\/v2\/product"}],"about":[{"href":"https:\/\/partyinabox.dk\/party\/wp-json\/wp\/v2\/types\/product"}],"wp:featuredmedia":[{"embeddable":true,"href":"https:\/\/partyinabox.dk\/party\/wp-json\/wp\/v2\/media\/1074"}],"wp:attachment":[{"href":"https:\/\/partyinabox.dk\/party\/wp-json\/wp\/v2\/media?parent=1220"}],"wp:term":[{"taxonomy":"product_brand","embeddable":true,"href":"https:\/\/partyinabox.dk\/party\/wp-json\/wp\/v2\/product_brand?post=1220"},{"taxonomy":"product_cat","embeddable":true,"href":"https:\/\/partyinabox.dk\/party\/wp-json\/wp\/v2\/product_cat?post=1220"},{"taxonomy":"product_tag","embeddable":true,"href":"https:\/\/partyinabox.dk\/party\/wp-json\/wp\/v2\/product_tag?post=1220"}],"curies":[{"name":"wp","href":"https:\/\/api.w.org\/{rel}","templated":true}]}}