{"id":12158,"date":"2023-06-14T00:00:00","date_gmt":"2023-06-13T22:00:00","guid":{"rendered":"https:\/\/partyinabox.dk\/party\/?post_type=product&#038;p=12158"},"modified":"2026-03-23T13:09:49","modified_gmt":"2026-03-23T12:09:49","slug":"pastel-balloner-farvemix","status":"publish","type":"product","link":"https:\/\/partyinabox.dk\/party\/vare\/pastel-balloner-farvemix\/","title":{"rendered":"Pastel ballon farvemix s\u00e6t"},"content":{"rendered":"<p>10 pak med flotte pastel balloner i farverne lysebl\u00e5, lys lilla, lys gul, lys cappuccino, rosa, lys peach, fuchsia og olivengr\u00f8n. Ballonerne er flotte som pynt til f.eks. en pastel fest, en havefest, sommerfest, p\u00e5ske, for\u00e5rsfest eller f\u00f8dselsdag.<\/p>\n<p>M\u00e5l: 30 cm.<\/p>\n","protected":false},"excerpt":{"rendered":"<p>10 pak med flotte pastel balloner i farverne lysebl\u00e5, lys lilla, lys gul, lys cappuccino, rosa, lys peach, fuchsia og olivengr\u00f8n. Ballonerne er flotte som pynt til f.eks. en pastel fest, en havefest, sommerfest, p\u00e5ske, for\u00e5rsfest eller f\u00f8dselsdag. M\u00e5l: 30 [&hellip;]<\/p>\n","protected":false},"featured_media":12160,"template":"","meta":{"_acf_changed":false},"product_brand":[],"product_cat":[30],"product_tag":[],"class_list":{"0":"post-12158","1":"product","2":"type-product","3":"status-publish","4":"has-post-thumbnail","6":"product_cat-balloner","8":"first","9":"outofstock","10":"taxable","11":"shipping-taxable","12":"purchasable","13":"product-type-simple"},"bundled_by":[],"bundle_stock_status":"outofstock","bundle_stock_quantity":0,"bundle_virtual":false,"bundle_layout":"","bundle_add_to_cart_form_location":"","bundle_editable_in_cart":false,"bundle_sold_individually_context":"","bundle_item_grouping":"","bundle_min_size":"","bundle_max_size":"","bundle_price":[],"bundled_items":[],"bundle_sell_ids":[],"acf":[],"tiered_pricing_type":"fixed","tiered_pricing_fixed_rules":[],"tiered_pricing_product_settings":{"layout":"default","base_unit_name":{"singular":null,"plural":null},"default_variation":null},"tiered_pricing_minimum_quantity":null,"tiered_pricing_roles_data":[],"tiered_pricing_percentage_rules":[],"tiered_pricing_maximum_quantity":null,"tiered_pricing_quantity_step":null,"_links":{"self":[{"href":"https:\/\/partyinabox.dk\/party\/wp-json\/wp\/v2\/product\/12158","targetHints":{"allow":["GET"]}}],"collection":[{"href":"https:\/\/partyinabox.dk\/party\/wp-json\/wp\/v2\/product"}],"about":[{"href":"https:\/\/partyinabox.dk\/party\/wp-json\/wp\/v2\/types\/product"}],"wp:featuredmedia":[{"embeddable":true,"href":"https:\/\/partyinabox.dk\/party\/wp-json\/wp\/v2\/media\/12160"}],"wp:attachment":[{"href":"https:\/\/partyinabox.dk\/party\/wp-json\/wp\/v2\/media?parent=12158"}],"wp:term":[{"taxonomy":"product_brand","embeddable":true,"href":"https:\/\/partyinabox.dk\/party\/wp-json\/wp\/v2\/product_brand?post=12158"},{"taxonomy":"product_cat","embeddable":true,"href":"https:\/\/partyinabox.dk\/party\/wp-json\/wp\/v2\/product_cat?post=12158"},{"taxonomy":"product_tag","embeddable":true,"href":"https:\/\/partyinabox.dk\/party\/wp-json\/wp\/v2\/product_tag?post=12158"}],"curies":[{"name":"wp","href":"https:\/\/api.w.org\/{rel}","templated":true}]}}