{"id":112243,"date":"2026-04-29T21:23:56","date_gmt":"2026-04-29T19:23:56","guid":{"rendered":"https:\/\/partyinabox.dk\/party\/vare\/studentervogn-servietter-roed\/"},"modified":"2026-04-30T15:40:45","modified_gmt":"2026-04-30T13:40:45","slug":"studentervogn-servietter-roed","status":"publish","type":"product","link":"https:\/\/partyinabox.dk\/party\/vare\/studentervogn-servietter-roed\/","title":{"rendered":"R\u00f8d studentervogn serviet"},"content":{"rendered":"<p>\u2764\ufe0f Studenterservietter med studentervogn<\/p>\n<p>N\u00e5r huen er i hus, og studentertiden skal fejres, m\u00e5 bordd\u00e6kningen gerne v\u00e6re lige s\u00e5 festlig som dagen \u2764\ufe0f<\/p>\n<p>Disse fine servietter er dekoreret med en klassisk studentervogn, studenterhue, r\u00f8de balloner og sm\u00e5 Dannebrog, der straks leder tankerne hen p\u00e5 vogntur, glade r\u00e5b og en dag fyldt med fejring \u2728<\/p>\n<p>Perfekte til studentergilde, studenterk\u00f8rsel eller en hyggelig fejring efter vognturen &#8211; og ideelle til b\u00e5de kage, snacks, frokost og kolde drikke<\/p>\n<p>Den r\u00f8de farve g\u00f8r det nemt at skabe en gennemf\u00f8rt og klassisk studenterfest, hvor detaljerne spiller og binder bordet smukt sammen<\/p>\n<p>&#8211; 20 stk. studenterservietter i r\u00f8d \u2764\ufe0f<br \/>\n&#8211; St\u00f8rrelse: 33 x 33 cm (udfoldet)<br \/>\n&#8211; Motiv med studentervogn, studenterhue, flag og balloner<br \/>\n&#8211; Perfekte til studentergilde, reception og fejring \u2728<\/p>\n","protected":false},"excerpt":{"rendered":"<p>\u2764\ufe0f Studenterservietter med studentervogn N\u00e5r huen er i hus, og studentertiden skal fejres, m\u00e5 bordd\u00e6kningen gerne v\u00e6re lige s\u00e5 festlig som dagen \u2764\ufe0f Disse fine servietter er dekoreret med en klassisk studentervogn, studenterhue, r\u00f8de balloner og sm\u00e5 Dannebrog, der straks [&hellip;]<\/p>\n","protected":false},"featured_media":112244,"template":"","meta":{"_acf_changed":false},"product_brand":[],"product_cat":[32],"product_tag":[],"class_list":{"0":"post-112243","1":"product","2":"type-product","3":"status-publish","4":"has-post-thumbnail","6":"product_cat-service","7":"pa_item-color-roed","8":"pa_item-group-bordservice","9":"pa_item-subgroup-servietter","10":"pa_pakken-indeholder-20-stk-frokostservietter","11":"pa_tema_tax-occasions","12":"pa_under-tema-student","14":"first","15":"instock","16":"taxable","17":"shipping-taxable","18":"purchasable","19":"product-type-simple"},"bundled_by":[],"bundle_stock_status":"instock","bundle_stock_quantity":354,"bundle_virtual":false,"bundle_layout":"","bundle_add_to_cart_form_location":"","bundle_editable_in_cart":false,"bundle_sold_individually_context":"","bundle_item_grouping":"","bundle_min_size":"","bundle_max_size":"","bundle_price":[],"bundled_items":[],"bundle_sell_ids":[],"acf":[],"tiered_pricing_type":"fixed","tiered_pricing_fixed_rules":[],"tiered_pricing_product_settings":{"layout":"default","base_unit_name":{"singular":null,"plural":null},"default_variation":null},"tiered_pricing_minimum_quantity":null,"tiered_pricing_roles_data":[],"tiered_pricing_percentage_rules":[],"tiered_pricing_maximum_quantity":null,"tiered_pricing_quantity_step":null,"_links":{"self":[{"href":"https:\/\/partyinabox.dk\/party\/wp-json\/wp\/v2\/product\/112243","targetHints":{"allow":["GET"]}}],"collection":[{"href":"https:\/\/partyinabox.dk\/party\/wp-json\/wp\/v2\/product"}],"about":[{"href":"https:\/\/partyinabox.dk\/party\/wp-json\/wp\/v2\/types\/product"}],"wp:featuredmedia":[{"embeddable":true,"href":"https:\/\/partyinabox.dk\/party\/wp-json\/wp\/v2\/media\/112244"}],"wp:attachment":[{"href":"https:\/\/partyinabox.dk\/party\/wp-json\/wp\/v2\/media?parent=112243"}],"wp:term":[{"taxonomy":"product_brand","embeddable":true,"href":"https:\/\/partyinabox.dk\/party\/wp-json\/wp\/v2\/product_brand?post=112243"},{"taxonomy":"product_cat","embeddable":true,"href":"https:\/\/partyinabox.dk\/party\/wp-json\/wp\/v2\/product_cat?post=112243"},{"taxonomy":"product_tag","embeddable":true,"href":"https:\/\/partyinabox.dk\/party\/wp-json\/wp\/v2\/product_tag?post=112243"}],"curies":[{"name":"wp","href":"https:\/\/api.w.org\/{rel}","templated":true}]}}