{"id":112241,"date":"2026-04-29T21:23:56","date_gmt":"2026-04-29T19:23:56","guid":{"rendered":"https:\/\/partyinabox.dk\/party\/vare\/tillykke-student-servietter-roed\/"},"modified":"2026-04-30T15:38:15","modified_gmt":"2026-04-30T13:38:15","slug":"tillykke-student-servietter-roed","status":"publish","type":"product","link":"https:\/\/partyinabox.dk\/party\/vare\/tillykke-student-servietter-roed\/","title":{"rendered":"R\u00f8d &#8220;tillykke&#8221; studenterhue serviet"},"content":{"rendered":"<p>\u2764\ufe0f Studenterservietter med r\u00f8d hue<\/p>\n<p>G\u00f8r bordd\u00e6kningen ekstra festlig med disse fine studenterservietter med r\u00f8d hue \u2764\ufe0f<\/p>\n<p>Servietterne er dekoreret med den klassiske r\u00f8de studenterhue, teksten \u201cTillykke\u201d og et lille dansk flag, som straks skaber den helt rigtige studenter stemning og markerer den store milep\u00e6l \u2728<\/p>\n<p>De er perfekte til studentergilde, reception, kaffebord eller kagebord \u2013 og g\u00f8r det nemt at samle din bordd\u00e6kning i et gennemf\u00f8rt r\u00f8dt tema uden besv\u00e6r<\/p>\n<p>Brug dem sammen med matchende pynt for et festligt og stilrent udtryk, hvor detaljerne virkelig spiller og g\u00f8r dagen endnu mere s\u00e6rlig<\/p>\n<p>&#8211; 20 stk. studenterservietter med r\u00f8d hue \u2764\ufe0f<br \/>\n&#8211; St\u00f8rrelse: 33 x 33 cm (udfoldet)<br \/>\n&#8211; Dekoreret med studenterhue, \u201cTillykke\u201d og dansk flag<br \/>\n&#8211; Perfekte til studentergilde, reception og fejring \u2728<\/p>\n","protected":false},"excerpt":{"rendered":"<p>\u2764\ufe0f Studenterservietter med r\u00f8d hue G\u00f8r bordd\u00e6kningen ekstra festlig med disse fine studenterservietter med r\u00f8d hue \u2764\ufe0f Servietterne er dekoreret med den klassiske r\u00f8de studenterhue, teksten \u201cTillykke\u201d og et lille dansk flag, som straks skaber den helt rigtige studenter stemning [&hellip;]<\/p>\n","protected":false},"featured_media":112242,"template":"","meta":{"_acf_changed":false},"product_brand":[],"product_cat":[32],"product_tag":[],"class_list":{"0":"post-112241","1":"product","2":"type-product","3":"status-publish","4":"has-post-thumbnail","6":"product_cat-service","7":"pa_item-color-roed","8":"pa_item-group-bordservice","9":"pa_item-subgroup-servietter","10":"pa_pakken-indeholder-20-stk-frokostservietter","11":"pa_tema_tax-occasions","12":"pa_under-tema-student","14":"first","15":"instock","16":"taxable","17":"shipping-taxable","18":"purchasable","19":"product-type-simple"},"bundled_by":[],"bundle_stock_status":"instock","bundle_stock_quantity":287,"bundle_virtual":false,"bundle_layout":"","bundle_add_to_cart_form_location":"","bundle_editable_in_cart":false,"bundle_sold_individually_context":"","bundle_item_grouping":"","bundle_min_size":"","bundle_max_size":"","bundle_price":[],"bundled_items":[],"bundle_sell_ids":[],"acf":[],"tiered_pricing_type":"fixed","tiered_pricing_fixed_rules":[],"tiered_pricing_product_settings":{"layout":"default","base_unit_name":{"singular":null,"plural":null},"default_variation":null},"tiered_pricing_minimum_quantity":null,"tiered_pricing_roles_data":[],"tiered_pricing_percentage_rules":[],"tiered_pricing_maximum_quantity":null,"tiered_pricing_quantity_step":null,"_links":{"self":[{"href":"https:\/\/partyinabox.dk\/party\/wp-json\/wp\/v2\/product\/112241","targetHints":{"allow":["GET"]}}],"collection":[{"href":"https:\/\/partyinabox.dk\/party\/wp-json\/wp\/v2\/product"}],"about":[{"href":"https:\/\/partyinabox.dk\/party\/wp-json\/wp\/v2\/types\/product"}],"wp:featuredmedia":[{"embeddable":true,"href":"https:\/\/partyinabox.dk\/party\/wp-json\/wp\/v2\/media\/112242"}],"wp:attachment":[{"href":"https:\/\/partyinabox.dk\/party\/wp-json\/wp\/v2\/media?parent=112241"}],"wp:term":[{"taxonomy":"product_brand","embeddable":true,"href":"https:\/\/partyinabox.dk\/party\/wp-json\/wp\/v2\/product_brand?post=112241"},{"taxonomy":"product_cat","embeddable":true,"href":"https:\/\/partyinabox.dk\/party\/wp-json\/wp\/v2\/product_cat?post=112241"},{"taxonomy":"product_tag","embeddable":true,"href":"https:\/\/partyinabox.dk\/party\/wp-json\/wp\/v2\/product_tag?post=112241"}],"curies":[{"name":"wp","href":"https:\/\/api.w.org\/{rel}","templated":true}]}}