{"id":111734,"date":"2026-04-24T09:44:09","date_gmt":"2026-04-24T07:44:09","guid":{"rendered":"https:\/\/partyinabox.dk\/party\/vare\/silkepapirsblomster-lyseroed-fersken\/"},"modified":"2026-04-28T15:31:01","modified_gmt":"2026-04-28T13:31:01","slug":"silkepapirsblomster-lyseroed-fersken","status":"publish","type":"product","link":"https:\/\/partyinabox.dk\/party\/vare\/silkepapirsblomster-lyseroed-fersken\/","title":{"rendered":"Lyser\u00f8d\/Fersken silkepapirs blomster"},"content":{"rendered":"<p>Skab en romantisk og elegant v\u00e6gdekoration med disse bl\u00f8de silkepapirsblomster i lyser\u00f8d og fersken. De h\u00e5ndlavede blomster tilf\u00f8jer \u00f8jeblikkeligt varme og elegance til enhver fest.<\/p>\n<p>De fem blomster kommer i forskellige st\u00f8rrelser &#8211; to store, \u00e9n mellem og to sm\u00e5 &#8211; giver en dynamisk og levende v\u00e6gdekoration. Hver blomst m\u00e5ler mellem 25,5-32,5 cm og er nem at folde ud til smukke, fyldige dekorationer.<\/p>\n<p>Brug blomsterne som v\u00e6gpynt eller saml dem i en dekorativ gruppe p\u00e5 festbordet. <i>Tip: Kombiner blomsterne i forskellige h\u00f8jder for at skabe dybde i din dekoration.<\/i><\/p>\n<p>&#8211; Indhold: 5 stk.<br \/>\n&#8211; M\u00e5l: 25,5-32,5 cm<\/p>\n","protected":false},"excerpt":{"rendered":"<p>Skab en romantisk og elegant v\u00e6gdekoration med disse bl\u00f8de silkepapirsblomster i lyser\u00f8d og fersken. De h\u00e5ndlavede blomster tilf\u00f8jer \u00f8jeblikkeligt varme og elegance til enhver fest. De fem blomster kommer i forskellige st\u00f8rrelser &#8211; to store, \u00e9n mellem og to sm\u00e5 [&hellip;]<\/p>\n","protected":false},"featured_media":111735,"template":"","meta":{"_acf_changed":false},"product_brand":[],"product_cat":[19,34],"product_tag":[],"class_list":{"0":"post-111734","1":"product","2":"type-product","3":"status-publish","4":"has-post-thumbnail","6":"product_cat-pynt","7":"product_cat-accessories","8":"pa_item-color-lyseroed","9":"pa_item-color-orange","10":"pa_item-group-vaegdekoration","11":"pa_item-subgroup-vaegopsats","12":"pa_pakken-indeholder-5-stk-papirblomster","13":"pa_tema_tax-generic","14":"pa_under-tema-generic","16":"first","17":"instock","18":"taxable","19":"shipping-taxable","20":"purchasable","21":"product-type-simple"},"bundled_by":[],"bundle_stock_status":"instock","bundle_stock_quantity":74,"bundle_virtual":false,"bundle_layout":"","bundle_add_to_cart_form_location":"","bundle_editable_in_cart":false,"bundle_sold_individually_context":"","bundle_item_grouping":"","bundle_min_size":"","bundle_max_size":"","bundle_price":[],"bundled_items":[],"bundle_sell_ids":[],"acf":[],"tiered_pricing_type":"fixed","tiered_pricing_fixed_rules":[],"tiered_pricing_product_settings":{"layout":"default","base_unit_name":{"singular":null,"plural":null},"default_variation":null},"tiered_pricing_minimum_quantity":null,"tiered_pricing_roles_data":[],"tiered_pricing_percentage_rules":[],"tiered_pricing_maximum_quantity":null,"tiered_pricing_quantity_step":null,"_links":{"self":[{"href":"https:\/\/partyinabox.dk\/party\/wp-json\/wp\/v2\/product\/111734","targetHints":{"allow":["GET"]}}],"collection":[{"href":"https:\/\/partyinabox.dk\/party\/wp-json\/wp\/v2\/product"}],"about":[{"href":"https:\/\/partyinabox.dk\/party\/wp-json\/wp\/v2\/types\/product"}],"wp:featuredmedia":[{"embeddable":true,"href":"https:\/\/partyinabox.dk\/party\/wp-json\/wp\/v2\/media\/111735"}],"wp:attachment":[{"href":"https:\/\/partyinabox.dk\/party\/wp-json\/wp\/v2\/media?parent=111734"}],"wp:term":[{"taxonomy":"product_brand","embeddable":true,"href":"https:\/\/partyinabox.dk\/party\/wp-json\/wp\/v2\/product_brand?post=111734"},{"taxonomy":"product_cat","embeddable":true,"href":"https:\/\/partyinabox.dk\/party\/wp-json\/wp\/v2\/product_cat?post=111734"},{"taxonomy":"product_tag","embeddable":true,"href":"https:\/\/partyinabox.dk\/party\/wp-json\/wp\/v2\/product_tag?post=111734"}],"curies":[{"name":"wp","href":"https:\/\/api.w.org\/{rel}","templated":true}]}}