{"id":111473,"date":"2026-04-21T14:49:55","date_gmt":"2026-04-21T12:49:55","guid":{"rendered":"https:\/\/partyinabox.dk\/party\/vare\/dannebrog-gaveposer\/"},"modified":"2026-04-29T23:19:46","modified_gmt":"2026-04-29T21:19:46","slug":"dannebrog-gaveposer","status":"publish","type":"product","link":"https:\/\/partyinabox.dk\/party\/vare\/dannebrog-gaveposer\/","title":{"rendered":"Hvid gavepose m\/dannebrog"},"content":{"rendered":"<p>G\u00f8r din gave ekstra festlig med disse stemningsfulde gaveposer i dansk design. De hvide poser med r\u00f8de flag-guirlander og hvid snor skaber den perfekte ramme om enhver gave til f\u00f8dselsdage, jubil\u00e6er og andre festlige stunder.<\/p>\n<p>De rummelige poser er fremstillet af FSC-certificeret papir, s\u00e5 du kan pakke gaver ind med god samvittighed. Det klassiske danske design med flag-guirlander giver et stilfuldt udtryk til enhver fejring.<\/p>\n<p>Indhold: 2 stk. \/ M\u00e5l: 22,5 x 18 x 10,5 cm<\/p>\n","protected":false},"excerpt":{"rendered":"<p>G\u00f8r din gave ekstra festlig med disse stemningsfulde gaveposer i dansk design. De hvide poser med r\u00f8de flag-guirlander og hvid snor skaber den perfekte ramme om enhver gave til f\u00f8dselsdage, jubil\u00e6er og andre festlige stunder. De rummelige poser er fremstillet [&hellip;]<\/p>\n","protected":false},"featured_media":111474,"template":"","meta":{"_acf_changed":false},"product_brand":[],"product_cat":[34],"product_tag":[],"class_list":{"0":"post-111473","1":"product","2":"type-product","3":"status-publish","4":"has-post-thumbnail","6":"product_cat-accessories","7":"pa_item-color-roed","8":"pa_item-color-hvid","9":"pa_item-group-festtilbehoer","10":"pa_item-subgroup-poser-goodiebags","11":"pa_pakken-indeholder-2-stk-gaveposer","12":"pa_tema_tax-countries","13":"pa_under-tema-denmark","15":"first","16":"instock","17":"taxable","18":"shipping-taxable","19":"purchasable","20":"product-type-simple"},"bundled_by":[],"bundle_stock_status":"instock","bundle_stock_quantity":93,"bundle_virtual":false,"bundle_layout":"","bundle_add_to_cart_form_location":"","bundle_editable_in_cart":false,"bundle_sold_individually_context":"","bundle_item_grouping":"","bundle_min_size":"","bundle_max_size":"","bundle_price":[],"bundled_items":[],"bundle_sell_ids":[],"acf":[],"tiered_pricing_type":"fixed","tiered_pricing_fixed_rules":[],"tiered_pricing_product_settings":{"layout":"default","base_unit_name":{"singular":null,"plural":null},"default_variation":null},"tiered_pricing_minimum_quantity":null,"tiered_pricing_roles_data":[],"tiered_pricing_percentage_rules":[],"tiered_pricing_maximum_quantity":null,"tiered_pricing_quantity_step":null,"_links":{"self":[{"href":"https:\/\/partyinabox.dk\/party\/wp-json\/wp\/v2\/product\/111473","targetHints":{"allow":["GET"]}}],"collection":[{"href":"https:\/\/partyinabox.dk\/party\/wp-json\/wp\/v2\/product"}],"about":[{"href":"https:\/\/partyinabox.dk\/party\/wp-json\/wp\/v2\/types\/product"}],"wp:featuredmedia":[{"embeddable":true,"href":"https:\/\/partyinabox.dk\/party\/wp-json\/wp\/v2\/media\/111474"}],"wp:attachment":[{"href":"https:\/\/partyinabox.dk\/party\/wp-json\/wp\/v2\/media?parent=111473"}],"wp:term":[{"taxonomy":"product_brand","embeddable":true,"href":"https:\/\/partyinabox.dk\/party\/wp-json\/wp\/v2\/product_brand?post=111473"},{"taxonomy":"product_cat","embeddable":true,"href":"https:\/\/partyinabox.dk\/party\/wp-json\/wp\/v2\/product_cat?post=111473"},{"taxonomy":"product_tag","embeddable":true,"href":"https:\/\/partyinabox.dk\/party\/wp-json\/wp\/v2\/product_tag?post=111473"}],"curies":[{"name":"wp","href":"https:\/\/api.w.org\/{rel}","templated":true}]}}