{"id":111471,"date":"2026-04-21T14:49:55","date_gmt":"2026-04-21T12:49:55","guid":{"rendered":"https:\/\/partyinabox.dk\/party\/vare\/dannebrog-gavepapir\/"},"modified":"2026-04-30T21:49:47","modified_gmt":"2026-04-30T19:49:47","slug":"dannebrog-gavepapir","status":"publish","type":"product","link":"https:\/\/partyinabox.dk\/party\/vare\/dannebrog-gavepapir\/","title":{"rendered":"Hvid gavepapir m\/dannebrog flag"},"content":{"rendered":"<p>G\u00f8r dine gaver danske med stilrent gavepapir i klassiske farver. Dannebrog-motivet med r\u00f8de flag og prikker p\u00e5 hvid baggrund skaber en \u00e6gte festlig stemning til enhver anledning.<\/p>\n<p>Dette FSC\u00ae-certificerede LWC-papir giver dig god kvalitet til indpakningen. De r\u00f8de flag danner et smukt m\u00f8nster, der passer til b\u00e5de store og sm\u00e5 gaver.<\/p>\n<p><i>Tip: Brug gavepapiret til f\u00f8dselsdage, konfirmationer, studentergilder og nationale m\u00e6rkedage.<\/i><\/p>\n<p>Indhold: 1 rulle \/ M\u00e5l: 70 cm x 3 meter<\/p>\n","protected":false},"excerpt":{"rendered":"<p>G\u00f8r dine gaver danske med stilrent gavepapir i klassiske farver. Dannebrog-motivet med r\u00f8de flag og prikker p\u00e5 hvid baggrund skaber en \u00e6gte festlig stemning til enhver anledning. Dette FSC\u00ae-certificerede LWC-papir giver dig god kvalitet til indpakningen. De r\u00f8de flag danner [&hellip;]<\/p>\n","protected":false},"featured_media":111472,"template":"","meta":{"_acf_changed":false},"product_brand":[],"product_cat":[15],"product_tag":[],"class_list":{"0":"post-111471","1":"product","2":"type-product","3":"status-publish","4":"has-post-thumbnail","6":"product_cat-ukategoriseret","7":"pa_item-color-hvid","8":"pa_item-color-roed","9":"pa_item-group-stof-diy","10":"pa_item-subgroup-gavetilbehoer","11":"pa_pakken-indeholder-gavepapir","12":"pa_tema_tax-countries","13":"pa_under-tema-denmark","15":"first","16":"instock","17":"taxable","18":"shipping-taxable","19":"purchasable","20":"product-type-simple"},"bundled_by":[],"bundle_stock_status":"instock","bundle_stock_quantity":96,"bundle_virtual":false,"bundle_layout":"","bundle_add_to_cart_form_location":"","bundle_editable_in_cart":false,"bundle_sold_individually_context":"","bundle_item_grouping":"","bundle_min_size":"","bundle_max_size":"","bundle_price":[],"bundled_items":[],"bundle_sell_ids":[],"acf":[],"tiered_pricing_type":"fixed","tiered_pricing_fixed_rules":[],"tiered_pricing_product_settings":{"layout":"default","base_unit_name":{"singular":null,"plural":null},"default_variation":null},"tiered_pricing_minimum_quantity":null,"tiered_pricing_roles_data":[],"tiered_pricing_percentage_rules":[],"tiered_pricing_maximum_quantity":null,"tiered_pricing_quantity_step":null,"_links":{"self":[{"href":"https:\/\/partyinabox.dk\/party\/wp-json\/wp\/v2\/product\/111471","targetHints":{"allow":["GET"]}}],"collection":[{"href":"https:\/\/partyinabox.dk\/party\/wp-json\/wp\/v2\/product"}],"about":[{"href":"https:\/\/partyinabox.dk\/party\/wp-json\/wp\/v2\/types\/product"}],"wp:featuredmedia":[{"embeddable":true,"href":"https:\/\/partyinabox.dk\/party\/wp-json\/wp\/v2\/media\/111472"}],"wp:attachment":[{"href":"https:\/\/partyinabox.dk\/party\/wp-json\/wp\/v2\/media?parent=111471"}],"wp:term":[{"taxonomy":"product_brand","embeddable":true,"href":"https:\/\/partyinabox.dk\/party\/wp-json\/wp\/v2\/product_brand?post=111471"},{"taxonomy":"product_cat","embeddable":true,"href":"https:\/\/partyinabox.dk\/party\/wp-json\/wp\/v2\/product_cat?post=111471"},{"taxonomy":"product_tag","embeddable":true,"href":"https:\/\/partyinabox.dk\/party\/wp-json\/wp\/v2\/product_tag?post=111471"}],"curies":[{"name":"wp","href":"https:\/\/api.w.org\/{rel}","templated":true}]}}