{"id":111458,"date":"2026-04-21T14:49:55","date_gmt":"2026-04-21T12:49:55","guid":{"rendered":"https:\/\/partyinabox.dk\/party\/vare\/dannebrog-papirsugeroer\/"},"modified":"2026-04-30T20:15:42","modified_gmt":"2026-04-30T18:15:42","slug":"dannebrog-papirsugeroer","status":"publish","type":"product","link":"https:\/\/partyinabox.dk\/party\/vare\/dannebrog-papirsugeroer\/","title":{"rendered":"Suger\u00f8r m\/dannebrog"},"content":{"rendered":"<p>G\u00f8r din danske fest ekstra festlig med disse r\u00f8d-hvide papirsuger\u00f8r i Dannebrogs farver. De milj\u00f8venlige suger\u00f8r passer perfekt til alle nationale festligheder og hyggelige sammenkomster.<\/p>\n<p>De holdbare suger\u00f8r er fremstillet af f pap og har et flot stribet design i r\u00f8d og hvid. Med en l\u00e6ngde p\u00e5 20 cm er de velegnede til b\u00e5de kolde og varme drikke.<\/p>\n<p>Brug suger\u00f8rene til alt fra f\u00f8dselsdage og konfirmationer til sportsarrangementer, hvor den danske stemning skal frem.<\/p>\n<p>Indhold: 10 stk. \/ M\u00e5l: 20 cm<\/p>\n","protected":false},"excerpt":{"rendered":"<p>G\u00f8r din danske fest ekstra festlig med disse r\u00f8d-hvide papirsuger\u00f8r i Dannebrogs farver. De milj\u00f8venlige suger\u00f8r passer perfekt til alle nationale festligheder og hyggelige sammenkomster. De holdbare suger\u00f8r er fremstillet af f pap og har et flot stribet design i [&hellip;]<\/p>\n","protected":false},"featured_media":111459,"template":"","meta":{"_acf_changed":false},"product_brand":[],"product_cat":[32],"product_tag":[],"class_list":{"0":"post-111458","1":"product","2":"type-product","3":"status-publish","4":"has-post-thumbnail","6":"product_cat-service","7":"pa_item-color-hvid","8":"pa_item-color-roed","9":"pa_item-group-bordservice","10":"pa_item-subgroup-sugeroer","11":"pa_pakken-indeholder-10-stk-papirsugeroer","12":"pa_tema_tax-countries","13":"pa_under-tema-denmark","15":"first","16":"instock","17":"taxable","18":"shipping-taxable","19":"purchasable","20":"product-type-simple"},"bundled_by":[],"bundle_stock_status":"instock","bundle_stock_quantity":88,"bundle_virtual":false,"bundle_layout":"","bundle_add_to_cart_form_location":"","bundle_editable_in_cart":false,"bundle_sold_individually_context":"","bundle_item_grouping":"","bundle_min_size":"","bundle_max_size":"","bundle_price":[],"bundled_items":[],"bundle_sell_ids":[],"acf":[],"tiered_pricing_type":"fixed","tiered_pricing_fixed_rules":[],"tiered_pricing_product_settings":{"layout":"default","base_unit_name":{"singular":null,"plural":null},"default_variation":null},"tiered_pricing_minimum_quantity":null,"tiered_pricing_roles_data":[],"tiered_pricing_percentage_rules":[],"tiered_pricing_maximum_quantity":null,"tiered_pricing_quantity_step":null,"_links":{"self":[{"href":"https:\/\/partyinabox.dk\/party\/wp-json\/wp\/v2\/product\/111458","targetHints":{"allow":["GET"]}}],"collection":[{"href":"https:\/\/partyinabox.dk\/party\/wp-json\/wp\/v2\/product"}],"about":[{"href":"https:\/\/partyinabox.dk\/party\/wp-json\/wp\/v2\/types\/product"}],"wp:featuredmedia":[{"embeddable":true,"href":"https:\/\/partyinabox.dk\/party\/wp-json\/wp\/v2\/media\/111459"}],"wp:attachment":[{"href":"https:\/\/partyinabox.dk\/party\/wp-json\/wp\/v2\/media?parent=111458"}],"wp:term":[{"taxonomy":"product_brand","embeddable":true,"href":"https:\/\/partyinabox.dk\/party\/wp-json\/wp\/v2\/product_brand?post=111458"},{"taxonomy":"product_cat","embeddable":true,"href":"https:\/\/partyinabox.dk\/party\/wp-json\/wp\/v2\/product_cat?post=111458"},{"taxonomy":"product_tag","embeddable":true,"href":"https:\/\/partyinabox.dk\/party\/wp-json\/wp\/v2\/product_tag?post=111458"}],"curies":[{"name":"wp","href":"https:\/\/api.w.org\/{rel}","templated":true}]}}