{"id":111450,"date":"2026-04-21T14:49:55","date_gmt":"2026-04-21T12:49:55","guid":{"rendered":"https:\/\/partyinabox.dk\/party\/vare\/dannebrog-bordflag\/"},"modified":"2026-04-25T14:05:10","modified_gmt":"2026-04-25T12:05:10","slug":"dannebrog-bordflag","status":"publish","type":"product","link":"https:\/\/partyinabox.dk\/party\/vare\/dannebrog-bordflag\/","title":{"rendered":"Dannebrog bordflag m\/plast pind"},"content":{"rendered":"<p>Skab den \u00e6gte danske stemning med stilfulde bordflag i Dannebrogs klassiske farver. De sm\u00e5 flag p\u00e5 fod pynter smukt p\u00e5 festbordet og giver enhver fejring det perfekte nationale pr\u00e6g.<\/p>\n<p>Flagene er monteret p\u00e5 stabile hvide plastik f\u00f8dder, der sikrer, at de st\u00e5r flot og rank p\u00e5 bordet. Med den behagelige h\u00f8jde p\u00e5 15 cm er de ideelle til b\u00e5de f\u00f8dselsdage, sportsarrangementer og nationale m\u00e6rkedage.<\/p>\n<p><i>Tip: Placer flagene symmetrisk p\u00e5 bordet eller brug dem som fine bordkort ved hver kuvert.<\/i><\/p>\n<p>Indhold: 6 stk. \/ M\u00e5l: 15 cm h\u00f8je<\/p>\n","protected":false},"excerpt":{"rendered":"<p>Skab den \u00e6gte danske stemning med stilfulde bordflag i Dannebrogs klassiske farver. De sm\u00e5 flag p\u00e5 fod pynter smukt p\u00e5 festbordet og giver enhver fejring det perfekte nationale pr\u00e6g. Flagene er monteret p\u00e5 stabile hvide plastik f\u00f8dder, der sikrer, at [&hellip;]<\/p>\n","protected":false},"featured_media":111451,"template":"","meta":{"_acf_changed":false},"product_brand":[],"product_cat":[32],"product_tag":[],"class_list":{"0":"post-111450","1":"product","2":"type-product","3":"status-publish","4":"has-post-thumbnail","6":"product_cat-service","7":"pa_item-color-hvid","8":"pa_item-color-roed","9":"pa_item-group-dekoration","10":"pa_item-subgroup-flag","11":"pa_pakken-indeholder-6-stk-flag-paa-fod","12":"pa_tema_tax-countries","13":"pa_under-tema-denmark","15":"first","16":"instock","17":"taxable","18":"shipping-taxable","19":"purchasable","20":"product-type-simple"},"bundled_by":[],"bundle_stock_status":"instock","bundle_stock_quantity":245,"bundle_virtual":false,"bundle_layout":"","bundle_add_to_cart_form_location":"","bundle_editable_in_cart":false,"bundle_sold_individually_context":"","bundle_item_grouping":"","bundle_min_size":"","bundle_max_size":"","bundle_price":[],"bundled_items":[],"bundle_sell_ids":[],"acf":[],"tiered_pricing_type":"fixed","tiered_pricing_fixed_rules":[],"tiered_pricing_product_settings":{"layout":"default","base_unit_name":{"singular":null,"plural":null},"default_variation":null},"tiered_pricing_minimum_quantity":null,"tiered_pricing_roles_data":[],"tiered_pricing_percentage_rules":[],"tiered_pricing_maximum_quantity":null,"tiered_pricing_quantity_step":null,"_links":{"self":[{"href":"https:\/\/partyinabox.dk\/party\/wp-json\/wp\/v2\/product\/111450","targetHints":{"allow":["GET"]}}],"collection":[{"href":"https:\/\/partyinabox.dk\/party\/wp-json\/wp\/v2\/product"}],"about":[{"href":"https:\/\/partyinabox.dk\/party\/wp-json\/wp\/v2\/types\/product"}],"wp:featuredmedia":[{"embeddable":true,"href":"https:\/\/partyinabox.dk\/party\/wp-json\/wp\/v2\/media\/111451"}],"wp:attachment":[{"href":"https:\/\/partyinabox.dk\/party\/wp-json\/wp\/v2\/media?parent=111450"}],"wp:term":[{"taxonomy":"product_brand","embeddable":true,"href":"https:\/\/partyinabox.dk\/party\/wp-json\/wp\/v2\/product_brand?post=111450"},{"taxonomy":"product_cat","embeddable":true,"href":"https:\/\/partyinabox.dk\/party\/wp-json\/wp\/v2\/product_cat?post=111450"},{"taxonomy":"product_tag","embeddable":true,"href":"https:\/\/partyinabox.dk\/party\/wp-json\/wp\/v2\/product_tag?post=111450"}],"curies":[{"name":"wp","href":"https:\/\/api.w.org\/{rel}","templated":true}]}}