{"id":111437,"date":"2026-04-21T14:14:47","date_gmt":"2026-04-21T12:14:47","guid":{"rendered":"https:\/\/partyinabox.dk\/party\/?post_type=product&#038;p=111437"},"modified":"2026-04-21T14:18:34","modified_gmt":"2026-04-21T12:18:34","slug":"blaa-hue-serpentiner-tillykke-student","status":"publish","type":"product","link":"https:\/\/partyinabox.dk\/party\/vare\/blaa-hue-serpentiner-tillykke-student\/","title":{"rendered":"Bl\u00e5 hue serpentiner &#8220;tillykke student&#8221;"},"content":{"rendered":"<p>Bliver du student i \u00e5r? Er du en af dem der skal have bl\u00e5 hue p\u00e5, da du har afsluttet HHX? S\u00e5 har vi en af must-haves til dig her!<\/p>\n<p>Serpentiner. Du f\u00e5r 2 ruller. Den ene er bl\u00e5 med hvid tekst &#8220;student&#8221; og &#8220;tillykke&#8221;. Den anden er hvid med bl\u00e5 huer og dannebrogs flag.<\/p>\n<p>Spred dem p\u00e5 bordene, p\u00e5 h\u00e6kken i teltet, indend\u00f8rs. De kan faktisk bruges over det hele. MEGA smart, n\u00e5r klassens vogntur kommer forbi dig eller til dit studentergilde.<\/p>\n<p>Indhold: 2 ruller<\/p>\n<p>M\u00e5l: 13 cm<\/p>\n","protected":false},"excerpt":{"rendered":"<p>Bliver du student i \u00e5r? Er du en af dem der skal have bl\u00e5 hue p\u00e5, da du har afsluttet HHX? S\u00e5 har vi en af must-haves til dig her! Serpentiner. Du f\u00e5r 2 ruller. Den ene er bl\u00e5 med [&hellip;]<\/p>\n","protected":false},"featured_media":111438,"template":"","meta":{"_acf_changed":false},"product_brand":[],"product_cat":[32],"product_tag":[],"class_list":{"0":"post-111437","1":"product","2":"type-product","3":"status-publish","4":"has-post-thumbnail","6":"product_cat-service","8":"first","9":"instock","10":"taxable","11":"shipping-taxable","12":"purchasable","13":"product-type-simple"},"bundled_by":[],"bundle_stock_status":"instock","bundle_stock_quantity":134,"bundle_virtual":false,"bundle_layout":"","bundle_add_to_cart_form_location":"","bundle_editable_in_cart":false,"bundle_sold_individually_context":"","bundle_item_grouping":"","bundle_min_size":"","bundle_max_size":"","bundle_price":[],"bundled_items":[],"bundle_sell_ids":[],"acf":[],"tiered_pricing_type":"fixed","tiered_pricing_fixed_rules":[],"tiered_pricing_product_settings":{"layout":"default","base_unit_name":{"singular":null,"plural":null},"default_variation":null},"tiered_pricing_minimum_quantity":null,"tiered_pricing_roles_data":[],"tiered_pricing_percentage_rules":[],"tiered_pricing_maximum_quantity":null,"tiered_pricing_quantity_step":null,"_links":{"self":[{"href":"https:\/\/partyinabox.dk\/party\/wp-json\/wp\/v2\/product\/111437","targetHints":{"allow":["GET"]}}],"collection":[{"href":"https:\/\/partyinabox.dk\/party\/wp-json\/wp\/v2\/product"}],"about":[{"href":"https:\/\/partyinabox.dk\/party\/wp-json\/wp\/v2\/types\/product"}],"wp:featuredmedia":[{"embeddable":true,"href":"https:\/\/partyinabox.dk\/party\/wp-json\/wp\/v2\/media\/111438"}],"wp:attachment":[{"href":"https:\/\/partyinabox.dk\/party\/wp-json\/wp\/v2\/media?parent=111437"}],"wp:term":[{"taxonomy":"product_brand","embeddable":true,"href":"https:\/\/partyinabox.dk\/party\/wp-json\/wp\/v2\/product_brand?post=111437"},{"taxonomy":"product_cat","embeddable":true,"href":"https:\/\/partyinabox.dk\/party\/wp-json\/wp\/v2\/product_cat?post=111437"},{"taxonomy":"product_tag","embeddable":true,"href":"https:\/\/partyinabox.dk\/party\/wp-json\/wp\/v2\/product_tag?post=111437"}],"curies":[{"name":"wp","href":"https:\/\/api.w.org\/{rel}","templated":true}]}}