{"id":111374,"date":"2026-04-21T07:57:25","date_gmt":"2026-04-21T05:57:25","guid":{"rendered":"https:\/\/partyinabox.dk\/party\/vare\/tillykke-ballon-blaa\/"},"modified":"2026-04-25T10:31:27","modified_gmt":"2026-04-25T08:31:27","slug":"tillykke-ballon-blaa","status":"publish","type":"product","link":"https:\/\/partyinabox.dk\/party\/vare\/tillykke-ballon-blaa\/","title":{"rendered":"Bl\u00e5 folie ballon &#8220;tillykke&#8221;"},"content":{"rendered":"<p>Skab festlig stemning til dimissionen, f\u00f8dselsdag eller blot en fejring i bl\u00e5t tema med denne elegante folieballon i dyb bl\u00e5 nuance. Den seje ballon med det klassiske &#8216;Tillykke&#8217; budskab bliver et naturligt midtpunkt i festlighederne.<\/p>\n<p>Den skinnende overflade og den klare bl\u00e5 farve matcher perfekt med studentertraditionerne. Brug ballonen som central dekoration eller kombiner den med andre festlige elementer.<\/p>\n<p>Brug helium for at f\u00e5 ballonen til at sv\u00e6ve. Eller pust den op med alm. luft og s\u00e6t den fast p\u00e5 v\u00e6ggen, vinduer, mm.<\/p>\n<p>Indhold: 1 stk \/ M\u00e5l: 45 cm<\/p>\n","protected":false},"excerpt":{"rendered":"<p>Skab festlig stemning til dimissionen, f\u00f8dselsdag eller blot en fejring i bl\u00e5t tema med denne elegante folieballon i dyb bl\u00e5 nuance. Den seje ballon med det klassiske &#8216;Tillykke&#8217; budskab bliver et naturligt midtpunkt i festlighederne. Den skinnende overflade og den [&hellip;]<\/p>\n","protected":false},"featured_media":111375,"template":"","meta":{"_acf_changed":false},"product_brand":[],"product_cat":[30],"product_tag":[],"class_list":{"0":"post-111374","1":"product","2":"type-product","3":"status-publish","4":"has-post-thumbnail","6":"product_cat-balloner","7":"pa_item-color-blaa","8":"pa_item-group-balloner","9":"pa_item-subgroup-folieballoner","10":"pa_pakken-indeholder-1-stk","11":"pa_tema_tax-occasions","12":"pa_under-tema-congratulation","14":"first","15":"instock","16":"taxable","17":"shipping-taxable","18":"purchasable","19":"product-type-simple"},"bundled_by":[],"bundle_stock_status":"instock","bundle_stock_quantity":15,"bundle_virtual":false,"bundle_layout":"","bundle_add_to_cart_form_location":"","bundle_editable_in_cart":false,"bundle_sold_individually_context":"","bundle_item_grouping":"","bundle_min_size":"","bundle_max_size":"","bundle_price":[],"bundled_items":[],"bundle_sell_ids":[],"acf":[],"tiered_pricing_type":"fixed","tiered_pricing_fixed_rules":[],"tiered_pricing_product_settings":{"layout":"default","base_unit_name":{"singular":null,"plural":null},"default_variation":null},"tiered_pricing_minimum_quantity":null,"tiered_pricing_roles_data":[],"tiered_pricing_percentage_rules":[],"tiered_pricing_maximum_quantity":null,"tiered_pricing_quantity_step":null,"_links":{"self":[{"href":"https:\/\/partyinabox.dk\/party\/wp-json\/wp\/v2\/product\/111374","targetHints":{"allow":["GET"]}}],"collection":[{"href":"https:\/\/partyinabox.dk\/party\/wp-json\/wp\/v2\/product"}],"about":[{"href":"https:\/\/partyinabox.dk\/party\/wp-json\/wp\/v2\/types\/product"}],"wp:featuredmedia":[{"embeddable":true,"href":"https:\/\/partyinabox.dk\/party\/wp-json\/wp\/v2\/media\/111375"}],"wp:attachment":[{"href":"https:\/\/partyinabox.dk\/party\/wp-json\/wp\/v2\/media?parent=111374"}],"wp:term":[{"taxonomy":"product_brand","embeddable":true,"href":"https:\/\/partyinabox.dk\/party\/wp-json\/wp\/v2\/product_brand?post=111374"},{"taxonomy":"product_cat","embeddable":true,"href":"https:\/\/partyinabox.dk\/party\/wp-json\/wp\/v2\/product_cat?post=111374"},{"taxonomy":"product_tag","embeddable":true,"href":"https:\/\/partyinabox.dk\/party\/wp-json\/wp\/v2\/product_tag?post=111374"}],"curies":[{"name":"wp","href":"https:\/\/api.w.org\/{rel}","templated":true}]}}