{"id":110984,"date":"2026-04-16T14:49:26","date_gmt":"2026-04-16T12:49:26","guid":{"rendered":"https:\/\/partyinabox.dk\/party\/vare\/studenter-servietter-blaa\/"},"modified":"2026-04-25T11:24:15","modified_gmt":"2026-04-25T09:24:15","slug":"studenter-servietter-blaa","status":"publish","type":"product","link":"https:\/\/partyinabox.dk\/party\/vare\/studenter-servietter-blaa\/","title":{"rendered":"Student serviet m\/bl\u00e5 hue og flag"},"content":{"rendered":"<p>G\u00f8r studenterfesten ekstra festlig med elegante servietter i bl\u00e5 fyldt med dannebrog og bl\u00e5 studenterhuer. Disse servietter skaber den perfekte stemning ved studentergildet.<\/p>\n<p>De 20 frokostservietter har et stilrent m\u00f8nster af studenterhuer og danske flag p\u00e5 bl\u00e5 baggrund.<\/p>\n<p>Fold servietterne som vifter eller roser for at give bordet et personligt pr\u00e6g. Kombiner gerne med ensfarvede servietter i bl\u00e5 eller s\u00f8lv nuancer for et harmonisk udtryk.<\/p>\n<p>Perfekt til studenterk\u00f8rsel eller studentergilde<\/p>\n<p>Indhold: 20 stk. \/ M\u00e5l: 33 x 33 cm (udfoldet), 16,5 x 16,5 cm (foldet)<\/p>\n","protected":false},"excerpt":{"rendered":"<p>G\u00f8r studenterfesten ekstra festlig med elegante servietter i bl\u00e5 fyldt med dannebrog og bl\u00e5 studenterhuer. Disse servietter skaber den perfekte stemning ved studentergildet. De 20 frokostservietter har et stilrent m\u00f8nster af studenterhuer og danske flag p\u00e5 bl\u00e5 baggrund. Fold servietterne [&hellip;]<\/p>\n","protected":false},"featured_media":110985,"template":"","meta":{"_acf_changed":false},"product_brand":[],"product_cat":[32],"product_tag":[],"class_list":{"0":"post-110984","1":"product","2":"type-product","3":"status-publish","4":"has-post-thumbnail","6":"product_cat-service","7":"pa_item-color-blaa","8":"pa_item-group-bordservice","9":"pa_item-subgroup-servietter","10":"pa_pakken-indeholder-20-stk-frokostservietter","11":"pa_tema_tax-occasions","12":"pa_under-tema-student","14":"first","15":"instock","16":"taxable","17":"shipping-taxable","18":"purchasable","19":"product-type-simple"},"bundled_by":[],"bundle_stock_status":"instock","bundle_stock_quantity":925,"bundle_virtual":false,"bundle_layout":"","bundle_add_to_cart_form_location":"","bundle_editable_in_cart":false,"bundle_sold_individually_context":"","bundle_item_grouping":"","bundle_min_size":"","bundle_max_size":"","bundle_price":[],"bundled_items":[],"bundle_sell_ids":[],"acf":[],"tiered_pricing_type":"fixed","tiered_pricing_fixed_rules":[],"tiered_pricing_product_settings":{"layout":"default","base_unit_name":{"singular":null,"plural":null},"default_variation":null},"tiered_pricing_minimum_quantity":null,"tiered_pricing_roles_data":[],"tiered_pricing_percentage_rules":[],"tiered_pricing_maximum_quantity":null,"tiered_pricing_quantity_step":null,"_links":{"self":[{"href":"https:\/\/partyinabox.dk\/party\/wp-json\/wp\/v2\/product\/110984","targetHints":{"allow":["GET"]}}],"collection":[{"href":"https:\/\/partyinabox.dk\/party\/wp-json\/wp\/v2\/product"}],"about":[{"href":"https:\/\/partyinabox.dk\/party\/wp-json\/wp\/v2\/types\/product"}],"wp:featuredmedia":[{"embeddable":true,"href":"https:\/\/partyinabox.dk\/party\/wp-json\/wp\/v2\/media\/110985"}],"wp:attachment":[{"href":"https:\/\/partyinabox.dk\/party\/wp-json\/wp\/v2\/media?parent=110984"}],"wp:term":[{"taxonomy":"product_brand","embeddable":true,"href":"https:\/\/partyinabox.dk\/party\/wp-json\/wp\/v2\/product_brand?post=110984"},{"taxonomy":"product_cat","embeddable":true,"href":"https:\/\/partyinabox.dk\/party\/wp-json\/wp\/v2\/product_cat?post=110984"},{"taxonomy":"product_tag","embeddable":true,"href":"https:\/\/partyinabox.dk\/party\/wp-json\/wp\/v2\/product_tag?post=110984"}],"curies":[{"name":"wp","href":"https:\/\/api.w.org\/{rel}","templated":true}]}}