{"id":110949,"date":"2026-04-16T00:00:00","date_gmt":"2026-04-15T22:00:00","guid":{"rendered":"https:\/\/partyinabox.dk\/party\/vare\/kunstig-rosebuket-lyseroed\/"},"modified":"2026-04-24T13:04:27","modified_gmt":"2026-04-24T11:04:27","slug":"kunstig-rosebuket-lyseroed","status":"publish","type":"product","link":"https:\/\/partyinabox.dk\/party\/vare\/kunstig-rosebuket-lyseroed\/","title":{"rendered":"Kunstig Rosebuket Lyser\u00f8d"},"content":{"rendered":"<p>Et veld\u00e6kket bord f\u00e5r et blidt udtryk med denne buket af naturtro, lyser\u00f8de roser. Uden behov for vand eller pleje st\u00e5r de skarpt fra g\u00e6sterne ankommer, til festen slutter. De seks roser er bundet i en samlet buket, som g\u00f8r dem lette at placere pr\u00e6cis, hvor du \u00f8nsker dem.<\/p>\n<p>De b\u00f8jelige stilke giver dig frihed til at forme buketten. De lyse farver passer s\u00e6rligt godt til bryllupper, konfirmationer eller et fint babyshower, hvor du \u00f8nsker et gennemf\u00f8rt blomstertema. Du slipper for visne blade p\u00e5 dugen og kan endda gemme blomsterne til n\u00e6ste fejring.<\/p>\n<p>Produktinformation:<\/p>\n<p>&#8211; Farve: Lyser\u00f8d og gr\u00f8n<br \/>\n&#8211; M\u00e5l: 12 cm i diameter, 23 cm h\u00f8j<br \/>\n&#8211; Antal: 6 samlede roser i buket<br \/>\n&#8211; V\u00e6gt: 42 g<\/p>\n<p>S\u00e6t buketten i en lille glasvase midt p\u00e5 bordet, eller brug de enkelte roser til at dekorere en \u00e6resport eller en stor gave. Mix dem ogs\u00e5 sammen med vores andre kunstige blomster. <i>Da blomsterne indeholder jernst\u00e5ltr\u00e5d, b\u00f8r de holdes v\u00e6k fra \u00e5ben ild.<\/i><\/p>\n<p>6 stk. i en pakke<\/p>\n<p>12 x 23 cm<\/p>\n","protected":false},"excerpt":{"rendered":"<p>Et veld\u00e6kket bord f\u00e5r et blidt udtryk med denne buket af naturtro, lyser\u00f8de roser. Uden behov for vand eller pleje st\u00e5r de skarpt fra g\u00e6sterne ankommer, til festen slutter. De seks roser er bundet i en samlet buket, som g\u00f8r [&hellip;]<\/p>\n","protected":false},"featured_media":110950,"template":"","meta":{"_acf_changed":false},"product_brand":[],"product_cat":[19],"product_tag":[],"class_list":{"0":"post-110949","1":"product","2":"type-product","3":"status-publish","4":"has-post-thumbnail","6":"product_cat-pynt","7":"pa_item-color-lyseroed","8":"pa_item-group-stof-diy","9":"pa_item-subgroup-kunstige-blomster","10":"pa_pakken-indeholder-6-stk-kunstige-roser","11":"pa_tema_tax-nature","12":"pa_under-tema-flower","14":"first","15":"instock","16":"taxable","17":"shipping-taxable","18":"purchasable","19":"product-type-simple"},"bundled_by":[],"bundle_stock_status":"instock","bundle_stock_quantity":70,"bundle_virtual":false,"bundle_layout":"","bundle_add_to_cart_form_location":"","bundle_editable_in_cart":false,"bundle_sold_individually_context":"","bundle_item_grouping":"","bundle_min_size":"","bundle_max_size":"","bundle_price":[],"bundled_items":[],"bundle_sell_ids":[],"acf":[],"tiered_pricing_type":"fixed","tiered_pricing_fixed_rules":[],"tiered_pricing_product_settings":{"layout":"default","base_unit_name":{"singular":null,"plural":null},"default_variation":null},"tiered_pricing_minimum_quantity":null,"tiered_pricing_roles_data":[],"tiered_pricing_percentage_rules":[],"tiered_pricing_maximum_quantity":null,"tiered_pricing_quantity_step":null,"_links":{"self":[{"href":"https:\/\/partyinabox.dk\/party\/wp-json\/wp\/v2\/product\/110949","targetHints":{"allow":["GET"]}}],"collection":[{"href":"https:\/\/partyinabox.dk\/party\/wp-json\/wp\/v2\/product"}],"about":[{"href":"https:\/\/partyinabox.dk\/party\/wp-json\/wp\/v2\/types\/product"}],"wp:featuredmedia":[{"embeddable":true,"href":"https:\/\/partyinabox.dk\/party\/wp-json\/wp\/v2\/media\/110950"}],"wp:attachment":[{"href":"https:\/\/partyinabox.dk\/party\/wp-json\/wp\/v2\/media?parent=110949"}],"wp:term":[{"taxonomy":"product_brand","embeddable":true,"href":"https:\/\/partyinabox.dk\/party\/wp-json\/wp\/v2\/product_brand?post=110949"},{"taxonomy":"product_cat","embeddable":true,"href":"https:\/\/partyinabox.dk\/party\/wp-json\/wp\/v2\/product_cat?post=110949"},{"taxonomy":"product_tag","embeddable":true,"href":"https:\/\/partyinabox.dk\/party\/wp-json\/wp\/v2\/product_tag?post=110949"}],"curies":[{"name":"wp","href":"https:\/\/api.w.org\/{rel}","templated":true}]}}