{"id":110863,"date":"2026-04-15T12:17:51","date_gmt":"2026-04-15T10:17:51","guid":{"rendered":"https:\/\/partyinabox.dk\/party\/vare\/paeon-bordpynt-elfenben\/"},"modified":"2026-04-28T03:35:07","modified_gmt":"2026-04-28T01:35:07","slug":"paeon-bordpynt-elfenben","status":"publish","type":"product","link":"https:\/\/partyinabox.dk\/party\/vare\/paeon-bordpynt-elfenben\/","title":{"rendered":"Creme hvid deko p\u00e6on blomst"},"content":{"rendered":"<section class=\"text-token-text-primary w-full focus:outline-none [--shadow-height:45px] has-data-writing-block:pointer-events-none has-data-writing-block:-mt-(--shadow-height) has-data-writing-block:pt-(--shadow-height) [&amp;:has([data-writing-block])&gt;*]:pointer-events-auto scroll-mt-(--header-height)\" dir=\"auto\" data-turn-id=\"185dac03-401b-4dbd-baa2-f117032f80b4\" data-testid=\"conversation-turn-39\" data-scroll-anchor=\"false\" data-turn=\"user\"><\/section>\n<section class=\"text-token-text-primary w-full focus:outline-none [--shadow-height:45px] has-data-writing-block:pointer-events-none has-data-writing-block:-mt-(--shadow-height) has-data-writing-block:pt-(--shadow-height) [&amp;:has([data-writing-block])&gt;*]:pointer-events-auto scroll-mt-[calc(var(--header-height)+min(200px,max(70px,20svh)))]\" dir=\"auto\" data-turn-id=\"request-WEB:0e6894f7-a6ec-4e07-80d9-c1aad0c18c74-36\" data-testid=\"conversation-turn-40\" data-scroll-anchor=\"true\" data-turn=\"assistant\">\n<div class=\"text-base my-auto mx-auto pb-10 [--thread-content-margin:var(--thread-content-margin-xs,calc(var(--spacing)*4))] @w-sm\/main:[--thread-content-margin:var(--thread-content-margin-sm,calc(var(--spacing)*6))] @w-lg\/main:[--thread-content-margin:var(--thread-content-margin-lg,calc(var(--spacing)*16))] px-(--thread-content-margin)\">\n<div class=\"[--thread-content-max-width:40rem] @w-lg\/main:[--thread-content-max-width:48rem] mx-auto max-w-(--thread-content-max-width) flex-1 group\/turn-messages focus-visible:outline-hidden relative flex w-full min-w-0 flex-col agent-turn\">\n<div class=\"flex max-w-full flex-col gap-4 grow\">\n<div class=\"min-h-8 text-message relative flex w-full flex-col items-end gap-2 text-start break-words whitespace-normal outline-none keyboard-focused:focus-ring [.text-message+&amp;]:mt-1\" dir=\"auto\" tabindex=\"0\" data-message-author-role=\"assistant\" data-message-id=\"7994f735-d596-47eb-a69e-b2d5120e34ff\" data-message-model-slug=\"gpt-5-4-thinking\" data-turn-start-message=\"true\">\n<div class=\"flex w-full flex-col gap-1 empty:hidden\">\n<div class=\"markdown prose dark:prose-invert w-full wrap-break-word light markdown-new-styling\">\n<p data-start=\"0\" data-end=\"87\">Skab en romantisk og elegant bordd\u00e6kning med disse smukke kunstige p\u00e6oner i creme hvid\ud83e\udd0d<\/p>\n<p data-start=\"89\" data-end=\"371\">De fine p\u00e6oner har et fyldigt og naturtro udtryk, som g\u00f8r dem til en virkelig smuk detalje p\u00e5 festbordet. Den bl\u00f8de elfenbensfarve passer perfekt til bryllup, barned\u00e5b, konfirmation, f\u00f8dselsdag og andre festlige anledninger, hvor pynten gerne m\u00e5 v\u00e6re b\u00e5de let, feminin og stilfuld \u2728<\/p>\n<p data-start=\"373\" data-end=\"600\">Blomsterne er fremstillet i polyester og holder sig flotte hele festen igennem uden at visne. Brug dem som bordpynt, som en del af et centerpiece eller sammen med servietter og gr\u00f8nne grene for et ekstra fint og naturligt look.<\/p>\n<ul data-start=\"602\" data-end=\"857\">\n<li data-section-id=\"1re5p2t\" data-start=\"602\" data-end=\"642\">4 stk. kunstige p\u00e6oner i creme hvid\ud83e\udd0d<\/li>\n<li data-section-id=\"tvw8cd\" data-start=\"643\" data-end=\"670\">Fremstillet i polyester<\/li>\n<li data-section-id=\"52lkrv\" data-start=\"671\" data-end=\"709\">Fyldigt og naturtro blomsterlook \u2728<\/li>\n<li data-section-id=\"x4wwyo\" data-start=\"710\" data-end=\"731\">M\u00e5ler \u00d811 cm<\/li>\n<li data-section-id=\"zs2db6\" data-start=\"732\" data-end=\"792\">Perfekte til bryllup, barned\u00e5b, konfirmation og festbord<\/li>\n<li data-section-id=\"fiubgx\" data-start=\"793\" data-end=\"857\">Smukke som bordpynt eller som del af en dekorativ opstilling<\/li>\n<\/ul>\n<p data-start=\"859\" data-end=\"962\" data-is-last-node=\"\" data-is-only-node=\"\">En fin og stemningsfuld dekoration, der giver bordd\u00e6kningen et bl\u00f8dt, romantisk og gennemf\u00f8rt udtryk \ud83c\udf3f<\/p>\n<\/div>\n<\/div>\n<\/div>\n<\/div>\n<\/div>\n<\/div>\n<\/section>\n","protected":false},"excerpt":{"rendered":"<p>Skab en romantisk og elegant bordd\u00e6kning med disse smukke kunstige p\u00e6oner i creme hvid\ud83e\udd0d De fine p\u00e6oner har et fyldigt og naturtro udtryk, som g\u00f8r dem til en virkelig smuk detalje p\u00e5 festbordet. Den bl\u00f8de elfenbensfarve passer perfekt til bryllup, [&hellip;]<\/p>\n","protected":false},"featured_media":110864,"template":"","meta":{"_acf_changed":false},"product_brand":[],"product_cat":[32],"product_tag":[],"class_list":{"0":"post-110863","1":"product","2":"type-product","3":"status-publish","4":"has-post-thumbnail","6":"product_cat-service","7":"pa_item-color-beige","8":"pa_item-group-stof-diy","9":"pa_item-subgroup-kunstige-blomster","10":"pa_pakken-indeholder-4-stk-bordpynt","11":"pa_tema_tax-nature","12":"pa_under-tema-flower","14":"first","15":"instock","16":"taxable","17":"shipping-taxable","18":"purchasable","19":"product-type-simple"},"bundled_by":[],"bundle_stock_status":"instock","bundle_stock_quantity":3,"bundle_virtual":false,"bundle_layout":"","bundle_add_to_cart_form_location":"","bundle_editable_in_cart":false,"bundle_sold_individually_context":"","bundle_item_grouping":"","bundle_min_size":"","bundle_max_size":"","bundle_price":[],"bundled_items":[],"bundle_sell_ids":[],"acf":[],"tiered_pricing_type":"fixed","tiered_pricing_fixed_rules":[],"tiered_pricing_product_settings":{"layout":"default","base_unit_name":{"singular":null,"plural":null},"default_variation":null},"tiered_pricing_minimum_quantity":null,"tiered_pricing_roles_data":[],"tiered_pricing_percentage_rules":[],"tiered_pricing_maximum_quantity":null,"tiered_pricing_quantity_step":null,"_links":{"self":[{"href":"https:\/\/partyinabox.dk\/party\/wp-json\/wp\/v2\/product\/110863","targetHints":{"allow":["GET"]}}],"collection":[{"href":"https:\/\/partyinabox.dk\/party\/wp-json\/wp\/v2\/product"}],"about":[{"href":"https:\/\/partyinabox.dk\/party\/wp-json\/wp\/v2\/types\/product"}],"wp:featuredmedia":[{"embeddable":true,"href":"https:\/\/partyinabox.dk\/party\/wp-json\/wp\/v2\/media\/110864"}],"wp:attachment":[{"href":"https:\/\/partyinabox.dk\/party\/wp-json\/wp\/v2\/media?parent=110863"}],"wp:term":[{"taxonomy":"product_brand","embeddable":true,"href":"https:\/\/partyinabox.dk\/party\/wp-json\/wp\/v2\/product_brand?post=110863"},{"taxonomy":"product_cat","embeddable":true,"href":"https:\/\/partyinabox.dk\/party\/wp-json\/wp\/v2\/product_cat?post=110863"},{"taxonomy":"product_tag","embeddable":true,"href":"https:\/\/partyinabox.dk\/party\/wp-json\/wp\/v2\/product_tag?post=110863"}],"curies":[{"name":"wp","href":"https:\/\/api.w.org\/{rel}","templated":true}]}}