{"id":110814,"date":"2026-04-15T12:17:51","date_gmt":"2026-04-15T10:17:51","guid":{"rendered":"https:\/\/partyinabox.dk\/party\/vare\/guldspray\/"},"modified":"2026-04-19T12:12:54","modified_gmt":"2026-04-19T10:12:54","slug":"guldspray","status":"publish","type":"product","link":"https:\/\/partyinabox.dk\/party\/vare\/guldspray\/","title":{"rendered":"Guld spray"},"content":{"rendered":"<p data-start=\"56\" data-end=\"152\"><strong>Giv dine dekorationer og kreative projekter et flot og eksklusivt guldlook med denne guldspray<\/strong> \u2728<\/p>\n<p data-start=\"154\" data-end=\"396\">Guldsprayen er perfekt til dig, der gerne vil tilf\u00f8re pynt, dekorationer og DIY-projekter et elegant og glansfuldt udtryk. Brug den til alt fra festpynt og borddekorationer til kreative hobbyprojekter, hvor du \u00f8nsker en smuk metallisk finish.<\/p>\n<p data-start=\"398\" data-end=\"599\">Den praktiske sprayd\u00e5se er nem at anvende og g\u00f8r det let at forvandle forskellige dekorationer med et stilfuldt strejf af guld. Den er oplagt til b\u00e5de h\u00f8jtider, fester og kreative projekter \u00e5ret rundt.<\/p>\n<ul data-start=\"601\" data-end=\"834\">\n<li data-section-id=\"8anrt2\" data-start=\"601\" data-end=\"644\">1 stk. guldspray med 160 ml guldfarve \u2728<\/li>\n<li data-section-id=\"194njfy\" data-start=\"645\" data-end=\"669\">M\u00e5ler 16 cm i h\u00f8jden<\/li>\n<li data-section-id=\"6pwdqx\" data-start=\"670\" data-end=\"692\">Diameter p\u00e5 4,5 cm<\/li>\n<li data-section-id=\"er8k9y\" data-start=\"693\" data-end=\"735\">Giver dekorationer et elegant guldlook<\/li>\n<li data-section-id=\"7v5xo1\" data-start=\"736\" data-end=\"792\">Perfekt til pynt, dekorationer og kreative projekter<\/li>\n<li data-section-id=\"1rj4m5p\" data-start=\"793\" data-end=\"834\">Nem at anvende til b\u00e5de fest og hobby<\/li>\n<\/ul>\n<p data-start=\"836\" data-end=\"971\">Brug guldsprayen til fx kranse, grene, kogler, bordpynt eller andre dekorative detaljer, der tr\u00e6nger til lidt ekstra glans og elegance.<\/p>\n<p data-start=\"973\" data-end=\"1031\" data-is-last-node=\"\" data-is-only-node=\"\">Bem\u00e6rk: Guldsprayen m\u00e5 ikke bruges p\u00e5 stof eller p\u00e5 huden.<\/p>\n","protected":false},"excerpt":{"rendered":"<p>Giv dine dekorationer og kreative projekter et flot og eksklusivt guldlook med denne guldspray \u2728 Guldsprayen er perfekt til dig, der gerne vil tilf\u00f8re pynt, dekorationer og DIY-projekter et elegant og glansfuldt udtryk. Brug den til alt fra festpynt og [&hellip;]<\/p>\n","protected":false},"featured_media":110975,"template":"","meta":{"_acf_changed":false},"product_brand":[],"product_cat":[15],"product_tag":[],"class_list":{"0":"post-110814","1":"product","2":"type-product","3":"status-publish","4":"has-post-thumbnail","6":"product_cat-ukategoriseret","7":"pa_item-color-guld","8":"pa_item-group-dekoration","9":"pa_item-subgroup-spray","10":"pa_pakken-indeholder-spraydaase","11":"pa_tema_tax-christmas","12":"pa_under-tema-christmas-decorations","14":"first","15":"instock","16":"taxable","17":"shipping-taxable","18":"purchasable","19":"product-type-simple"},"bundled_by":[],"bundle_stock_status":"instock","bundle_stock_quantity":25,"bundle_virtual":false,"bundle_layout":"","bundle_add_to_cart_form_location":"","bundle_editable_in_cart":false,"bundle_sold_individually_context":"","bundle_item_grouping":"","bundle_min_size":"","bundle_max_size":"","bundle_price":[],"bundled_items":[],"bundle_sell_ids":[],"acf":[],"tiered_pricing_type":"fixed","tiered_pricing_fixed_rules":[],"tiered_pricing_product_settings":{"layout":"default","base_unit_name":{"singular":null,"plural":null},"default_variation":null},"tiered_pricing_minimum_quantity":null,"tiered_pricing_roles_data":[],"tiered_pricing_percentage_rules":[],"tiered_pricing_maximum_quantity":null,"tiered_pricing_quantity_step":null,"_links":{"self":[{"href":"https:\/\/partyinabox.dk\/party\/wp-json\/wp\/v2\/product\/110814","targetHints":{"allow":["GET"]}}],"collection":[{"href":"https:\/\/partyinabox.dk\/party\/wp-json\/wp\/v2\/product"}],"about":[{"href":"https:\/\/partyinabox.dk\/party\/wp-json\/wp\/v2\/types\/product"}],"wp:featuredmedia":[{"embeddable":true,"href":"https:\/\/partyinabox.dk\/party\/wp-json\/wp\/v2\/media\/110975"}],"wp:attachment":[{"href":"https:\/\/partyinabox.dk\/party\/wp-json\/wp\/v2\/media?parent=110814"}],"wp:term":[{"taxonomy":"product_brand","embeddable":true,"href":"https:\/\/partyinabox.dk\/party\/wp-json\/wp\/v2\/product_brand?post=110814"},{"taxonomy":"product_cat","embeddable":true,"href":"https:\/\/partyinabox.dk\/party\/wp-json\/wp\/v2\/product_cat?post=110814"},{"taxonomy":"product_tag","embeddable":true,"href":"https:\/\/partyinabox.dk\/party\/wp-json\/wp\/v2\/product_tag?post=110814"}],"curies":[{"name":"wp","href":"https:\/\/api.w.org\/{rel}","templated":true}]}}