{"id":110813,"date":"2026-04-15T12:17:51","date_gmt":"2026-04-15T10:17:51","guid":{"rendered":"https:\/\/partyinabox.dk\/party\/vare\/soelvspray\/"},"modified":"2026-04-15T14:13:29","modified_gmt":"2026-04-15T12:13:29","slug":"soelvspray","status":"publish","type":"product","link":"https:\/\/partyinabox.dk\/party\/vare\/soelvspray\/","title":{"rendered":"S\u00f8lv spray"},"content":{"rendered":"<p data-start=\"0\" data-end=\"96\"><strong>Giv dine dekorationer og kreative projekter et flot og eksklusivt s\u00f8lvlook med denne s\u00f8lvspray<\/strong> \u2728<\/p>\n<p data-start=\"98\" data-end=\"339\">S\u00f8lvsprayen er perfekt til dig, der gerne vil s\u00e6tte et elegant og glitrende pr\u00e6g p\u00e5 pynt, dekorationer og DIY-projekter. Brug den til alt fra festpynt og borddekorationer til kreative hobbyprojekter, hvor du \u00f8nsker et smukt metallisk finish.<\/p>\n<p data-start=\"341\" data-end=\"542\">Den praktiske sprayd\u00e5se er nem at anvende og g\u00f8r det let at forvandle forskellige dekorationer med et stilfuldt strejf af s\u00f8lv. Den er oplagt til b\u00e5de h\u00f8jtider, fester og kreative projekter \u00e5ret rundt.<\/p>\n<ul data-start=\"544\" data-end=\"777\">\n<li data-section-id=\"6h8pgm\" data-start=\"544\" data-end=\"587\">1 stk. s\u00f8lvspray med 160 ml s\u00f8lvfarve \u2728<\/li>\n<li data-section-id=\"194njfy\" data-start=\"588\" data-end=\"612\">M\u00e5ler 16 cm i h\u00f8jden<\/li>\n<li data-section-id=\"6pwdqx\" data-start=\"613\" data-end=\"635\">Diameter p\u00e5 4,5 cm<\/li>\n<li data-section-id=\"mhxpil\" data-start=\"636\" data-end=\"678\">Giver dekorationer et elegant s\u00f8lvlook<\/li>\n<li data-section-id=\"7v5xo1\" data-start=\"679\" data-end=\"735\">Perfekt til pynt, dekorationer og kreative projekter<\/li>\n<li data-section-id=\"1rj4m5p\" data-start=\"736\" data-end=\"777\">Nem at anvende til b\u00e5de fest og hobby<\/li>\n<\/ul>\n<p data-start=\"779\" data-end=\"914\">Brug s\u00f8lvsprayen til fx kranse, grene, kogler, bordpynt eller andre dekorative detaljer, der tr\u00e6nger til lidt ekstra glans og elegance.<\/p>\n<p data-start=\"916\" data-end=\"974\" data-is-last-node=\"\" data-is-only-node=\"\">Bem\u00e6rk: S\u00f8lvsprayen m\u00e5 ikke bruges p\u00e5 stof eller p\u00e5 huden.<\/p>\n","protected":false},"excerpt":{"rendered":"<p>Giv dine dekorationer og kreative projekter et flot og eksklusivt s\u00f8lvlook med denne s\u00f8lvspray \u2728 S\u00f8lvsprayen er perfekt til dig, der gerne vil s\u00e6tte et elegant og glitrende pr\u00e6g p\u00e5 pynt, dekorationer og DIY-projekter. Brug den til alt fra festpynt [&hellip;]<\/p>\n","protected":false},"featured_media":110882,"template":"","meta":{"_acf_changed":false},"product_brand":[],"product_cat":[15],"product_tag":[],"class_list":{"0":"post-110813","1":"product","2":"type-product","3":"status-publish","4":"has-post-thumbnail","6":"product_cat-ukategoriseret","7":"pa_item-color-soelv","8":"pa_item-group-dekoration","9":"pa_item-subgroup-spray","10":"pa_pakken-indeholder-spraydaase","11":"pa_tema_tax-christmas","12":"pa_under-tema-christmas-decorations","14":"first","15":"instock","16":"taxable","17":"shipping-taxable","18":"purchasable","19":"product-type-simple"},"bundled_by":[],"bundle_stock_status":"instock","bundle_stock_quantity":37,"bundle_virtual":false,"bundle_layout":"","bundle_add_to_cart_form_location":"","bundle_editable_in_cart":false,"bundle_sold_individually_context":"","bundle_item_grouping":"","bundle_min_size":"","bundle_max_size":"","bundle_price":[],"bundled_items":[],"bundle_sell_ids":[],"acf":[],"tiered_pricing_type":"fixed","tiered_pricing_fixed_rules":[],"tiered_pricing_product_settings":{"layout":"default","base_unit_name":{"singular":null,"plural":null},"default_variation":null},"tiered_pricing_minimum_quantity":null,"tiered_pricing_roles_data":[],"tiered_pricing_percentage_rules":[],"tiered_pricing_maximum_quantity":null,"tiered_pricing_quantity_step":null,"_links":{"self":[{"href":"https:\/\/partyinabox.dk\/party\/wp-json\/wp\/v2\/product\/110813","targetHints":{"allow":["GET"]}}],"collection":[{"href":"https:\/\/partyinabox.dk\/party\/wp-json\/wp\/v2\/product"}],"about":[{"href":"https:\/\/partyinabox.dk\/party\/wp-json\/wp\/v2\/types\/product"}],"wp:featuredmedia":[{"embeddable":true,"href":"https:\/\/partyinabox.dk\/party\/wp-json\/wp\/v2\/media\/110882"}],"wp:attachment":[{"href":"https:\/\/partyinabox.dk\/party\/wp-json\/wp\/v2\/media?parent=110813"}],"wp:term":[{"taxonomy":"product_brand","embeddable":true,"href":"https:\/\/partyinabox.dk\/party\/wp-json\/wp\/v2\/product_brand?post=110813"},{"taxonomy":"product_cat","embeddable":true,"href":"https:\/\/partyinabox.dk\/party\/wp-json\/wp\/v2\/product_cat?post=110813"},{"taxonomy":"product_tag","embeddable":true,"href":"https:\/\/partyinabox.dk\/party\/wp-json\/wp\/v2\/product_tag?post=110813"}],"curies":[{"name":"wp","href":"https:\/\/api.w.org\/{rel}","templated":true}]}}