{"id":110793,"date":"2026-04-15T12:17:51","date_gmt":"2026-04-15T10:17:51","guid":{"rendered":"https:\/\/partyinabox.dk\/party\/vare\/champagnekoeler-hammeret-staal-2\/"},"modified":"2026-04-15T12:57:07","modified_gmt":"2026-04-15T10:57:07","slug":"champagnekoeler-hammeret-staal-2","status":"publish","type":"product","link":"https:\/\/partyinabox.dk\/party\/vare\/champagnekoeler-hammeret-staal-2\/","title":{"rendered":"Champagnek\u00f8ler hammeret st\u00e5l"},"content":{"rendered":"<p data-start=\"0\" data-end=\"96\"><strong>Skab en elegant og eksklusiv stemning med denne flotte champagnek\u00f8ler i hammeret rustfrit st\u00e5l<\/strong> \u2728<\/p>\n<p data-start=\"98\" data-end=\"372\">Champagnek\u00f8leren er perfekt til at holde bobler, vin eller andre drikkevarer dejligt kolde gennem hele festen. Det smukke hammerede m\u00f8nster giver et stilfuldt og luksuri\u00f8st udtryk, som passer perfekt til bryllup, nyt\u00e5r, f\u00f8dselsdag, reception og andre festlige anledninger \ud83e\udd42<\/p>\n<p data-start=\"374\" data-end=\"518\">De praktiske h\u00e5ndtag g\u00f8r det nemt at flytte k\u00f8leren rundt, og det enkle design g\u00f8r den til en flot detalje p\u00e5 b\u00e5de gavebord, buffet og festbord.<\/p>\n<ul data-start=\"520\" data-end=\"772\">\n<li data-section-id=\"1bw9xs0\" data-start=\"520\" data-end=\"572\">1 stk. champagnek\u00f8ler i hammeret rustfrit st\u00e5l \u2728<\/li>\n<li data-section-id=\"12okumd\" data-start=\"617\" data-end=\"653\">Flot og elegant hammeret m\u00f8nster<\/li>\n<li data-section-id=\"1lygafb\" data-start=\"654\" data-end=\"690\">Udstyret med 2 praktiske h\u00e5ndtag<\/li>\n<li data-section-id=\"1k1gymw\" data-start=\"691\" data-end=\"717\">M\u00e5ler 21 cm i diameter<\/li>\n<li data-section-id=\"17uu368\" data-start=\"718\" data-end=\"772\">Perfekt til champagne, vin og kolde drikkevarer \ud83e\udd42<\/li>\n<\/ul>\n<p data-start=\"774\" data-end=\"877\">Fyld k\u00f8leren med is cirka 10 minutter f\u00f8r brug for den bedste k\u00f8leeffekt og en ekstra l\u00e6kker servering.<\/p>\n<p data-start=\"879\" data-end=\"912\" data-is-last-node=\"\" data-is-only-node=\"\">Bem\u00e6rk: Kun egnet til h\u00e5ndopvask.<\/p>\n","protected":false},"excerpt":{"rendered":"<p>Skab en elegant og eksklusiv stemning med denne flotte champagnek\u00f8ler i hammeret rustfrit st\u00e5l \u2728 Champagnek\u00f8leren er perfekt til at holde bobler, vin eller andre drikkevarer dejligt kolde gennem hele festen. Det smukke hammerede m\u00f8nster giver et stilfuldt og luksuri\u00f8st [&hellip;]<\/p>\n","protected":false},"featured_media":110796,"template":"","meta":{"_acf_changed":false},"product_brand":[],"product_cat":[32,34],"product_tag":[],"class_list":{"0":"post-110793","1":"product","2":"type-product","3":"status-publish","4":"has-post-thumbnail","6":"product_cat-service","7":"product_cat-accessories","8":"pa_item-color-soelv","9":"pa_item-group-bartilbehoer","10":"pa_item-subgroup-koeler","11":"pa_pakken-indeholder-champagnekoeler","12":"pa_tema_tax-generic","13":"pa_under-tema-generic","15":"first","16":"instock","17":"taxable","18":"shipping-taxable","19":"purchasable","20":"product-type-simple"},"bundled_by":[],"bundle_stock_status":"instock","bundle_stock_quantity":17,"bundle_virtual":false,"bundle_layout":"","bundle_add_to_cart_form_location":"","bundle_editable_in_cart":false,"bundle_sold_individually_context":"","bundle_item_grouping":"","bundle_min_size":"","bundle_max_size":"","bundle_price":[],"bundled_items":[],"bundle_sell_ids":[],"acf":[],"tiered_pricing_type":"fixed","tiered_pricing_fixed_rules":[],"tiered_pricing_product_settings":{"layout":"default","base_unit_name":{"singular":null,"plural":null},"default_variation":null},"tiered_pricing_minimum_quantity":null,"tiered_pricing_roles_data":[],"tiered_pricing_percentage_rules":[],"tiered_pricing_maximum_quantity":null,"tiered_pricing_quantity_step":null,"_links":{"self":[{"href":"https:\/\/partyinabox.dk\/party\/wp-json\/wp\/v2\/product\/110793","targetHints":{"allow":["GET"]}}],"collection":[{"href":"https:\/\/partyinabox.dk\/party\/wp-json\/wp\/v2\/product"}],"about":[{"href":"https:\/\/partyinabox.dk\/party\/wp-json\/wp\/v2\/types\/product"}],"wp:featuredmedia":[{"embeddable":true,"href":"https:\/\/partyinabox.dk\/party\/wp-json\/wp\/v2\/media\/110796"}],"wp:attachment":[{"href":"https:\/\/partyinabox.dk\/party\/wp-json\/wp\/v2\/media?parent=110793"}],"wp:term":[{"taxonomy":"product_brand","embeddable":true,"href":"https:\/\/partyinabox.dk\/party\/wp-json\/wp\/v2\/product_brand?post=110793"},{"taxonomy":"product_cat","embeddable":true,"href":"https:\/\/partyinabox.dk\/party\/wp-json\/wp\/v2\/product_cat?post=110793"},{"taxonomy":"product_tag","embeddable":true,"href":"https:\/\/partyinabox.dk\/party\/wp-json\/wp\/v2\/product_tag?post=110793"}],"curies":[{"name":"wp","href":"https:\/\/api.w.org\/{rel}","templated":true}]}}