{"id":109507,"date":"2026-03-30T09:52:34","date_gmt":"2026-03-30T07:52:34","guid":{"rendered":"https:\/\/partyinabox.dk\/party\/vare\/minions-invitationer\/"},"modified":"2026-04-04T19:17:09","modified_gmt":"2026-04-04T17:17:09","slug":"minions-invitationer","status":"publish","type":"product","link":"https:\/\/partyinabox.dk\/party\/vare\/minions-invitationer\/","title":{"rendered":"Minions\u00ae invitationer"},"content":{"rendered":"<p data-start=\"57\" data-end=\"325\"><strong data-start=\"57\" data-end=\"155\">Invit\u00e9r til en fest fyldt med grin og Minions-ballade med disse s\u00f8de Minions invitationer \ud83d\udc99\ud83d\udc9b<\/strong><\/p>\n<p data-start=\"57\" data-end=\"325\">De fine invitationer er pyntet med en sk\u00f8n Minion p\u00e5 forsiden og er perfekte til at s\u00e6tte stemningen til b\u00f8rnef\u00f8dselsdag, temafest eller en hyggelig Minions-filmaften \ud83c\udf89<\/p>\n<p data-start=\"327\" data-end=\"583\">Invitationerne g\u00f8r det ekstra sjovt at invitere g\u00e6sterne og er oplagte til en fest, hvor der skal v\u00e6re plads til smil, fjollerier og masser af gul feststemning. Med de medf\u00f8lgende kuverter er de klar til at blive sendt afsted til alle de heldige g\u00e6ster \u2709\ufe0f\u2728<\/p>\n<ul>\n<li data-start=\"585\" data-end=\"625\">Minions invitationer med kuverter \ud83d\udc9b<\/li>\n<li data-start=\"627\" data-end=\"685\">Perfekte til b\u00f8rnef\u00f8dselsdag, temafest og filmaften \ud83c\udf88<\/li>\n<li data-start=\"687\" data-end=\"757\">Fine invitationer med Minions motiv, der spreder \u00e6gte feststemning<\/li>\n<li data-start=\"759\" data-end=\"810\">Ideelle til en sjov og farverig Minions fest \ud83c\udf89<\/li>\n<\/ul>\n<p data-start=\"812\" data-end=\"901\" data-is-last-node=\"\" data-is-only-node=\"\">Invitationerne m\u00e5ler ca. 9,5 x 14 cm.<\/p>\n","protected":false},"excerpt":{"rendered":"<p>Invit\u00e9r til en fest fyldt med grin og Minions-ballade med disse s\u00f8de Minions invitationer \ud83d\udc99\ud83d\udc9b De fine invitationer er pyntet med en sk\u00f8n Minion p\u00e5 forsiden og er perfekte til at s\u00e6tte stemningen til b\u00f8rnef\u00f8dselsdag, temafest eller en hyggelig Minions-filmaften [&hellip;]<\/p>\n","protected":false},"featured_media":109508,"template":"","meta":{"_acf_changed":false},"product_brand":[],"product_cat":[34],"product_tag":[],"class_list":{"0":"post-109507","1":"product","2":"type-product","3":"status-publish","4":"has-post-thumbnail","6":"product_cat-accessories","7":"pa_item-color-gul","8":"pa_item-color-lyseblaa","9":"pa_item-group-festtilbehoer","10":"pa_item-subgroup-invitationer","11":"pa_pakken-indeholder-6-stk-invitationer6-stk-kuverter","12":"pa_tema_tax-kids-tv","13":"pa_under-tema-minions","15":"first","16":"instock","17":"taxable","18":"shipping-taxable","19":"purchasable","20":"product-type-simple"},"bundled_by":[],"bundle_stock_status":"instock","bundle_stock_quantity":46,"bundle_virtual":false,"bundle_layout":"","bundle_add_to_cart_form_location":"","bundle_editable_in_cart":false,"bundle_sold_individually_context":"","bundle_item_grouping":"","bundle_min_size":"","bundle_max_size":"","bundle_price":[],"bundled_items":[],"bundle_sell_ids":[],"acf":[],"tiered_pricing_type":"fixed","tiered_pricing_fixed_rules":[],"tiered_pricing_product_settings":{"layout":"default","base_unit_name":{"singular":null,"plural":null},"default_variation":null},"tiered_pricing_minimum_quantity":null,"tiered_pricing_roles_data":[],"tiered_pricing_percentage_rules":[],"tiered_pricing_maximum_quantity":null,"tiered_pricing_quantity_step":null,"_links":{"self":[{"href":"https:\/\/partyinabox.dk\/party\/wp-json\/wp\/v2\/product\/109507","targetHints":{"allow":["GET"]}}],"collection":[{"href":"https:\/\/partyinabox.dk\/party\/wp-json\/wp\/v2\/product"}],"about":[{"href":"https:\/\/partyinabox.dk\/party\/wp-json\/wp\/v2\/types\/product"}],"wp:featuredmedia":[{"embeddable":true,"href":"https:\/\/partyinabox.dk\/party\/wp-json\/wp\/v2\/media\/109508"}],"wp:attachment":[{"href":"https:\/\/partyinabox.dk\/party\/wp-json\/wp\/v2\/media?parent=109507"}],"wp:term":[{"taxonomy":"product_brand","embeddable":true,"href":"https:\/\/partyinabox.dk\/party\/wp-json\/wp\/v2\/product_brand?post=109507"},{"taxonomy":"product_cat","embeddable":true,"href":"https:\/\/partyinabox.dk\/party\/wp-json\/wp\/v2\/product_cat?post=109507"},{"taxonomy":"product_tag","embeddable":true,"href":"https:\/\/partyinabox.dk\/party\/wp-json\/wp\/v2\/product_tag?post=109507"}],"curies":[{"name":"wp","href":"https:\/\/api.w.org\/{rel}","templated":true}]}}