{"id":109313,"date":"2026-03-27T09:30:12","date_gmt":"2026-03-27T08:30:12","guid":{"rendered":"https:\/\/partyinabox.dk\/party\/vare\/aarets-konfirmand-balloner-olivengroen\/"},"modified":"2026-04-06T06:14:57","modified_gmt":"2026-04-06T04:14:57","slug":"aarets-konfirmand-balloner-olivengroen","status":"publish","type":"product","link":"https:\/\/partyinabox.dk\/party\/vare\/aarets-konfirmand-balloner-olivengroen\/","title":{"rendered":"Oliven gr\u00f8n ballon &#8220;\u00c5rets Konfirmand&#8221;"},"content":{"rendered":"<p data-start=\"50\" data-end=\"310\"><strong data-start=\"50\" data-end=\"143\">Skab en elegant og festlig stemning med disse olivengr\u00f8nne \u201c\u00c5rets konfirmand\u201d balloner \ud83d\udc9a<\/strong><\/p>\n<p data-start=\"50\" data-end=\"310\">De smukke latexballoner er dekoreret med teksten <em data-start=\"193\" data-end=\"211\">\u00c5rets konfirmand<\/em> og er perfekte til en konfirmationsfest, hvor oppyntningen gerne m\u00e5 v\u00e6re b\u00e5de stilfuld og festlig.<\/p>\n<p data-start=\"312\" data-end=\"605\">Den flotte olivengr\u00f8nne farve giver et roligt og eksklusivt udtryk, som passer smukt til b\u00e5de moderne og klassiske bordd\u00e6kninger. Ballonerne er flotte i ballonbuketter, som en del af en ballonbue eller sv\u00e6vende rundt i festlokalet, hvor de er med til at g\u00f8re den store dag ekstra mindev\u00e6rdig \u2728<\/p>\n<ul>\n<li data-start=\"607\" data-end=\"673\">6 olivengr\u00f8nne latexballoner med teksten \u201c\u00c5rets konfirmand\u201d \ud83d\udc9a<\/li>\n<li data-start=\"675\" data-end=\"729\">Perfekte til konfirmation og elegant oppyntning \ud83c\udf88<\/li>\n<li data-start=\"731\" data-end=\"801\">Ideelle til ballonbuer, ballonbuketter og dekoration i festlokalet<\/li>\n<li data-start=\"803\" data-end=\"862\">Skaber en smuk og stilfuld stemning til den store dag \u2728<\/li>\n<\/ul>\n<p data-start=\"864\" data-end=\"996\" data-is-last-node=\"\" data-is-only-node=\"\">Ballonerne m\u00e5ler 30 cm og kan sv\u00e6ve i op til 6-8 timer med helium. Brug Hi-Float, hvis de skal sv\u00e6ve i flere dage.<\/p>\n","protected":false},"excerpt":{"rendered":"<p>Skab en elegant og festlig stemning med disse olivengr\u00f8nne \u201c\u00c5rets konfirmand\u201d balloner \ud83d\udc9a De smukke latexballoner er dekoreret med teksten \u00c5rets konfirmand og er perfekte til en konfirmationsfest, hvor oppyntningen gerne m\u00e5 v\u00e6re b\u00e5de stilfuld og festlig. Den flotte olivengr\u00f8nne [&hellip;]<\/p>\n","protected":false},"featured_media":109314,"template":"","meta":{"_acf_changed":false},"product_brand":[],"product_cat":[30],"product_tag":[],"class_list":{"0":"post-109313","1":"product","2":"type-product","3":"status-publish","4":"has-post-thumbnail","6":"product_cat-balloner","7":"pa_item-color-groen","8":"pa_item-group-balloner","9":"pa_item-subgroup-latexballoner","10":"pa_pakken-indeholder-6-stk-latexballoner","11":"pa_tema_tax-occasions","12":"pa_under-tema-confirmation","14":"first","15":"instock","16":"taxable","17":"shipping-taxable","18":"purchasable","19":"product-type-simple"},"bundled_by":[],"bundle_stock_status":"instock","bundle_stock_quantity":35,"bundle_virtual":false,"bundle_layout":"","bundle_add_to_cart_form_location":"","bundle_editable_in_cart":false,"bundle_sold_individually_context":"","bundle_item_grouping":"","bundle_min_size":"","bundle_max_size":"","bundle_price":[],"bundled_items":[],"bundle_sell_ids":[],"acf":[],"tiered_pricing_type":"fixed","tiered_pricing_fixed_rules":[],"tiered_pricing_product_settings":{"layout":"default","base_unit_name":{"singular":null,"plural":null},"default_variation":null},"tiered_pricing_minimum_quantity":null,"tiered_pricing_roles_data":[],"tiered_pricing_percentage_rules":[],"tiered_pricing_maximum_quantity":null,"tiered_pricing_quantity_step":null,"_links":{"self":[{"href":"https:\/\/partyinabox.dk\/party\/wp-json\/wp\/v2\/product\/109313","targetHints":{"allow":["GET"]}}],"collection":[{"href":"https:\/\/partyinabox.dk\/party\/wp-json\/wp\/v2\/product"}],"about":[{"href":"https:\/\/partyinabox.dk\/party\/wp-json\/wp\/v2\/types\/product"}],"wp:featuredmedia":[{"embeddable":true,"href":"https:\/\/partyinabox.dk\/party\/wp-json\/wp\/v2\/media\/109314"}],"wp:attachment":[{"href":"https:\/\/partyinabox.dk\/party\/wp-json\/wp\/v2\/media?parent=109313"}],"wp:term":[{"taxonomy":"product_brand","embeddable":true,"href":"https:\/\/partyinabox.dk\/party\/wp-json\/wp\/v2\/product_brand?post=109313"},{"taxonomy":"product_cat","embeddable":true,"href":"https:\/\/partyinabox.dk\/party\/wp-json\/wp\/v2\/product_cat?post=109313"},{"taxonomy":"product_tag","embeddable":true,"href":"https:\/\/partyinabox.dk\/party\/wp-json\/wp\/v2\/product_tag?post=109313"}],"curies":[{"name":"wp","href":"https:\/\/api.w.org\/{rel}","templated":true}]}}