{"id":109310,"date":"2026-03-27T09:30:12","date_gmt":"2026-03-27T08:30:12","guid":{"rendered":"https:\/\/partyinabox.dk\/party\/vare\/guirlande-tillykke-med-huen-soelv\/"},"modified":"2026-04-16T14:32:24","modified_gmt":"2026-04-16T12:32:24","slug":"guirlande-tillykke-med-huen-soelv","status":"publish","type":"product","link":"https:\/\/partyinabox.dk\/party\/vare\/guirlande-tillykke-med-huen-soelv\/","title":{"rendered":"S\u00f8lv guirlande &#8220;tillykke med huen&#8221;"},"content":{"rendered":"<p data-start=\"91\" data-end=\"342\"><strong data-start=\"91\" data-end=\"184\">G\u00f8r studentergildet ekstra festligt med denne fine \u201cTillykke med huen\u201d guirlande i s\u00f8lv \u2728<\/strong><\/p>\n<p data-start=\"91\" data-end=\"342\">Den elegante guirlande er en smuk detalje til studentergildet og spreder straks den helt rette stemning, n\u00e5r \u00e5rets student skal fejres med familie og venner.<\/p>\n<p data-start=\"344\" data-end=\"620\">De flotte s\u00f8lvbogstaver danner teksten <em data-start=\"383\" data-end=\"402\">Tillykke med huen<\/em> og passer perfekt som pynt p\u00e5 v\u00e6ggen, over gavebordet eller ved indgangen til festlokalet. Guirlanden er ideel til at skabe en gennemf\u00f8rt og festlig oppyntning til en dag, der fortjener lidt ekstra glitter og gl\u00e6de \ud83c\udf93<\/p>\n<ul>\n<li data-start=\"622\" data-end=\"682\">1 s\u00f8lvfarvet guirlande med teksten \u201cTillykke med huen\u201d \u2728<\/li>\n<li data-start=\"684\" data-end=\"739\">Perfekt til studentergilde og festlig oppyntning \ud83c\udf89<\/li>\n<li data-start=\"741\" data-end=\"799\">Flot over gavebordet, buffetbordet eller ved indgangen<\/li>\n<li data-start=\"801\" data-end=\"855\">Skaber en elegant og gennemf\u00f8rt studentstemning \ud83c\udf93<\/li>\n<\/ul>\n<p data-start=\"857\" data-end=\"973\">Bogstaverne er ca. 19 cm h\u00f8je, selve teksten m\u00e5ler ca. 1,52 m, og det medf\u00f8lgende b\u00e5nd m\u00e5ler ca. 3,66 m.<\/p>\n","protected":false},"excerpt":{"rendered":"<p>G\u00f8r studentergildet ekstra festligt med denne fine \u201cTillykke med huen\u201d guirlande i s\u00f8lv \u2728 Den elegante guirlande er en smuk detalje til studentergildet og spreder straks den helt rette stemning, n\u00e5r \u00e5rets student skal fejres med familie og venner. De [&hellip;]<\/p>\n","protected":false},"featured_media":109311,"template":"","meta":{"_acf_changed":false},"product_brand":[],"product_cat":[31],"product_tag":[],"class_list":{"0":"post-109310","1":"product","2":"type-product","3":"status-publish","4":"has-post-thumbnail","6":"product_cat-til-loftet","7":"pa_item-color-soelv","8":"pa_item-group-loftsdekoration","9":"pa_item-subgroup-guirlander","10":"pa_pakken-indeholder-guirlande-3505-cm","11":"pa_tema_tax-occasions","12":"pa_under-tema-student","14":"first","15":"instock","16":"taxable","17":"shipping-taxable","18":"purchasable","19":"product-type-simple"},"bundled_by":[],"bundle_stock_status":"instock","bundle_stock_quantity":374,"bundle_virtual":false,"bundle_layout":"","bundle_add_to_cart_form_location":"","bundle_editable_in_cart":false,"bundle_sold_individually_context":"","bundle_item_grouping":"","bundle_min_size":"","bundle_max_size":"","bundle_price":[],"bundled_items":[],"bundle_sell_ids":[],"acf":[],"tiered_pricing_type":"fixed","tiered_pricing_fixed_rules":[],"tiered_pricing_product_settings":{"layout":"default","base_unit_name":{"singular":null,"plural":null},"default_variation":null},"tiered_pricing_minimum_quantity":null,"tiered_pricing_roles_data":[],"tiered_pricing_percentage_rules":[],"tiered_pricing_maximum_quantity":null,"tiered_pricing_quantity_step":null,"_links":{"self":[{"href":"https:\/\/partyinabox.dk\/party\/wp-json\/wp\/v2\/product\/109310","targetHints":{"allow":["GET"]}}],"collection":[{"href":"https:\/\/partyinabox.dk\/party\/wp-json\/wp\/v2\/product"}],"about":[{"href":"https:\/\/partyinabox.dk\/party\/wp-json\/wp\/v2\/types\/product"}],"wp:featuredmedia":[{"embeddable":true,"href":"https:\/\/partyinabox.dk\/party\/wp-json\/wp\/v2\/media\/109311"}],"wp:attachment":[{"href":"https:\/\/partyinabox.dk\/party\/wp-json\/wp\/v2\/media?parent=109310"}],"wp:term":[{"taxonomy":"product_brand","embeddable":true,"href":"https:\/\/partyinabox.dk\/party\/wp-json\/wp\/v2\/product_brand?post=109310"},{"taxonomy":"product_cat","embeddable":true,"href":"https:\/\/partyinabox.dk\/party\/wp-json\/wp\/v2\/product_cat?post=109310"},{"taxonomy":"product_tag","embeddable":true,"href":"https:\/\/partyinabox.dk\/party\/wp-json\/wp\/v2\/product_tag?post=109310"}],"curies":[{"name":"wp","href":"https:\/\/api.w.org\/{rel}","templated":true}]}}