{"id":109304,"date":"2026-03-27T09:30:12","date_gmt":"2026-03-27T08:30:12","guid":{"rendered":"https:\/\/partyinabox.dk\/party\/vare\/student-klistermaerker-roed\/"},"modified":"2026-04-04T17:27:40","modified_gmt":"2026-04-04T15:27:40","slug":"student-klistermaerker-roed","status":"publish","type":"product","link":"https:\/\/partyinabox.dk\/party\/vare\/student-klistermaerker-roed\/","title":{"rendered":"R\u00f8d student klisterm\u00e6rker"},"content":{"rendered":"<p data-start=\"57\" data-end=\"313\"><strong data-start=\"57\" data-end=\"144\">G\u00f8r studentertiden endnu mere festlig med disse fine student klisterm\u00e6rker i r\u00f8d \u2764\ufe0f<\/strong><\/p>\n<p data-start=\"57\" data-end=\"313\">Arket er fyldt med klassiske studenter-motiver som studenterhuer, Dannebrog og teksten Tillykke, der straks spreder \u00e6gte studentergl\u00e6de og r\u00f8d-hvid feststemning \u2728<\/p>\n<p data-start=\"315\" data-end=\"555\">Klisterm\u00e6rkerne er perfekte til at pynte kort, invitationer, gaveindpakning, bordkort eller andre kreative detaljer til studentergildet. De er ogs\u00e5 oplagte som en lille ekstra detalje, der g\u00f8r fejringen endnu mere personlig og gennemf\u00f8rt \ud83c\udf93<\/p>\n<ul>\n<li data-start=\"557\" data-end=\"601\">1 A5 ark med student klisterm\u00e6rker i r\u00f8d \u2764\ufe0f<\/li>\n<li data-start=\"603\" data-end=\"672\">Dekoreret med studenterhuer, Dannebrog og teksten \u201cTillykke\u201d<\/li>\n<li data-start=\"674\" data-end=\"730\">Perfekte til kort, gaver, invitationer og festpynt \u2728<\/li>\n<li data-start=\"732\" data-end=\"788\">Ideelle til studentergilde og r\u00f8d student fejring \ud83c\udf89<\/li>\n<\/ul>\n<p data-start=\"790\" data-end=\"907\" data-is-last-node=\"\" data-is-only-node=\"\">Klisterm\u00e6rkerne kommer i 3 forskellige st\u00f8rrelser og designs, s\u00e5 du nemt kan skabe en fin og festlig studenterstemning.<\/p>\n","protected":false},"excerpt":{"rendered":"<p>G\u00f8r studentertiden endnu mere festlig med disse fine student klisterm\u00e6rker i r\u00f8d \u2764\ufe0f Arket er fyldt med klassiske studenter-motiver som studenterhuer, Dannebrog og teksten Tillykke, der straks spreder \u00e6gte studentergl\u00e6de og r\u00f8d-hvid feststemning \u2728 Klisterm\u00e6rkerne er perfekte til at pynte [&hellip;]<\/p>\n","protected":false},"featured_media":109305,"template":"","meta":{"_acf_changed":false},"product_brand":[],"product_cat":[34],"product_tag":[],"class_list":{"0":"post-109304","1":"product","2":"type-product","3":"status-publish","4":"has-post-thumbnail","6":"product_cat-accessories","7":"pa_item-color-hvid","8":"pa_item-color-roed","9":"pa_item-group-dekoration","10":"pa_item-subgroup-klistermaerke","11":"pa_pakken-indeholder-ark-m-klistermaerker","12":"pa_tema_tax-occasions","13":"pa_under-tema-student","15":"first","16":"instock","17":"taxable","18":"shipping-taxable","19":"purchasable","20":"product-type-simple"},"bundled_by":[],"bundle_stock_status":"instock","bundle_stock_quantity":139,"bundle_virtual":false,"bundle_layout":"","bundle_add_to_cart_form_location":"","bundle_editable_in_cart":false,"bundle_sold_individually_context":"","bundle_item_grouping":"","bundle_min_size":"","bundle_max_size":"","bundle_price":[],"bundled_items":[],"bundle_sell_ids":[],"acf":[],"tiered_pricing_type":"fixed","tiered_pricing_fixed_rules":[],"tiered_pricing_product_settings":{"layout":"default","base_unit_name":{"singular":null,"plural":null},"default_variation":null},"tiered_pricing_minimum_quantity":null,"tiered_pricing_roles_data":[],"tiered_pricing_percentage_rules":[],"tiered_pricing_maximum_quantity":null,"tiered_pricing_quantity_step":null,"_links":{"self":[{"href":"https:\/\/partyinabox.dk\/party\/wp-json\/wp\/v2\/product\/109304","targetHints":{"allow":["GET"]}}],"collection":[{"href":"https:\/\/partyinabox.dk\/party\/wp-json\/wp\/v2\/product"}],"about":[{"href":"https:\/\/partyinabox.dk\/party\/wp-json\/wp\/v2\/types\/product"}],"wp:featuredmedia":[{"embeddable":true,"href":"https:\/\/partyinabox.dk\/party\/wp-json\/wp\/v2\/media\/109305"}],"wp:attachment":[{"href":"https:\/\/partyinabox.dk\/party\/wp-json\/wp\/v2\/media?parent=109304"}],"wp:term":[{"taxonomy":"product_brand","embeddable":true,"href":"https:\/\/partyinabox.dk\/party\/wp-json\/wp\/v2\/product_brand?post=109304"},{"taxonomy":"product_cat","embeddable":true,"href":"https:\/\/partyinabox.dk\/party\/wp-json\/wp\/v2\/product_cat?post=109304"},{"taxonomy":"product_tag","embeddable":true,"href":"https:\/\/partyinabox.dk\/party\/wp-json\/wp\/v2\/product_tag?post=109304"}],"curies":[{"name":"wp","href":"https:\/\/api.w.org\/{rel}","templated":true}]}}