{"id":109087,"date":"2026-03-23T12:51:00","date_gmt":"2026-03-23T11:51:00","guid":{"rendered":"https:\/\/partyinabox.dk\/party\/vare\/minions-glitter-klistermaerker\/"},"modified":"2026-04-01T22:06:29","modified_gmt":"2026-04-01T20:06:29","slug":"minions-glitter-klistermaerker","status":"publish","type":"product","link":"https:\/\/partyinabox.dk\/party\/vare\/minions-glitter-klistermaerker\/","title":{"rendered":"Minions\u00ae glimmer klisterm\u00e6rker"},"content":{"rendered":"<p data-start=\"52\" data-end=\"270\"><strong data-start=\"52\" data-end=\"126\">G\u00f8r hverdagen lidt sjovere med disse sk\u00f8nne Minions klisterm\u00e6rker \ud83d\udc99\ud83d\udc9b<\/strong><\/p>\n<p data-start=\"52\" data-end=\"270\">Det farverige ark er fyldt med de fjollede sm\u00e5 Minions i masser af sk\u00f8re positurer, som straks spreder smil, sjov og \u00e6gte Minions-stemning \ud83d\ude04\ud83c\udf4c<\/p>\n<p data-start=\"272\" data-end=\"486\">Klisterm\u00e6rkerne er perfekte til at pynte skoleb\u00f8ger, tegninger, invitationer, kort og sm\u00e5 kreative projekter. De er ogs\u00e5 en rigtig fin lille gave til godteposen eller som en sjov overraskelse til en Minions-fan \ud83c\udf89 De sk\u00f8re sm\u00e5 Minions er selvf\u00f8lgelig ikl\u00e6dt deres klassiske bl\u00e5 overalls, som her har f\u00e5et et fint glitrende twist \u2728<\/p>\n<ul>\n<li data-start=\"488\" data-end=\"526\"><strong data-start=\"488\" data-end=\"526\">1 ark med Minions klisterm\u00e6rker \ud83d\udc9b<\/strong><\/li>\n<li data-start=\"528\" data-end=\"578\"><strong data-start=\"528\" data-end=\"578\">Fyldt med sjove motiver af de sk\u00f8re Minions \ud83d\ude04<\/strong><\/li>\n<li data-start=\"580\" data-end=\"647\"><strong data-start=\"580\" data-end=\"647\">Perfekte til b\u00f8ger, kort, invitationer og kreative projekter \u2702\ufe0f<\/strong><\/li>\n<li data-start=\"649\" data-end=\"716\"><strong data-start=\"649\" data-end=\"716\">Ideelle som en lille gave, kalendergave eller til godteposen \ud83c\udf81<\/strong><\/li>\n<\/ul>\n<p data-start=\"718\" data-end=\"818\" data-is-last-node=\"\" data-is-only-node=\"\">Klisterm\u00e6rkerne passer perfekt til b\u00f8rn, der elsker farver, fjollerier og masser af Minions-ballade.<\/p>\n","protected":false},"excerpt":{"rendered":"<p>G\u00f8r hverdagen lidt sjovere med disse sk\u00f8nne Minions klisterm\u00e6rker \ud83d\udc99\ud83d\udc9b Det farverige ark er fyldt med de fjollede sm\u00e5 Minions i masser af sk\u00f8re positurer, som straks spreder smil, sjov og \u00e6gte Minions-stemning \ud83d\ude04\ud83c\udf4c Klisterm\u00e6rkerne er perfekte til at pynte [&hellip;]<\/p>\n","protected":false},"featured_media":109088,"template":"","meta":{"_acf_changed":false},"product_brand":[],"product_cat":[34],"product_tag":[],"class_list":{"0":"post-109087","1":"product","2":"type-product","3":"status-publish","4":"has-post-thumbnail","6":"product_cat-accessories","7":"pa_item-color-multi","8":"pa_item-group-dekoration","9":"pa_item-subgroup-klistermaerke","10":"pa_pakken-indeholder-ark-med-klistermaerker","11":"pa_tema_tax-kids-tv","12":"pa_under-tema-despicable-me","14":"first","15":"instock","16":"taxable","17":"shipping-taxable","18":"purchasable","19":"product-type-simple"},"bundled_by":[],"bundle_stock_status":"instock","bundle_stock_quantity":20,"bundle_virtual":false,"bundle_layout":"","bundle_add_to_cart_form_location":"","bundle_editable_in_cart":false,"bundle_sold_individually_context":"","bundle_item_grouping":"","bundle_min_size":"","bundle_max_size":"","bundle_price":[],"bundled_items":[],"bundle_sell_ids":[],"acf":[],"tiered_pricing_type":"fixed","tiered_pricing_fixed_rules":[],"tiered_pricing_product_settings":{"layout":"default","base_unit_name":{"singular":null,"plural":null},"default_variation":null},"tiered_pricing_minimum_quantity":null,"tiered_pricing_roles_data":[],"tiered_pricing_percentage_rules":[],"tiered_pricing_maximum_quantity":null,"tiered_pricing_quantity_step":null,"_links":{"self":[{"href":"https:\/\/partyinabox.dk\/party\/wp-json\/wp\/v2\/product\/109087","targetHints":{"allow":["GET"]}}],"collection":[{"href":"https:\/\/partyinabox.dk\/party\/wp-json\/wp\/v2\/product"}],"about":[{"href":"https:\/\/partyinabox.dk\/party\/wp-json\/wp\/v2\/types\/product"}],"wp:featuredmedia":[{"embeddable":true,"href":"https:\/\/partyinabox.dk\/party\/wp-json\/wp\/v2\/media\/109088"}],"wp:attachment":[{"href":"https:\/\/partyinabox.dk\/party\/wp-json\/wp\/v2\/media?parent=109087"}],"wp:term":[{"taxonomy":"product_brand","embeddable":true,"href":"https:\/\/partyinabox.dk\/party\/wp-json\/wp\/v2\/product_brand?post=109087"},{"taxonomy":"product_cat","embeddable":true,"href":"https:\/\/partyinabox.dk\/party\/wp-json\/wp\/v2\/product_cat?post=109087"},{"taxonomy":"product_tag","embeddable":true,"href":"https:\/\/partyinabox.dk\/party\/wp-json\/wp\/v2\/product_tag?post=109087"}],"curies":[{"name":"wp","href":"https:\/\/api.w.org\/{rel}","templated":true}]}}