{"id":107858,"date":"2026-03-05T15:18:18","date_gmt":"2026-03-05T14:18:18","guid":{"rendered":"https:\/\/partyinabox.dk\/party\/vare\/50-aars-perle-haarboejle-sort\/"},"modified":"2026-04-15T10:18:59","modified_gmt":"2026-04-15T08:18:59","slug":"50-aars-perle-haarboejle-sort","status":"publish","type":"product","link":"https:\/\/partyinabox.dk\/party\/vare\/50-aars-perle-haarboejle-sort\/","title":{"rendered":"Sort 50-\u00e5rs h\u00e5rb\u00f8jle"},"content":{"rendered":"<article class=\"text-token-text-primary w-full focus:outline-none [--shadow-height:45px] has-data-writing-block:pointer-events-none has-data-writing-block:-mt-(--shadow-height) has-data-writing-block:pt-(--shadow-height) [&amp;:has([data-writing-block])&gt;*]:pointer-events-auto scroll-mt-(--header-height)\" dir=\"auto\" tabindex=\"-1\" data-turn-id=\"f5590b17-8f07-4ddc-94ad-28ba288d865d\" data-testid=\"conversation-turn-43\" data-scroll-anchor=\"false\" data-turn=\"user\"><\/article>\n<article class=\"text-token-text-primary w-full focus:outline-none [--shadow-height:45px] has-data-writing-block:pointer-events-none has-data-writing-block:-mt-(--shadow-height) has-data-writing-block:pt-(--shadow-height) [&amp;:has([data-writing-block])&gt;*]:pointer-events-auto scroll-mt-[calc(var(--header-height)+min(200px,max(70px,20svh)))]\" dir=\"auto\" tabindex=\"-1\" data-turn-id=\"request-WEB:4eb234fa-bf1e-47ec-9f22-4e9a936c2ce9-21\" data-testid=\"conversation-turn-44\" data-scroll-anchor=\"true\" data-turn=\"assistant\">\n<div class=\"text-base my-auto mx-auto pb-10 [--thread-content-margin:var(--thread-content-margin-xs,calc(var(--spacing)*4))] @w-sm\/main:[--thread-content-margin:var(--thread-content-margin-sm,calc(var(--spacing)*6))] @w-lg\/main:[--thread-content-margin:var(--thread-content-margin-lg,calc(var(--spacing)*16))] px-(--thread-content-margin)\">\n<div class=\"[--thread-content-max-width:40rem] @w-lg\/main:[--thread-content-max-width:48rem] mx-auto max-w-(--thread-content-max-width) flex-1 group\/turn-messages focus-visible:outline-hidden relative flex w-full min-w-0 flex-col agent-turn\" tabindex=\"-1\">\n<div class=\"flex max-w-full flex-col gap-4 grow\">\n<div class=\"min-h-8 text-message relative flex w-full flex-col items-end gap-2 text-start break-words whitespace-normal [.text-message+&amp;]:mt-1\" dir=\"auto\" data-message-author-role=\"assistant\" data-message-id=\"82bb4059-e06c-4ebe-98bd-9ca99c90a8aa\" data-message-model-slug=\"gpt-5-4-thinking\">\n<div class=\"flex w-full flex-col gap-1 empty:hidden\">\n<div class=\"markdown prose dark:prose-invert w-full wrap-break-word light markdown-new-styling\">\n<p data-start=\"0\" data-end=\"239\">G\u00f8r 50-\u00e5rs f\u00f8dselsdagen ekstra festlig med denne fine h\u00e5rb\u00f8jle med sorte fl\u00e6ser og tallet 50 pyntet med perler \ud83d\udda4 Den elegante og feminine h\u00e5rb\u00f8jle er den perfekte detalje til f\u00f8dselaren, der gerne vil g\u00f8re lidt ekstra ud af den store dag.<\/p>\n<p data-start=\"241\" data-end=\"475\">H\u00e5rb\u00f8jlen er oplagt til b\u00e5de f\u00f8dselsdagsfest, middag, preparty eller billeder, hvor den tilf\u00f8rer et s\u00f8dt og gennemf\u00f8rt birthday look. De sorte fl\u00e6ser giver et flot og festligt udtryk, mens perledetaljerne tilf\u00f8jer et eksklusivt touch.<\/p>\n<p data-start=\"477\" data-end=\"500\"><strong data-start=\"477\" data-end=\"500\">Produktinformation:<\/strong><\/p>\n<ul data-start=\"501\" data-end=\"635\" data-is-last-node=\"\" data-is-only-node=\"\">\n<li data-section-id=\"gf8tjf\" data-start=\"501\" data-end=\"538\">\n<p data-start=\"503\" data-end=\"538\">1 stk. h\u00e5rb\u00f8jle med sort stofruffle<\/p>\n<\/li>\n<li data-section-id=\"upy5u0\" data-start=\"539\" data-end=\"571\">\n<p data-start=\"541\" data-end=\"571\">Tallet 50 dekoreret med perler<\/p>\n<\/li>\n<li data-section-id=\"7q8ggo\" data-start=\"572\" data-end=\"608\">\n<p data-start=\"574\" data-end=\"608\">Samlet st\u00f8rrelse: ca. 12 x 19,5 cm<\/p>\n<\/li>\n<li data-section-id=\"1bb4wst\" data-start=\"609\" data-end=\"635\" data-is-last-node=\"\">\n<p data-start=\"611\" data-end=\"635\" data-is-last-node=\"\">H\u00f8jde p\u00e5 tal: ca. 5,3 cm<\/p>\n<\/li>\n<\/ul>\n<\/div>\n<\/div>\n<\/div>\n<\/div>\n<\/div>\n<\/div>\n<\/article>\n","protected":false},"excerpt":{"rendered":"<p>G\u00f8r 50-\u00e5rs f\u00f8dselsdagen ekstra festlig med denne fine h\u00e5rb\u00f8jle med sorte fl\u00e6ser og tallet 50 pyntet med perler \ud83d\udda4 Den elegante og feminine h\u00e5rb\u00f8jle er den perfekte detalje til f\u00f8dselaren, der gerne vil g\u00f8re lidt ekstra ud af den store [&hellip;]<\/p>\n","protected":false},"featured_media":108806,"template":"","meta":{"_acf_changed":false},"product_brand":[],"product_cat":[34],"product_tag":[],"class_list":{"0":"post-107858","1":"product","2":"type-product","3":"status-publish","4":"has-post-thumbnail","6":"product_cat-accessories","7":"pa_item-color-sort","8":"pa_item-group-hovedtilbehoer","9":"pa_item-subgroup-haarboejle-pandebaand-haarbaand","10":"pa_pakken-indeholder-haarboejle","11":"pa_tema_tax-birthday","12":"pa_under-tema-50-year","14":"first","15":"instock","16":"taxable","17":"shipping-taxable","18":"purchasable","19":"product-type-simple"},"bundled_by":[],"bundle_stock_status":"instock","bundle_stock_quantity":16,"bundle_virtual":false,"bundle_layout":"","bundle_add_to_cart_form_location":"","bundle_editable_in_cart":false,"bundle_sold_individually_context":"","bundle_item_grouping":"","bundle_min_size":"","bundle_max_size":"","bundle_price":[],"bundled_items":[],"bundle_sell_ids":[],"acf":[],"tiered_pricing_type":"fixed","tiered_pricing_fixed_rules":[],"tiered_pricing_product_settings":{"layout":"default","base_unit_name":{"singular":null,"plural":null},"default_variation":null},"tiered_pricing_minimum_quantity":null,"tiered_pricing_roles_data":[],"tiered_pricing_percentage_rules":[],"tiered_pricing_maximum_quantity":null,"tiered_pricing_quantity_step":null,"_links":{"self":[{"href":"https:\/\/partyinabox.dk\/party\/wp-json\/wp\/v2\/product\/107858","targetHints":{"allow":["GET"]}}],"collection":[{"href":"https:\/\/partyinabox.dk\/party\/wp-json\/wp\/v2\/product"}],"about":[{"href":"https:\/\/partyinabox.dk\/party\/wp-json\/wp\/v2\/types\/product"}],"wp:featuredmedia":[{"embeddable":true,"href":"https:\/\/partyinabox.dk\/party\/wp-json\/wp\/v2\/media\/108806"}],"wp:attachment":[{"href":"https:\/\/partyinabox.dk\/party\/wp-json\/wp\/v2\/media?parent=107858"}],"wp:term":[{"taxonomy":"product_brand","embeddable":true,"href":"https:\/\/partyinabox.dk\/party\/wp-json\/wp\/v2\/product_brand?post=107858"},{"taxonomy":"product_cat","embeddable":true,"href":"https:\/\/partyinabox.dk\/party\/wp-json\/wp\/v2\/product_cat?post=107858"},{"taxonomy":"product_tag","embeddable":true,"href":"https:\/\/partyinabox.dk\/party\/wp-json\/wp\/v2\/product_tag?post=107858"}],"curies":[{"name":"wp","href":"https:\/\/api.w.org\/{rel}","templated":true}]}}