{"id":107828,"date":"2026-03-05T15:18:18","date_gmt":"2026-03-05T14:18:18","guid":{"rendered":"https:\/\/partyinabox.dk\/party\/vare\/happy-birthday-sloejfe-servietter\/"},"modified":"2026-04-20T22:12:51","modified_gmt":"2026-04-20T20:12:51","slug":"happy-birthday-sloejfe-servietter","status":"publish","type":"product","link":"https:\/\/partyinabox.dk\/party\/vare\/happy-birthday-sloejfe-servietter\/","title":{"rendered":"Creme\/sort &#8220;happy birthday&#8221; sl\u00f8jfe serviet"},"content":{"rendered":"<p data-start=\"0\" data-end=\"258\">Skab en stilfuld og gennemf\u00f8rt bordd\u00e6kning med disse fine \u201cHappy Birthday\u201d sl\u00f8jfe servietter i beige og sort \ud83c\udf80 Den elegante farvekombination og det dekorative birthday-print g\u00f8r dem perfekte til en moderne f\u00f8dselsdagsfejring med et feminint og festligt udtryk.<\/p>\n<p data-start=\"260\" data-end=\"472\">Servietterne er b\u00e5de praktiske og dekorative og passer smukt ind p\u00e5 festbordet sammen med matchende tallerkner, kopper og pynt. En s\u00f8d lille detalje, der er med til at g\u00f8re f\u00f8dselsdagen ekstra fin og indbydende.<\/p>\n<p data-start=\"474\" data-end=\"497\"><strong data-start=\"474\" data-end=\"497\">Produktinformation:<\/strong><\/p>\n<ul data-start=\"498\" data-end=\"652\" data-is-last-node=\"\" data-is-only-node=\"\">\n<li data-section-id=\"127ayn0\" data-start=\"498\" data-end=\"530\">\n<p data-start=\"500\" data-end=\"530\">12 stk. 2-lags papirservietter<\/p>\n<\/li>\n<li data-section-id=\"18zv1m2\" data-start=\"562\" data-end=\"584\">\n<p data-start=\"564\" data-end=\"584\">Farve: creme og sort<\/p>\n<\/li>\n<li data-section-id=\"wzs6xx\" data-start=\"585\" data-end=\"617\">\n<p data-start=\"587\" data-end=\"617\">St\u00f8rrelse udfoldet: 33 x 33 cm<\/p>\n<\/li>\n<li data-section-id=\"15xvv9w\" data-start=\"618\" data-end=\"652\" data-is-last-node=\"\">\n<p data-start=\"620\" data-end=\"652\" data-is-last-node=\"\">St\u00f8rrelse foldet: 16,5 x 16,5 cm<\/p>\n<\/li>\n<\/ul>\n","protected":false},"excerpt":{"rendered":"<p>Skab en stilfuld og gennemf\u00f8rt bordd\u00e6kning med disse fine \u201cHappy Birthday\u201d sl\u00f8jfe servietter i beige og sort \ud83c\udf80 Den elegante farvekombination og det dekorative birthday-print g\u00f8r dem perfekte til en moderne f\u00f8dselsdagsfejring med et feminint og festligt udtryk. Servietterne er [&hellip;]<\/p>\n","protected":false},"featured_media":108779,"template":"","meta":{"_acf_changed":false},"product_brand":[],"product_cat":[32],"product_tag":[],"class_list":{"0":"post-107828","1":"product","2":"type-product","3":"status-publish","4":"has-post-thumbnail","6":"product_cat-service","7":"pa_item-color-beige","8":"pa_item-group-bordservice","9":"pa_item-subgroup-servietter","10":"pa_pakken-indeholder-12-stk-frokostservietter","11":"pa_tema_tax-birthday","12":"pa_under-tema-birthday","14":"first","15":"instock","16":"taxable","17":"shipping-taxable","18":"purchasable","19":"product-type-simple"},"bundled_by":[],"bundle_stock_status":"instock","bundle_stock_quantity":57,"bundle_virtual":false,"bundle_layout":"","bundle_add_to_cart_form_location":"","bundle_editable_in_cart":false,"bundle_sold_individually_context":"","bundle_item_grouping":"","bundle_min_size":"","bundle_max_size":"","bundle_price":[],"bundled_items":[],"bundle_sell_ids":[],"acf":[],"tiered_pricing_type":"fixed","tiered_pricing_fixed_rules":[],"tiered_pricing_product_settings":{"layout":"default","base_unit_name":{"singular":null,"plural":null},"default_variation":null},"tiered_pricing_minimum_quantity":null,"tiered_pricing_roles_data":[],"tiered_pricing_percentage_rules":[],"tiered_pricing_maximum_quantity":null,"tiered_pricing_quantity_step":null,"_links":{"self":[{"href":"https:\/\/partyinabox.dk\/party\/wp-json\/wp\/v2\/product\/107828","targetHints":{"allow":["GET"]}}],"collection":[{"href":"https:\/\/partyinabox.dk\/party\/wp-json\/wp\/v2\/product"}],"about":[{"href":"https:\/\/partyinabox.dk\/party\/wp-json\/wp\/v2\/types\/product"}],"wp:featuredmedia":[{"embeddable":true,"href":"https:\/\/partyinabox.dk\/party\/wp-json\/wp\/v2\/media\/108779"}],"wp:attachment":[{"href":"https:\/\/partyinabox.dk\/party\/wp-json\/wp\/v2\/media?parent=107828"}],"wp:term":[{"taxonomy":"product_brand","embeddable":true,"href":"https:\/\/partyinabox.dk\/party\/wp-json\/wp\/v2\/product_brand?post=107828"},{"taxonomy":"product_cat","embeddable":true,"href":"https:\/\/partyinabox.dk\/party\/wp-json\/wp\/v2\/product_cat?post=107828"},{"taxonomy":"product_tag","embeddable":true,"href":"https:\/\/partyinabox.dk\/party\/wp-json\/wp\/v2\/product_tag?post=107828"}],"curies":[{"name":"wp","href":"https:\/\/api.w.org\/{rel}","templated":true}]}}