{"id":107708,"date":"2026-03-05T15:17:26","date_gmt":"2026-03-05T14:17:26","guid":{"rendered":"https:\/\/partyinabox.dk\/party\/vare\/tal-boernefoedselsdags-folieballon-2\/"},"modified":"2026-04-29T20:29:35","modified_gmt":"2026-04-29T18:29:35","slug":"tal-boernefoedselsdags-folieballon-2","status":"publish","type":"product","link":"https:\/\/partyinabox.dk\/party\/vare\/tal-boernefoedselsdags-folieballon-2\/","title":{"rendered":"Mint gr\u00f8n folie ballon tal 1 m\/s\u00f8d hat"},"content":{"rendered":"<p data-start=\"0\" data-end=\"248\">G\u00f8r f\u00f8dselsdagen lidt ekstra s\u00f8d med denne fine mintfarvede talballon formet som tallet 1 \ud83d\udc9a\ud83c\udf88 Ballonen har et nuttet ansigt og en lille festhat, som g\u00f8r den helt perfekt til en festlig 1-\u00e5rs f\u00f8dselsdag fyldt med smil, farver og hyggelige detaljer.<\/p>\n<p data-start=\"250\" data-end=\"502\">Den matte mintfarve giver et bl\u00f8dt og fint udtryk, som passer sk\u00f8nt ind til en s\u00f8d og stemningsfuld b\u00f8rnef\u00f8dselsdag. Brug ballonen som en fin dekoration alene, i en ballonbuket eller sammen med anden festpynt for at skabe en ekstra festlig stemning \ud83e\udd73\u2728<\/p>\n<p data-start=\"504\" data-end=\"636\">Ballonen kan fyldes med b\u00e5de luft og helium, og der medf\u00f8lger suger\u00f8r, s\u00e5 den er nem at puste op og g\u00f8re klar til den store dag \ud83c\udf89<\/p>\n<p data-start=\"638\" data-end=\"661\"><strong data-start=\"638\" data-end=\"661\">Produktinformation:<\/strong><\/p>\n<ul data-start=\"662\" data-end=\"857\" data-is-last-node=\"\" data-is-only-node=\"\">\n<li data-section-id=\"1a5brmo\" data-start=\"662\" data-end=\"692\">\n<p data-start=\"664\" data-end=\"692\">1 stk. mat folieballon tal 1<\/p>\n<\/li>\n<li data-section-id=\"1yz1o01\" data-start=\"693\" data-end=\"723\">\n<p data-start=\"695\" data-end=\"723\">Farve: mint med farverig hat<\/p>\n<\/li>\n<li data-section-id=\"fdluy5\" data-start=\"763\" data-end=\"802\">\n<p data-start=\"765\" data-end=\"802\">St\u00f8rrelse efter oppustning: ca. 86 cm<\/p>\n<\/li>\n<li data-section-id=\"15rsyvc\" data-start=\"803\" data-end=\"837\">\n<p data-start=\"805\" data-end=\"837\">Kan fyldes med luft eller helium<\/p>\n<\/li>\n<li data-section-id=\"15e02gq\" data-start=\"838\" data-end=\"857\" data-is-last-node=\"\">\n<p data-start=\"840\" data-end=\"857\" data-is-last-node=\"\">Suger\u00f8r medf\u00f8lger<\/p>\n<\/li>\n<\/ul>\n","protected":false},"excerpt":{"rendered":"<p>G\u00f8r f\u00f8dselsdagen lidt ekstra s\u00f8d med denne fine mintfarvede talballon formet som tallet 1 \ud83d\udc9a\ud83c\udf88 Ballonen har et nuttet ansigt og en lille festhat, som g\u00f8r den helt perfekt til en festlig 1-\u00e5rs f\u00f8dselsdag fyldt med smil, farver og hyggelige [&hellip;]<\/p>\n","protected":false},"featured_media":108853,"template":"","meta":{"_acf_changed":false},"product_brand":[],"product_cat":[61],"product_tag":[],"class_list":{"0":"post-107708","1":"product","2":"type-product","3":"status-publish","4":"has-post-thumbnail","6":"product_cat-folie-tal","7":"pa_item-color-mintgroen","8":"pa_item-group-balloner","9":"pa_item-subgroup-folieballoner-tal-bogstav","10":"pa_pakken-indeholder-folieballon","11":"pa_tema_tax-birthday","12":"pa_under-tema-birthday","14":"first","15":"instock","16":"taxable","17":"shipping-taxable","18":"purchasable","19":"product-type-simple"},"bundled_by":[],"bundle_stock_status":"instock","bundle_stock_quantity":35,"bundle_virtual":false,"bundle_layout":"","bundle_add_to_cart_form_location":"","bundle_editable_in_cart":false,"bundle_sold_individually_context":"","bundle_item_grouping":"","bundle_min_size":"","bundle_max_size":"","bundle_price":[],"bundled_items":[],"bundle_sell_ids":[],"acf":[],"tiered_pricing_type":"fixed","tiered_pricing_fixed_rules":[],"tiered_pricing_product_settings":{"layout":"default","base_unit_name":{"singular":null,"plural":null},"default_variation":null},"tiered_pricing_minimum_quantity":null,"tiered_pricing_roles_data":[],"tiered_pricing_percentage_rules":[],"tiered_pricing_maximum_quantity":null,"tiered_pricing_quantity_step":null,"_links":{"self":[{"href":"https:\/\/partyinabox.dk\/party\/wp-json\/wp\/v2\/product\/107708","targetHints":{"allow":["GET"]}}],"collection":[{"href":"https:\/\/partyinabox.dk\/party\/wp-json\/wp\/v2\/product"}],"about":[{"href":"https:\/\/partyinabox.dk\/party\/wp-json\/wp\/v2\/types\/product"}],"wp:featuredmedia":[{"embeddable":true,"href":"https:\/\/partyinabox.dk\/party\/wp-json\/wp\/v2\/media\/108853"}],"wp:attachment":[{"href":"https:\/\/partyinabox.dk\/party\/wp-json\/wp\/v2\/media?parent=107708"}],"wp:term":[{"taxonomy":"product_brand","embeddable":true,"href":"https:\/\/partyinabox.dk\/party\/wp-json\/wp\/v2\/product_brand?post=107708"},{"taxonomy":"product_cat","embeddable":true,"href":"https:\/\/partyinabox.dk\/party\/wp-json\/wp\/v2\/product_cat?post=107708"},{"taxonomy":"product_tag","embeddable":true,"href":"https:\/\/partyinabox.dk\/party\/wp-json\/wp\/v2\/product_tag?post=107708"}],"curies":[{"name":"wp","href":"https:\/\/api.w.org\/{rel}","templated":true}]}}