{"id":107679,"date":"2026-03-05T15:17:26","date_gmt":"2026-03-05T14:17:26","guid":{"rendered":"https:\/\/partyinabox.dk\/party\/vare\/traktor-folieballon-2\/"},"modified":"2026-04-15T19:09:16","modified_gmt":"2026-04-15T17:09:16","slug":"traktor-folieballon-2","status":"publish","type":"product","link":"https:\/\/partyinabox.dk\/party\/vare\/traktor-folieballon-2\/","title":{"rendered":"St\u00e5ende traktor folie ballon"},"content":{"rendered":"<p data-start=\"23\" data-end=\"280\">G\u00f8r klar til en f\u00f8dselsdag med masser af sjov og landlig charme med denne fine folieballon formet som en traktor \ud83d\udc9b\ud83e\udde1 Den seje ballon med store hjul og flotte detaljer passer helt perfekt til en b\u00f8rnef\u00f8dselsdag med bondeg\u00e5rds-, k\u00f8ret\u00f8js- eller traktortema \u2728<\/p>\n<p data-start=\"282\" data-end=\"518\">Ballonen st\u00e5r selv og er derfor ekstra fin som pynt ved gavebordet, dessertbordet eller som en del af den samlede dekoration til festen. Det s\u00f8de og farverige design g\u00f8r den til et festligt blikfang, som b\u00f8rnene med garanti vil elske \ud83c\udf89<\/p>\n<p data-start=\"520\" data-end=\"538\">Pakken indeholder:<\/p>\n<ul data-start=\"539\" data-end=\"681\">\n<li data-section-id=\"36o11f\" data-start=\"539\" data-end=\"587\">\n<p data-start=\"541\" data-end=\"587\">1 st\u00e5ende folieballon formet som en traktor \ud83d\ude9c<\/p>\n<\/li>\n<li data-section-id=\"12ig07g\" data-start=\"588\" data-end=\"618\">\n<p data-start=\"590\" data-end=\"618\">Fine detaljer i flere farver<\/p>\n<\/li>\n<li data-section-id=\"xcioro\" data-start=\"619\" data-end=\"639\">\n<p data-start=\"621\" data-end=\"639\">Pustes op med luft<\/p>\n<\/li>\n<li data-section-id=\"1sdudb\" data-start=\"640\" data-end=\"681\">\n<p data-start=\"642\" data-end=\"681\">Der medf\u00f8lger suger\u00f8r til oppustning \ud83c\udf88<\/p>\n<\/li>\n<\/ul>\n<p data-start=\"683\" data-end=\"724\" data-is-last-node=\"\" data-is-only-node=\"\">Ballonen m\u00e5ler ca. 72 x 63,5 cm oppustet.<\/p>\n","protected":false},"excerpt":{"rendered":"<p>G\u00f8r klar til en f\u00f8dselsdag med masser af sjov og landlig charme med denne fine folieballon formet som en traktor \ud83d\udc9b\ud83e\udde1 Den seje ballon med store hjul og flotte detaljer passer helt perfekt til en b\u00f8rnef\u00f8dselsdag med bondeg\u00e5rds-, k\u00f8ret\u00f8js- eller [&hellip;]<\/p>\n","protected":false},"featured_media":107680,"template":"","meta":{"_acf_changed":false},"product_brand":[],"product_cat":[30],"product_tag":[],"class_list":{"0":"post-107679","1":"product","2":"type-product","3":"status-publish","4":"has-post-thumbnail","6":"product_cat-balloner","7":"pa_item-color-multi","8":"pa_item-group-balloner","9":"pa_item-subgroup-folieballoner","10":"pa_pakken-indeholder-folieballon","11":"pa_tema_tax-theme-parties","12":"pa_under-tema-farmyard-theme","14":"first","15":"instock","16":"taxable","17":"shipping-taxable","18":"purchasable","19":"product-type-simple"},"bundled_by":[],"bundle_stock_status":"instock","bundle_stock_quantity":75,"bundle_virtual":false,"bundle_layout":"","bundle_add_to_cart_form_location":"","bundle_editable_in_cart":false,"bundle_sold_individually_context":"","bundle_item_grouping":"","bundle_min_size":"","bundle_max_size":"","bundle_price":[],"bundled_items":[],"bundle_sell_ids":[],"acf":[],"tiered_pricing_type":"fixed","tiered_pricing_fixed_rules":[],"tiered_pricing_product_settings":{"layout":"default","base_unit_name":{"singular":null,"plural":null},"default_variation":null},"tiered_pricing_minimum_quantity":null,"tiered_pricing_roles_data":[],"tiered_pricing_percentage_rules":[],"tiered_pricing_maximum_quantity":null,"tiered_pricing_quantity_step":null,"_links":{"self":[{"href":"https:\/\/partyinabox.dk\/party\/wp-json\/wp\/v2\/product\/107679","targetHints":{"allow":["GET"]}}],"collection":[{"href":"https:\/\/partyinabox.dk\/party\/wp-json\/wp\/v2\/product"}],"about":[{"href":"https:\/\/partyinabox.dk\/party\/wp-json\/wp\/v2\/types\/product"}],"wp:featuredmedia":[{"embeddable":true,"href":"https:\/\/partyinabox.dk\/party\/wp-json\/wp\/v2\/media\/107680"}],"wp:attachment":[{"href":"https:\/\/partyinabox.dk\/party\/wp-json\/wp\/v2\/media?parent=107679"}],"wp:term":[{"taxonomy":"product_brand","embeddable":true,"href":"https:\/\/partyinabox.dk\/party\/wp-json\/wp\/v2\/product_brand?post=107679"},{"taxonomy":"product_cat","embeddable":true,"href":"https:\/\/partyinabox.dk\/party\/wp-json\/wp\/v2\/product_cat?post=107679"},{"taxonomy":"product_tag","embeddable":true,"href":"https:\/\/partyinabox.dk\/party\/wp-json\/wp\/v2\/product_tag?post=107679"}],"curies":[{"name":"wp","href":"https:\/\/api.w.org\/{rel}","templated":true}]}}