{"id":107665,"date":"2026-03-05T15:17:26","date_gmt":"2026-03-05T14:17:26","guid":{"rendered":"https:\/\/partyinabox.dk\/party\/vare\/staaende-racerbil-folieballon\/"},"modified":"2026-03-13T12:33:43","modified_gmt":"2026-03-13T11:33:43","slug":"staaende-racerbil-folieballon","status":"publish","type":"product","link":"https:\/\/partyinabox.dk\/party\/vare\/staaende-racerbil-folieballon\/","title":{"rendered":"St\u00e5ende racerbil folie ballon"},"content":{"rendered":"<p data-start=\"24\" data-end=\"258\">G\u00f8r klar til en f\u00f8dselsdag med fart over feltet med denne seje folieballon formet som en racerbil \u2764\ufe0f\ud83d\udda4 Den flotte ballon har fine detaljer med hjul, flammer og tern, som g\u00f8r den helt perfekt til en sjov b\u00f8rnef\u00f8dselsdag med biltema \u26a1\ud83c\udfc1<\/p>\n<p data-start=\"260\" data-end=\"515\">Ballonen st\u00e5r selv og er derfor ekstra fin som pynt ved gavebordet, dessertbordet eller som en del af den samlede dekoration til festen. Det sporty racerlook skaber med det samme en festlig stemning og vil uden tvivl v\u00e6re et hit hos sm\u00e5 bilentusiaster \ud83d\ude97\u2728<\/p>\n<p data-start=\"517\" data-end=\"535\">Pakken indeholder:<\/p>\n<ul data-start=\"536\" data-end=\"690\">\n<li data-section-id=\"14830hm\" data-start=\"536\" data-end=\"586\">\n<p data-start=\"538\" data-end=\"586\">1 st\u00e5ende folieballon formet som en racerbil \ud83c\udfce\ufe0f<\/p>\n<\/li>\n<li data-section-id=\"pnddic\" data-start=\"587\" data-end=\"627\">\n<p data-start=\"589\" data-end=\"627\">Fine detaljer i r\u00f8d, sort, hvid og bl\u00e5<\/p>\n<\/li>\n<li data-section-id=\"xcioro\" data-start=\"628\" data-end=\"648\">\n<p data-start=\"630\" data-end=\"648\">Pustes op med luft<\/p>\n<\/li>\n<li data-section-id=\"1sdudb\" data-start=\"649\" data-end=\"690\">\n<p data-start=\"651\" data-end=\"690\">Der medf\u00f8lger suger\u00f8r til oppustning \ud83c\udf88<\/p>\n<\/li>\n<\/ul>\n<p data-start=\"692\" data-end=\"731\" data-is-last-node=\"\" data-is-only-node=\"\">Ballonen m\u00e5ler ca. 90 x 34 cm oppustet.<\/p>\n","protected":false},"excerpt":{"rendered":"<p>G\u00f8r klar til en f\u00f8dselsdag med fart over feltet med denne seje folieballon formet som en racerbil \u2764\ufe0f\ud83d\udda4 Den flotte ballon har fine detaljer med hjul, flammer og tern, som g\u00f8r den helt perfekt til en sjov b\u00f8rnef\u00f8dselsdag med biltema [&hellip;]<\/p>\n","protected":false},"featured_media":107666,"template":"","meta":{"_acf_changed":false},"product_brand":[],"product_cat":[30],"product_tag":[],"class_list":{"0":"post-107665","1":"product","2":"type-product","3":"status-publish","4":"has-post-thumbnail","6":"product_cat-balloner","7":"pa_item-color-multi","8":"pa_item-group-balloner","9":"pa_item-subgroup-folieballoner","10":"pa_pakken-indeholder-folieballon","11":"pa_tema_tax-theme-parties","12":"pa_under-tema-race-theme","14":"first","15":"instock","16":"taxable","17":"shipping-taxable","18":"purchasable","19":"product-type-simple"},"bundled_by":[],"bundle_stock_status":"instock","bundle_stock_quantity":99,"bundle_virtual":false,"bundle_layout":"","bundle_add_to_cart_form_location":"","bundle_editable_in_cart":false,"bundle_sold_individually_context":"","bundle_item_grouping":"","bundle_min_size":"","bundle_max_size":"","bundle_price":[],"bundled_items":[],"bundle_sell_ids":[],"acf":[],"tiered_pricing_type":"fixed","tiered_pricing_fixed_rules":[],"tiered_pricing_product_settings":{"layout":"default","base_unit_name":{"singular":null,"plural":null},"default_variation":null},"tiered_pricing_minimum_quantity":null,"tiered_pricing_roles_data":[],"tiered_pricing_percentage_rules":[],"tiered_pricing_maximum_quantity":null,"tiered_pricing_quantity_step":null,"_links":{"self":[{"href":"https:\/\/partyinabox.dk\/party\/wp-json\/wp\/v2\/product\/107665","targetHints":{"allow":["GET"]}}],"collection":[{"href":"https:\/\/partyinabox.dk\/party\/wp-json\/wp\/v2\/product"}],"about":[{"href":"https:\/\/partyinabox.dk\/party\/wp-json\/wp\/v2\/types\/product"}],"wp:featuredmedia":[{"embeddable":true,"href":"https:\/\/partyinabox.dk\/party\/wp-json\/wp\/v2\/media\/107666"}],"wp:attachment":[{"href":"https:\/\/partyinabox.dk\/party\/wp-json\/wp\/v2\/media?parent=107665"}],"wp:term":[{"taxonomy":"product_brand","embeddable":true,"href":"https:\/\/partyinabox.dk\/party\/wp-json\/wp\/v2\/product_brand?post=107665"},{"taxonomy":"product_cat","embeddable":true,"href":"https:\/\/partyinabox.dk\/party\/wp-json\/wp\/v2\/product_cat?post=107665"},{"taxonomy":"product_tag","embeddable":true,"href":"https:\/\/partyinabox.dk\/party\/wp-json\/wp\/v2\/product_tag?post=107665"}],"curies":[{"name":"wp","href":"https:\/\/api.w.org\/{rel}","templated":true}]}}