{"id":107611,"date":"2026-03-05T15:17:26","date_gmt":"2026-03-05T14:17:26","guid":{"rendered":"https:\/\/partyinabox.dk\/party\/vare\/ko-hoved-folieballon\/"},"modified":"2026-04-30T17:21:17","modified_gmt":"2026-04-30T15:21:17","slug":"ko-hoved-folieballon","status":"publish","type":"product","link":"https:\/\/partyinabox.dk\/party\/vare\/ko-hoved-folieballon\/","title":{"rendered":"Ko folie ballon m\/guld horn"},"content":{"rendered":"<p data-start=\"48\" data-end=\"379\"><strong data-start=\"48\" data-end=\"111\">G\u00f8r festen ekstra nuttet med denne s\u00f8de ko-folieballon \ud83d\udc2e\ud83d\udc95<\/strong><\/p>\n<p data-start=\"48\" data-end=\"379\">Denne fine folieballon formet som en lille ko er klar til at sprede smil og bondeg\u00e5rdsstemning til festen. Med sine bl\u00f8de farver, s\u00f8de kinder og gyldne horn er den perfekt til b\u00e5de b\u00f8rnef\u00f8dselsdag, babyshower eller et hyggeligt tema med bondeg\u00e5rdsdyr.<\/p>\n<p data-start=\"381\" data-end=\"658\">Ballonen kan fyldes med b\u00e5de luft og helium, s\u00e5 du nemt kan bruge den som en del af en st\u00f8rre ballonops\u00e6tning eller lade den sv\u00e6ve flot rundt som et festligt blikfang. Den er sk\u00f8n alene, men passer ogs\u00e5 perfekt sammen med andre dyreballoner for et gennemf\u00f8rt og legende udtryk.<\/p>\n<p data-start=\"660\" data-end=\"828\"><strong data-start=\"660\" data-end=\"683\">Produktinformation:<\/strong><br data-start=\"683\" data-end=\"686\" \/>\ud83d\udc2e Folieballon formet som en ko<br data-start=\"717\" data-end=\"720\" \/>\ud83d\udccf St\u00f8rrelse efter oppustning: ca. 57 x 47 cm<br data-start=\"765\" data-end=\"768\" \/>\ud83c\udf88 Kan fyldes med luft eller helium<br data-start=\"803\" data-end=\"806\" \/>\ud83e\udd64 Suger\u00f8r medf\u00f8lger<\/p>\n","protected":false},"excerpt":{"rendered":"<p>G\u00f8r festen ekstra nuttet med denne s\u00f8de ko-folieballon \ud83d\udc2e\ud83d\udc95 Denne fine folieballon formet som en lille ko er klar til at sprede smil og bondeg\u00e5rdsstemning til festen. Med sine bl\u00f8de farver, s\u00f8de kinder og gyldne horn er den perfekt til [&hellip;]<\/p>\n","protected":false},"featured_media":107932,"template":"","meta":{"_acf_changed":false},"product_brand":[],"product_cat":[30],"product_tag":[],"class_list":{"0":"post-107611","1":"product","2":"type-product","3":"status-publish","4":"has-post-thumbnail","6":"product_cat-balloner","7":"pa_item-color-multi","8":"pa_item-group-balloner","9":"pa_item-subgroup-folieballoner","10":"pa_pakken-indeholder-folieballon","11":"pa_tema_tax-animals","12":"pa_under-tema-cow","14":"first","15":"instock","16":"taxable","17":"shipping-taxable","18":"purchasable","19":"product-type-simple"},"bundled_by":[],"bundle_stock_status":"instock","bundle_stock_quantity":79,"bundle_virtual":false,"bundle_layout":"","bundle_add_to_cart_form_location":"","bundle_editable_in_cart":false,"bundle_sold_individually_context":"","bundle_item_grouping":"","bundle_min_size":"","bundle_max_size":"","bundle_price":[],"bundled_items":[],"bundle_sell_ids":[],"acf":[],"tiered_pricing_type":"fixed","tiered_pricing_fixed_rules":[],"tiered_pricing_product_settings":{"layout":"default","base_unit_name":{"singular":null,"plural":null},"default_variation":null},"tiered_pricing_minimum_quantity":null,"tiered_pricing_roles_data":[],"tiered_pricing_percentage_rules":[],"tiered_pricing_maximum_quantity":null,"tiered_pricing_quantity_step":null,"_links":{"self":[{"href":"https:\/\/partyinabox.dk\/party\/wp-json\/wp\/v2\/product\/107611","targetHints":{"allow":["GET"]}}],"collection":[{"href":"https:\/\/partyinabox.dk\/party\/wp-json\/wp\/v2\/product"}],"about":[{"href":"https:\/\/partyinabox.dk\/party\/wp-json\/wp\/v2\/types\/product"}],"wp:featuredmedia":[{"embeddable":true,"href":"https:\/\/partyinabox.dk\/party\/wp-json\/wp\/v2\/media\/107932"}],"wp:attachment":[{"href":"https:\/\/partyinabox.dk\/party\/wp-json\/wp\/v2\/media?parent=107611"}],"wp:term":[{"taxonomy":"product_brand","embeddable":true,"href":"https:\/\/partyinabox.dk\/party\/wp-json\/wp\/v2\/product_brand?post=107611"},{"taxonomy":"product_cat","embeddable":true,"href":"https:\/\/partyinabox.dk\/party\/wp-json\/wp\/v2\/product_cat?post=107611"},{"taxonomy":"product_tag","embeddable":true,"href":"https:\/\/partyinabox.dk\/party\/wp-json\/wp\/v2\/product_tag?post=107611"}],"curies":[{"name":"wp","href":"https:\/\/api.w.org\/{rel}","templated":true}]}}