{"id":107581,"date":"2026-03-05T15:16:11","date_gmt":"2026-03-05T14:16:11","guid":{"rendered":"https:\/\/partyinabox.dk\/party\/vare\/gris-folieballon\/"},"modified":"2026-04-24T20:33:40","modified_gmt":"2026-04-24T18:33:40","slug":"gris-folieballon","status":"publish","type":"product","link":"https:\/\/partyinabox.dk\/party\/vare\/gris-folieballon\/","title":{"rendered":"Pastel lyser\u00f8d folie ballon"},"content":{"rendered":"<p>Giv festen et lille grynt af hygge med en s\u00f8d folieballon formet som et griseansigt. Den bl\u00f8de, lyser\u00f8de stil g\u00f8r den nem at bruge i foto-hj\u00f8rnet og passer perfekt til b\u00f8rnef\u00f8dselsdag, bondeg\u00e5rds-tema, babyshower eller en for\u00e5rs-\/p\u00e5skepyntet bordopd\u00e6kning.<\/p>\n<ul>\n<li>Form: griseansigt i metalfolie<\/li>\n<li>Farve: lyser\u00f8d<\/li>\n<li>Kan pustes op med b\u00e5de luft og helium<\/li>\n<li>St\u00f8rrelse efter oppustning: ca. 61 x 36 cm \u2013 stor nok til at samle dekorationen<\/li>\n<li>Suger\u00f8r medf\u00f8lger til nem oppustning med luft<\/li>\n<\/ul>\n<p>Fyld den med helium, hvis den skal sv\u00e6ve, eller brug luft til v\u00e6g, ballonbue, bordpynt eller som makker til et velkomstskilt.<\/p>\n<h5>Skab en legende feststemning<\/h5>\n<p>S\u00e6t den sammen med pastelfarver og andre balloner for et varmt, b\u00f8rnevenligt udtryk, der f\u00e5r hele rummet til at f\u00f8les ekstra indbydende.<\/p>\n","protected":false},"excerpt":{"rendered":"<p>Giv festen et lille grynt af hygge med en s\u00f8d folieballon formet som et griseansigt. Den bl\u00f8de, lyser\u00f8de stil g\u00f8r den nem at bruge i foto-hj\u00f8rnet og passer perfekt til b\u00f8rnef\u00f8dselsdag, bondeg\u00e5rds-tema, babyshower eller en for\u00e5rs-\/p\u00e5skepyntet bordopd\u00e6kning. Form: griseansigt i [&hellip;]<\/p>\n","protected":false},"featured_media":107938,"template":"","meta":{"_acf_changed":false},"product_brand":[],"product_cat":[30],"product_tag":[],"class_list":{"0":"post-107581","1":"product","2":"type-product","3":"status-publish","4":"has-post-thumbnail","6":"product_cat-balloner","7":"pa_item-color-pink","8":"pa_item-group-balloner","9":"pa_item-subgroup-folieballoner","10":"pa_pakken-indeholder-folieballon","11":"pa_tema_tax-animals","12":"pa_under-tema-pig","14":"first","15":"instock","16":"taxable","17":"shipping-taxable","18":"purchasable","19":"product-type-simple"},"bundled_by":[],"bundle_stock_status":"instock","bundle_stock_quantity":116,"bundle_virtual":false,"bundle_layout":"","bundle_add_to_cart_form_location":"","bundle_editable_in_cart":false,"bundle_sold_individually_context":"","bundle_item_grouping":"","bundle_min_size":"","bundle_max_size":"","bundle_price":[],"bundled_items":[],"bundle_sell_ids":[],"acf":[],"tiered_pricing_type":"fixed","tiered_pricing_fixed_rules":[],"tiered_pricing_product_settings":{"layout":"default","base_unit_name":{"singular":null,"plural":null},"default_variation":null},"tiered_pricing_minimum_quantity":null,"tiered_pricing_roles_data":[],"tiered_pricing_percentage_rules":[],"tiered_pricing_maximum_quantity":null,"tiered_pricing_quantity_step":null,"_links":{"self":[{"href":"https:\/\/partyinabox.dk\/party\/wp-json\/wp\/v2\/product\/107581","targetHints":{"allow":["GET"]}}],"collection":[{"href":"https:\/\/partyinabox.dk\/party\/wp-json\/wp\/v2\/product"}],"about":[{"href":"https:\/\/partyinabox.dk\/party\/wp-json\/wp\/v2\/types\/product"}],"wp:featuredmedia":[{"embeddable":true,"href":"https:\/\/partyinabox.dk\/party\/wp-json\/wp\/v2\/media\/107938"}],"wp:attachment":[{"href":"https:\/\/partyinabox.dk\/party\/wp-json\/wp\/v2\/media?parent=107581"}],"wp:term":[{"taxonomy":"product_brand","embeddable":true,"href":"https:\/\/partyinabox.dk\/party\/wp-json\/wp\/v2\/product_brand?post=107581"},{"taxonomy":"product_cat","embeddable":true,"href":"https:\/\/partyinabox.dk\/party\/wp-json\/wp\/v2\/product_cat?post=107581"},{"taxonomy":"product_tag","embeddable":true,"href":"https:\/\/partyinabox.dk\/party\/wp-json\/wp\/v2\/product_tag?post=107581"}],"curies":[{"name":"wp","href":"https:\/\/api.w.org\/{rel}","templated":true}]}}