{"id":107549,"date":"2026-03-05T15:16:11","date_gmt":"2026-03-05T14:16:11","guid":{"rendered":"https:\/\/partyinabox.dk\/party\/vare\/happy-birthday-racer-folieballon\/"},"modified":"2026-04-24T13:52:27","modified_gmt":"2026-04-24T11:52:27","slug":"happy-birthday-racer-folieballon","status":"publish","type":"product","link":"https:\/\/partyinabox.dk\/party\/vare\/happy-birthday-racer-folieballon\/","title":{"rendered":"Lysebl\u00e5 racer folie ballon &#8220;Happy Birthday&#8221;"},"content":{"rendered":"<p>S\u00e6t f\u00f8dselsdagen i pole position med en rund folieballon, der giver fart over feltet til b\u00f8rnef\u00f8dselsdag og biltema. Den lysebl\u00e5 baggrund og den sorte\u00a0<i>Happy Birthday<\/i>-tekst f\u00e5r selskabet i gang \u2013 klar, parat, fejring!<\/p>\n<p>Designet er fyldt med racing-stemning: sm\u00e5 racerbiler, ternede flag og pokal-ikoner, som passer perfekt til speedway-vibes, ballonbuketter og et festligt hj\u00f8rne ved kagebordet. Ballonen m\u00e5ler ca. 35 x 35 cm efter oppustning (ca. 45 x 45 cm f\u00f8r), s\u00e5 du f\u00e5r en tydelig, men ikke k\u00e6mpestor dekoration.<\/p>\n<ul>\n<li>Kan pustes op med luft eller helium<\/li>\n<li>Racer-inspireret f\u00f8dselsdagsdesign<\/li>\n<li>Rund ballon i metalfolie, 35 x 35 cm oppustet<\/li>\n<\/ul>\n<h5>Klar, parat, pynt!<\/h5>\n<p>Bind den p\u00e5 en stol, brug den som accent i en foto-baggrund, eller lad den k\u00f8re forrest i en ballonbuket. Der medf\u00f8lger et suger\u00f8r, s\u00e5 du hurtigt kan f\u00e5 pynten p\u00e5 banen.<\/p>\n","protected":false},"excerpt":{"rendered":"<p>S\u00e6t f\u00f8dselsdagen i pole position med en rund folieballon, der giver fart over feltet til b\u00f8rnef\u00f8dselsdag og biltema. Den lysebl\u00e5 baggrund og den sorte\u00a0Happy Birthday-tekst f\u00e5r selskabet i gang \u2013 klar, parat, fejring! Designet er fyldt med racing-stemning: sm\u00e5 racerbiler, [&hellip;]<\/p>\n","protected":false},"featured_media":107550,"template":"","meta":{"_acf_changed":false},"product_brand":[],"product_cat":[30],"product_tag":[],"class_list":{"0":"post-107549","1":"product","2":"type-product","3":"status-publish","4":"has-post-thumbnail","6":"product_cat-balloner","7":"pa_item-color-lyseblaa","8":"pa_item-group-balloner","9":"pa_item-subgroup-folieballoner","10":"pa_pakken-indeholder-folieballon","11":"pa_tema_tax-theme-parties","12":"pa_under-tema-race-theme","14":"first","15":"instock","16":"taxable","17":"shipping-taxable","18":"purchasable","19":"product-type-simple"},"bundled_by":[],"bundle_stock_status":"instock","bundle_stock_quantity":90,"bundle_virtual":false,"bundle_layout":"","bundle_add_to_cart_form_location":"","bundle_editable_in_cart":false,"bundle_sold_individually_context":"","bundle_item_grouping":"","bundle_min_size":"","bundle_max_size":"","bundle_price":[],"bundled_items":[],"bundle_sell_ids":[],"acf":[],"tiered_pricing_type":"fixed","tiered_pricing_fixed_rules":[],"tiered_pricing_product_settings":{"layout":"default","base_unit_name":{"singular":null,"plural":null},"default_variation":null},"tiered_pricing_minimum_quantity":null,"tiered_pricing_roles_data":[],"tiered_pricing_percentage_rules":[],"tiered_pricing_maximum_quantity":null,"tiered_pricing_quantity_step":null,"_links":{"self":[{"href":"https:\/\/partyinabox.dk\/party\/wp-json\/wp\/v2\/product\/107549","targetHints":{"allow":["GET"]}}],"collection":[{"href":"https:\/\/partyinabox.dk\/party\/wp-json\/wp\/v2\/product"}],"about":[{"href":"https:\/\/partyinabox.dk\/party\/wp-json\/wp\/v2\/types\/product"}],"wp:featuredmedia":[{"embeddable":true,"href":"https:\/\/partyinabox.dk\/party\/wp-json\/wp\/v2\/media\/107550"}],"wp:attachment":[{"href":"https:\/\/partyinabox.dk\/party\/wp-json\/wp\/v2\/media?parent=107549"}],"wp:term":[{"taxonomy":"product_brand","embeddable":true,"href":"https:\/\/partyinabox.dk\/party\/wp-json\/wp\/v2\/product_brand?post=107549"},{"taxonomy":"product_cat","embeddable":true,"href":"https:\/\/partyinabox.dk\/party\/wp-json\/wp\/v2\/product_cat?post=107549"},{"taxonomy":"product_tag","embeddable":true,"href":"https:\/\/partyinabox.dk\/party\/wp-json\/wp\/v2\/product_tag?post=107549"}],"curies":[{"name":"wp","href":"https:\/\/api.w.org\/{rel}","templated":true}]}}