{"id":107519,"date":"2026-03-05T15:16:11","date_gmt":"2026-03-05T14:16:11","guid":{"rendered":"https:\/\/partyinabox.dk\/party\/vare\/minions-ron-folieballon\/"},"modified":"2026-03-21T20:17:08","modified_gmt":"2026-03-21T19:17:08","slug":"minions-ron-folieballon","status":"publish","type":"product","link":"https:\/\/partyinabox.dk\/party\/vare\/minions-ron-folieballon\/","title":{"rendered":"Minions\u00ae Ron folie ballon"},"content":{"rendered":"<p data-start=\"23\" data-end=\"271\">G\u00f8r klar til en f\u00f8dselsdag med masser af grin og Minions sjov med denne seje folieballon formet som Minion Ron \ud83c\udf89\ud83c\udf4c Med sine r\u00f8de solbriller og sit sk\u00e6ve lille smil giver han straks festen et ekstra sjovt og festligt udtryk, som b\u00f8rnene vil elske \u2728<\/p>\n<p data-start=\"273\" data-end=\"522\">Ballonen er perfekt som en del af en ballonbuket, ved gavebordet eller som pynt til en farverig Minions fest. De klare bl\u00e5 og gule farver g\u00f8r den til en sk\u00f8n detalje, der passer helt perfekt til en b\u00f8rnef\u00f8dselsdag fyldt med smil, leg og ballade \ud83d\udc9b\ud83d\udc99<\/p>\n<p data-start=\"524\" data-end=\"542\">Pakken indeholder:<\/p>\n<ul data-start=\"543\" data-end=\"752\">\n<li data-section-id=\"126cnc1\" data-start=\"543\" data-end=\"583\">\n<p data-start=\"545\" data-end=\"583\">1 folieballon formet som Minion Ron \ud83c\udf88<\/p>\n<\/li>\n<li data-section-id=\"1ql8xfw\" data-start=\"584\" data-end=\"620\">\n<p data-start=\"586\" data-end=\"620\">Fine detaljer i bl\u00e5 og gule farver<\/p>\n<\/li>\n<li data-section-id=\"1gmn6se\" data-start=\"621\" data-end=\"660\">\n<p data-start=\"623\" data-end=\"660\">Kan pustes op med b\u00e5de luft og helium<\/p>\n<\/li>\n<li data-section-id=\"1vlkwb\" data-start=\"714\" data-end=\"752\">\n<p data-start=\"716\" data-end=\"752\">Der medf\u00f8lger suger\u00f8r til oppustning<\/p>\n<\/li>\n<\/ul>\n<p data-start=\"754\" data-end=\"793\" data-is-last-node=\"\" data-is-only-node=\"\">Ballonen m\u00e5ler ca. 53 x 79 cm oppustet.<\/p>\n","protected":false},"excerpt":{"rendered":"<p>G\u00f8r klar til en f\u00f8dselsdag med masser af grin og Minions sjov med denne seje folieballon formet som Minion Ron \ud83c\udf89\ud83c\udf4c Med sine r\u00f8de solbriller og sit sk\u00e6ve lille smil giver han straks festen et ekstra sjovt og festligt udtryk, [&hellip;]<\/p>\n","protected":false},"featured_media":107525,"template":"","meta":{"_acf_changed":false},"product_brand":[],"product_cat":[30],"product_tag":[],"class_list":{"0":"post-107519","1":"product","2":"type-product","3":"status-publish","4":"has-post-thumbnail","6":"product_cat-balloner","7":"pa_item-color-multi","8":"pa_item-group-balloner","9":"pa_item-subgroup-folieballoner","10":"pa_pakken-indeholder-folieballon","11":"pa_tema_tax-kids-tv","12":"pa_under-tema-minions","14":"first","15":"instock","16":"taxable","17":"shipping-taxable","18":"purchasable","19":"product-type-simple"},"bundled_by":[],"bundle_stock_status":"instock","bundle_stock_quantity":198,"bundle_virtual":false,"bundle_layout":"","bundle_add_to_cart_form_location":"","bundle_editable_in_cart":false,"bundle_sold_individually_context":"","bundle_item_grouping":"","bundle_min_size":"","bundle_max_size":"","bundle_price":[],"bundled_items":[],"bundle_sell_ids":[],"acf":[],"tiered_pricing_type":"fixed","tiered_pricing_fixed_rules":[],"tiered_pricing_product_settings":{"layout":"default","base_unit_name":{"singular":null,"plural":null},"default_variation":null},"tiered_pricing_minimum_quantity":null,"tiered_pricing_roles_data":[],"tiered_pricing_percentage_rules":[],"tiered_pricing_maximum_quantity":null,"tiered_pricing_quantity_step":null,"_links":{"self":[{"href":"https:\/\/partyinabox.dk\/party\/wp-json\/wp\/v2\/product\/107519","targetHints":{"allow":["GET"]}}],"collection":[{"href":"https:\/\/partyinabox.dk\/party\/wp-json\/wp\/v2\/product"}],"about":[{"href":"https:\/\/partyinabox.dk\/party\/wp-json\/wp\/v2\/types\/product"}],"wp:featuredmedia":[{"embeddable":true,"href":"https:\/\/partyinabox.dk\/party\/wp-json\/wp\/v2\/media\/107525"}],"wp:attachment":[{"href":"https:\/\/partyinabox.dk\/party\/wp-json\/wp\/v2\/media?parent=107519"}],"wp:term":[{"taxonomy":"product_brand","embeddable":true,"href":"https:\/\/partyinabox.dk\/party\/wp-json\/wp\/v2\/product_brand?post=107519"},{"taxonomy":"product_cat","embeddable":true,"href":"https:\/\/partyinabox.dk\/party\/wp-json\/wp\/v2\/product_cat?post=107519"},{"taxonomy":"product_tag","embeddable":true,"href":"https:\/\/partyinabox.dk\/party\/wp-json\/wp\/v2\/product_tag?post=107519"}],"curies":[{"name":"wp","href":"https:\/\/api.w.org\/{rel}","templated":true}]}}