{"id":106896,"date":"2026-02-25T10:31:09","date_gmt":"2026-02-25T09:31:09","guid":{"rendered":"https:\/\/partyinabox.dk\/party\/?post_type=product&#038;p=106896"},"modified":"2026-03-25T17:41:01","modified_gmt":"2026-03-25T16:41:01","slug":"blaa-guld-honeycomb-saet-m-maane-og-stjerne","status":"publish","type":"product","link":"https:\/\/partyinabox.dk\/party\/vare\/blaa-guld-honeycomb-saet-m-maane-og-stjerne\/","title":{"rendered":"Bl\u00e5\/guld honeycomb s\u00e6t m\/m\u00e5ne og stjerne"},"content":{"rendered":"<p data-start=\"128\" data-end=\"395\"><strong data-start=\"128\" data-end=\"230\">Skab en magisk \u201cstjernehimmel\u201d-stemning med disse smukke honeycomb-oph\u00e6ng med m\u00e5ne og stjerner \u2728\ud83c\udf19<\/strong> De fine papirdekorationer har et elegant, foldet (honeycomb) look og sm\u00e5 gyldne detaljer, der giver et eksklusivt udtryk, n\u00e5r de h\u00e6nger og bev\u00e6ger sig let i rummet.<\/p>\n<p data-start=\"397\" data-end=\"676\">H\u00e6ng dem i loftet, i vinduet eller som en del af en fotov\u00e6g, og lad dem skabe stemning p\u00e5 f\u00e5 minutter.<\/p>\n<p data-start=\"678\" data-end=\"695\"><strong data-start=\"678\" data-end=\"695\">Perfekte til:<\/strong><\/p>\n<ul data-start=\"696\" data-end=\"848\">\n<li data-start=\"730\" data-end=\"781\">\n<p data-start=\"732\" data-end=\"781\">Festbord, loftspynt eller baggrund til billeder<\/p>\n<\/li>\n<li data-start=\"782\" data-end=\"848\">\n<p data-start=\"784\" data-end=\"848\">Kombination med balloner og guirlander i guld\/navy\/bl\u00e5 nuancer<\/p>\n<\/li>\n<\/ul>\n<p data-start=\"850\" data-end=\"905\" data-is-last-node=\"\" data-is-only-node=\"\">En enkel dekoration, der giver masser af wow-effekt \ud83d\udc99\u2728<\/p>\n","protected":false},"excerpt":{"rendered":"<p>Skab en magisk \u201cstjernehimmel\u201d-stemning med disse smukke honeycomb-oph\u00e6ng med m\u00e5ne og stjerner \u2728\ud83c\udf19 De fine papirdekorationer har et elegant, foldet (honeycomb) look og sm\u00e5 gyldne detaljer, der giver et eksklusivt udtryk, n\u00e5r de h\u00e6nger og bev\u00e6ger sig let i rummet. [&hellip;]<\/p>\n","protected":false},"featured_media":106898,"template":"","meta":{"_acf_changed":false},"product_brand":[],"product_cat":[19],"product_tag":[],"class_list":{"0":"post-106896","1":"product","2":"type-product","3":"status-publish","4":"has-post-thumbnail","6":"product_cat-pynt","8":"first","9":"instock","10":"taxable","11":"shipping-taxable","12":"purchasable","13":"product-type-simple"},"bundled_by":[],"bundle_stock_status":"instock","bundle_stock_quantity":18,"bundle_virtual":false,"bundle_layout":"","bundle_add_to_cart_form_location":"","bundle_editable_in_cart":false,"bundle_sold_individually_context":"","bundle_item_grouping":"","bundle_min_size":"","bundle_max_size":"","bundle_price":[],"bundled_items":[],"bundle_sell_ids":[],"acf":[],"tiered_pricing_type":"fixed","tiered_pricing_fixed_rules":[],"tiered_pricing_product_settings":{"layout":"default","base_unit_name":{"singular":null,"plural":null},"default_variation":null},"tiered_pricing_minimum_quantity":null,"tiered_pricing_roles_data":[],"tiered_pricing_percentage_rules":[],"tiered_pricing_maximum_quantity":null,"tiered_pricing_quantity_step":null,"_links":{"self":[{"href":"https:\/\/partyinabox.dk\/party\/wp-json\/wp\/v2\/product\/106896","targetHints":{"allow":["GET"]}}],"collection":[{"href":"https:\/\/partyinabox.dk\/party\/wp-json\/wp\/v2\/product"}],"about":[{"href":"https:\/\/partyinabox.dk\/party\/wp-json\/wp\/v2\/types\/product"}],"wp:featuredmedia":[{"embeddable":true,"href":"https:\/\/partyinabox.dk\/party\/wp-json\/wp\/v2\/media\/106898"}],"wp:attachment":[{"href":"https:\/\/partyinabox.dk\/party\/wp-json\/wp\/v2\/media?parent=106896"}],"wp:term":[{"taxonomy":"product_brand","embeddable":true,"href":"https:\/\/partyinabox.dk\/party\/wp-json\/wp\/v2\/product_brand?post=106896"},{"taxonomy":"product_cat","embeddable":true,"href":"https:\/\/partyinabox.dk\/party\/wp-json\/wp\/v2\/product_cat?post=106896"},{"taxonomy":"product_tag","embeddable":true,"href":"https:\/\/partyinabox.dk\/party\/wp-json\/wp\/v2\/product_tag?post=106896"}],"curies":[{"name":"wp","href":"https:\/\/api.w.org\/{rel}","templated":true}]}}