{"id":106890,"date":"2026-02-25T09:24:25","date_gmt":"2026-02-25T08:24:25","guid":{"rendered":"https:\/\/partyinabox.dk\/party\/?post_type=product&#038;p=106890"},"modified":"2026-04-08T07:37:55","modified_gmt":"2026-04-08T05:37:55","slug":"guld-eid-mubarak-kage-pynt-2","status":"publish","type":"product","link":"https:\/\/partyinabox.dk\/party\/vare\/guld-eid-mubarak-kage-pynt-2\/","title":{"rendered":"Guld &#8220;Eid Mubarak&#8221; kage pynt"},"content":{"rendered":"<p data-start=\"178\" data-end=\"480\"><strong data-start=\"178\" data-end=\"263\">G\u00f8r Eid-kagen ekstra festlig med denne elegante \u201cEid Mubarak\u201d kagetopper i guld \u2728<\/strong> Den skinnende guldfinish giver et flot blikfang p\u00e5 kagebordet og er den perfekte detalje, n\u00e5r du vil g\u00f8re lidt ekstra ud af fejringen &#8211; uanset om det er til en stor Eid-fest eller en hyggelig fejring med de n\u00e6rmeste.<\/p>\n<p data-start=\"482\" data-end=\"687\">Kagetopperen er nem at placere i kagen og giver med det samme et gennemf\u00f8rt og eksklusivt udtryk. Den matcher ogs\u00e5 super fint med andre dekorationer i guldtema, s\u00e5 du kan skabe en r\u00f8d tr\u00e5d i bordd\u00e6kningen.<\/p>\n<p data-start=\"689\" data-end=\"705\"><strong data-start=\"689\" data-end=\"705\">Du modtager:<\/strong><\/p>\n<ul data-start=\"706\" data-end=\"774\">\n<li data-start=\"706\" data-end=\"752\">\n<p data-start=\"708\" data-end=\"752\">1 stk. \u201cEid Mubarak\u201d kagetopper i guld<\/p>\n<\/li>\n<li data-start=\"753\" data-end=\"774\">\n<p data-start=\"755\" data-end=\"774\">M\u00e5l: 15 x 12 cm<\/p>\n<\/li>\n<\/ul>\n<p data-start=\"776\" data-end=\"836\" data-is-last-node=\"\" data-is-only-node=\"\">En enkel detalje, der g\u00f8r en stor forskel p\u00e5 festbordet \ud83d\udc9b\ud83c\udf82<\/p>\n","protected":false},"excerpt":{"rendered":"<p>G\u00f8r Eid-kagen ekstra festlig med denne elegante \u201cEid Mubarak\u201d kagetopper i guld \u2728 Den skinnende guldfinish giver et flot blikfang p\u00e5 kagebordet og er den perfekte detalje, n\u00e5r du vil g\u00f8re lidt ekstra ud af fejringen &#8211; uanset om det [&hellip;]<\/p>\n","protected":false},"featured_media":106891,"template":"","meta":{"_acf_changed":false},"product_brand":[],"product_cat":[33],"product_tag":[],"class_list":{"0":"post-106890","1":"product","2":"type-product","3":"status-publish","4":"has-post-thumbnail","6":"product_cat-til-kagen","8":"first","9":"instock","10":"taxable","11":"shipping-taxable","12":"purchasable","13":"product-type-simple"},"bundled_by":[],"bundle_stock_status":"instock","bundle_stock_quantity":453,"bundle_virtual":false,"bundle_layout":"","bundle_add_to_cart_form_location":"","bundle_editable_in_cart":false,"bundle_sold_individually_context":"","bundle_item_grouping":"","bundle_min_size":"","bundle_max_size":"","bundle_price":[],"bundled_items":[],"bundle_sell_ids":[],"acf":[],"tiered_pricing_type":"fixed","tiered_pricing_fixed_rules":[],"tiered_pricing_product_settings":{"layout":"default","base_unit_name":{"singular":null,"plural":null},"default_variation":null},"tiered_pricing_minimum_quantity":null,"tiered_pricing_roles_data":[],"tiered_pricing_percentage_rules":[],"tiered_pricing_maximum_quantity":null,"tiered_pricing_quantity_step":null,"_links":{"self":[{"href":"https:\/\/partyinabox.dk\/party\/wp-json\/wp\/v2\/product\/106890","targetHints":{"allow":["GET"]}}],"collection":[{"href":"https:\/\/partyinabox.dk\/party\/wp-json\/wp\/v2\/product"}],"about":[{"href":"https:\/\/partyinabox.dk\/party\/wp-json\/wp\/v2\/types\/product"}],"wp:featuredmedia":[{"embeddable":true,"href":"https:\/\/partyinabox.dk\/party\/wp-json\/wp\/v2\/media\/106891"}],"wp:attachment":[{"href":"https:\/\/partyinabox.dk\/party\/wp-json\/wp\/v2\/media?parent=106890"}],"wp:term":[{"taxonomy":"product_brand","embeddable":true,"href":"https:\/\/partyinabox.dk\/party\/wp-json\/wp\/v2\/product_brand?post=106890"},{"taxonomy":"product_cat","embeddable":true,"href":"https:\/\/partyinabox.dk\/party\/wp-json\/wp\/v2\/product_cat?post=106890"},{"taxonomy":"product_tag","embeddable":true,"href":"https:\/\/partyinabox.dk\/party\/wp-json\/wp\/v2\/product_tag?post=106890"}],"curies":[{"name":"wp","href":"https:\/\/api.w.org\/{rel}","templated":true}]}}