{"id":106887,"date":"2026-02-25T09:11:13","date_gmt":"2026-02-25T08:11:13","guid":{"rendered":"https:\/\/partyinabox.dk\/party\/?post_type=product&#038;p=106887"},"modified":"2026-04-08T13:37:54","modified_gmt":"2026-04-08T11:37:54","slug":"guld-folie-ballon-guirlande-eid-mubarak","status":"publish","type":"product","link":"https:\/\/partyinabox.dk\/party\/vare\/guld-folie-ballon-guirlande-eid-mubarak\/","title":{"rendered":"Guld folie ballon guirlande &#8220;Eid Mubarak&#8221;"},"content":{"rendered":"<p data-start=\"135\" data-end=\"410\"><strong data-start=\"135\" data-end=\"253\">G\u00f8r din Eid-fejring ekstra festlig med denne smukke ballonguirlande med teksten \u201cEid Mubarak\u201d i skinnende guld \u2728\ud83c\udf19<\/strong> Den gyldne folie-effekt fanger lyset flot og skaber et elegant blikfang i rummet &#8211; perfekt ved spisebordet eller som baggrund til billeder.<\/p>\n<p data-start=\"412\" data-end=\"655\">Guirlanden er en nem m\u00e5de at g\u00f8re dekorationerne mere gennemf\u00f8rte p\u00e5, uanset om du holder en stor fest eller en hyggelig fejring med de n\u00e6rmeste. Bogstaverne h\u00e6nges op p\u00e5 den medf\u00f8lgende 5 meter lange snor, s\u00e5 du hurtigt kan f\u00e5 et flot resultat uden besv\u00e6r &#8211; suger\u00f8r medf\u00f8lger til oppustning, men bogstaverne kan ogs\u00e5 pustes op med en ballonpumpe.<\/p>\n<p data-start=\"657\" data-end=\"673\"><strong data-start=\"657\" data-end=\"673\">Perfekt til:<\/strong><\/p>\n<ul data-start=\"674\" data-end=\"779\">\n<li data-start=\"705\" data-end=\"742\">\n<p data-start=\"707\" data-end=\"742\">Foto-baggrund og pynt over bordet<\/p>\n<\/li>\n<li data-start=\"743\" data-end=\"779\">\n<p data-start=\"745\" data-end=\"779\">En stilren dekoration i guldtema<\/p>\n<\/li>\n<\/ul>\n<p data-start=\"781\" data-end=\"848\" data-is-last-node=\"\" data-is-only-node=\"\">En klassiker til Eid-pynt, der med det samme l\u00f8fter stemningen \ud83d\udc9b\ud83c\udf88<\/p>\n","protected":false},"excerpt":{"rendered":"<p>G\u00f8r din Eid-fejring ekstra festlig med denne smukke ballonguirlande med teksten \u201cEid Mubarak\u201d i skinnende guld \u2728\ud83c\udf19 Den gyldne folie-effekt fanger lyset flot og skaber et elegant blikfang i rummet &#8211; perfekt ved spisebordet eller som baggrund til billeder. Guirlanden [&hellip;]<\/p>\n","protected":false},"featured_media":106889,"template":"","meta":{"_acf_changed":false},"product_brand":[],"product_cat":[30,60],"product_tag":[],"class_list":{"0":"post-106887","1":"product","2":"type-product","3":"status-publish","4":"has-post-thumbnail","6":"product_cat-balloner","7":"product_cat-folie-bogstaver","9":"first","10":"instock","11":"taxable","12":"shipping-taxable","13":"purchasable","14":"product-type-simple"},"bundled_by":[],"bundle_stock_status":"instock","bundle_stock_quantity":15,"bundle_virtual":false,"bundle_layout":"","bundle_add_to_cart_form_location":"","bundle_editable_in_cart":false,"bundle_sold_individually_context":"","bundle_item_grouping":"","bundle_min_size":"","bundle_max_size":"","bundle_price":[],"bundled_items":[],"bundle_sell_ids":[],"acf":[],"tiered_pricing_type":"fixed","tiered_pricing_fixed_rules":[],"tiered_pricing_product_settings":{"layout":"default","base_unit_name":{"singular":null,"plural":null},"default_variation":null},"tiered_pricing_minimum_quantity":null,"tiered_pricing_roles_data":[],"tiered_pricing_percentage_rules":[],"tiered_pricing_maximum_quantity":null,"tiered_pricing_quantity_step":null,"_links":{"self":[{"href":"https:\/\/partyinabox.dk\/party\/wp-json\/wp\/v2\/product\/106887","targetHints":{"allow":["GET"]}}],"collection":[{"href":"https:\/\/partyinabox.dk\/party\/wp-json\/wp\/v2\/product"}],"about":[{"href":"https:\/\/partyinabox.dk\/party\/wp-json\/wp\/v2\/types\/product"}],"wp:featuredmedia":[{"embeddable":true,"href":"https:\/\/partyinabox.dk\/party\/wp-json\/wp\/v2\/media\/106889"}],"wp:attachment":[{"href":"https:\/\/partyinabox.dk\/party\/wp-json\/wp\/v2\/media?parent=106887"}],"wp:term":[{"taxonomy":"product_brand","embeddable":true,"href":"https:\/\/partyinabox.dk\/party\/wp-json\/wp\/v2\/product_brand?post=106887"},{"taxonomy":"product_cat","embeddable":true,"href":"https:\/\/partyinabox.dk\/party\/wp-json\/wp\/v2\/product_cat?post=106887"},{"taxonomy":"product_tag","embeddable":true,"href":"https:\/\/partyinabox.dk\/party\/wp-json\/wp\/v2\/product_tag?post=106887"}],"curies":[{"name":"wp","href":"https:\/\/api.w.org\/{rel}","templated":true}]}}