{"id":106882,"date":"2026-02-25T08:33:51","date_gmt":"2026-02-25T07:33:51","guid":{"rendered":"https:\/\/partyinabox.dk\/party\/?post_type=product&#038;p=106882"},"modified":"2026-03-18T05:06:43","modified_gmt":"2026-03-18T04:06:43","slug":"navy-blaa-papkop-m-guld-maane-og-stjerner","status":"publish","type":"product","link":"https:\/\/partyinabox.dk\/party\/vare\/navy-blaa-papkop-m-guld-maane-og-stjerner\/","title":{"rendered":"Navy bl\u00e5 papkop m\/guld m\u00e5ne og stjerner"},"content":{"rendered":"<p data-start=\"118\" data-end=\"443\"><strong data-start=\"118\" data-end=\"223\">Skab en elegant og stemningsfuld bordd\u00e6kning med disse navy bl\u00e5 papkrus med guldm\u00e5ne og stjerner \u2728\ud83c\udf19<\/strong> Det dybe bl\u00e5 design kombineret med de gyldne detaljer giver et eksklusivt \u201caftenhimmel\u201d-look, som passer perfekt til b\u00e5de festmiddage, temafester, f\u00f8dselsdage, nyt\u00e5r &#8211; og h\u00f8jtider, hvor du vil d\u00e6kke op lidt ekstra flot.<\/p>\n<p data-start=\"445\" data-end=\"688\">Den dekorative nym\u00e5ne stikker ud fra koppen og giver et flot udtryk. Krusene er oplagte til forskellige drikke og g\u00f8r det nemt at d\u00e6kke op hurtigt og gennemf\u00f8rt.<\/p>\n<p data-start=\"690\" data-end=\"703\"><strong data-start=\"690\" data-end=\"703\">Detaljer:<\/strong><\/p>\n<ul data-start=\"704\" data-end=\"807\">\n<li data-start=\"704\" data-end=\"749\">\n<p data-start=\"706\" data-end=\"749\">Farve: Navy bl\u00e5 med guldm\u00e5ne og stjerner<\/p>\n<\/li>\n<li data-start=\"750\" data-end=\"781\">\n<p data-start=\"752\" data-end=\"781\">Indhold: 8 stk. papkrus<\/p>\n<\/li>\n<li data-start=\"782\" data-end=\"807\">\n<p data-start=\"784\" data-end=\"807\">Kapacitet: 266 ml<\/p>\n<\/li>\n<\/ul>\n<p data-start=\"809\" data-end=\"904\" data-is-last-node=\"\" data-is-only-node=\"\">Tip: Kombin\u00e9r dem med pynt i guld, m\u00f8rkebl\u00e5 eller hvid for en stilren og magisk bordd\u00e6kning \ud83d\udc99\u2728<\/p>\n","protected":false},"excerpt":{"rendered":"<p>Skab en elegant og stemningsfuld bordd\u00e6kning med disse navy bl\u00e5 papkrus med guldm\u00e5ne og stjerner \u2728\ud83c\udf19 Det dybe bl\u00e5 design kombineret med de gyldne detaljer giver et eksklusivt \u201caftenhimmel\u201d-look, som passer perfekt til b\u00e5de festmiddage, temafester, f\u00f8dselsdage, nyt\u00e5r &#8211; og [&hellip;]<\/p>\n","protected":false},"featured_media":106883,"template":"","meta":{"_acf_changed":false},"product_brand":[],"product_cat":[32],"product_tag":[],"class_list":{"0":"post-106882","1":"product","2":"type-product","3":"status-publish","4":"has-post-thumbnail","6":"product_cat-service","8":"first","9":"instock","10":"taxable","11":"shipping-taxable","12":"purchasable","13":"product-type-simple"},"bundled_by":[],"bundle_stock_status":"instock","bundle_stock_quantity":71,"bundle_virtual":false,"bundle_layout":"","bundle_add_to_cart_form_location":"","bundle_editable_in_cart":false,"bundle_sold_individually_context":"","bundle_item_grouping":"","bundle_min_size":"","bundle_max_size":"","bundle_price":[],"bundled_items":[],"bundle_sell_ids":[],"acf":[],"tiered_pricing_type":"fixed","tiered_pricing_fixed_rules":[],"tiered_pricing_product_settings":{"layout":"default","base_unit_name":{"singular":null,"plural":null},"default_variation":null},"tiered_pricing_minimum_quantity":null,"tiered_pricing_roles_data":[],"tiered_pricing_percentage_rules":[],"tiered_pricing_maximum_quantity":null,"tiered_pricing_quantity_step":null,"_links":{"self":[{"href":"https:\/\/partyinabox.dk\/party\/wp-json\/wp\/v2\/product\/106882","targetHints":{"allow":["GET"]}}],"collection":[{"href":"https:\/\/partyinabox.dk\/party\/wp-json\/wp\/v2\/product"}],"about":[{"href":"https:\/\/partyinabox.dk\/party\/wp-json\/wp\/v2\/types\/product"}],"wp:featuredmedia":[{"embeddable":true,"href":"https:\/\/partyinabox.dk\/party\/wp-json\/wp\/v2\/media\/106883"}],"wp:attachment":[{"href":"https:\/\/partyinabox.dk\/party\/wp-json\/wp\/v2\/media?parent=106882"}],"wp:term":[{"taxonomy":"product_brand","embeddable":true,"href":"https:\/\/partyinabox.dk\/party\/wp-json\/wp\/v2\/product_brand?post=106882"},{"taxonomy":"product_cat","embeddable":true,"href":"https:\/\/partyinabox.dk\/party\/wp-json\/wp\/v2\/product_cat?post=106882"},{"taxonomy":"product_tag","embeddable":true,"href":"https:\/\/partyinabox.dk\/party\/wp-json\/wp\/v2\/product_tag?post=106882"}],"curies":[{"name":"wp","href":"https:\/\/api.w.org\/{rel}","templated":true}]}}