{"id":104848,"date":"2026-02-11T16:10:54","date_gmt":"2026-02-11T15:10:54","guid":{"rendered":"https:\/\/partyinabox.dk\/party\/?post_type=product&#038;p=104848"},"modified":"2026-03-24T09:27:21","modified_gmt":"2026-03-24T08:27:21","slug":"genanvendelige-diskokugle-sugeroer","status":"publish","type":"product","link":"https:\/\/partyinabox.dk\/party\/vare\/genanvendelige-diskokugle-sugeroer\/","title":{"rendered":"Genanvendelig suger\u00f8r m\/diskokugle"},"content":{"rendered":"<p data-start=\"150\" data-end=\"355\">Giv dine drinks et glamour\u00f8st twist med vores superfestlige <strong data-start=\"210\" data-end=\"237\">suger\u00f8r med diskokugler<\/strong>! Perfekte til f\u00f8dselsdage, nyt\u00e5r, temafester, polterabender eller bare n\u00e5r hverdagen tr\u00e6nger til lidt ekstra sparkle.<\/p>\n<p data-start=\"357\" data-end=\"548\">Hvert suger\u00f8r er pyntet med en mini diskokugle, der giver \u00e6gte party-vibes og f\u00e5r bordd\u00e6kningen til at se b\u00e5de sjov og stilfuld ud. De er ikke bare praktiske \u2013 de er en dekoration i sig selv!<\/p>\n<p data-start=\"550\" data-end=\"569\">\u2728 <strong data-start=\"552\" data-end=\"569\">Perfekte til:<\/strong><\/p>\n<ul data-start=\"570\" data-end=\"685\">\n<li data-start=\"570\" data-end=\"596\">\n<p data-start=\"572\" data-end=\"596\">Cocktails og mocktails<\/p>\n<\/li>\n<li data-start=\"597\" data-end=\"620\">\n<p data-start=\"599\" data-end=\"620\">Champagne og drinks<\/p>\n<\/li>\n<li data-start=\"621\" data-end=\"653\">\n<p data-start=\"623\" data-end=\"653\">Festbord og photobooth-setup<\/p>\n<\/li>\n<li data-start=\"654\" data-end=\"685\">\n<p data-start=\"656\" data-end=\"685\">Disco-, 70\u2019er- og glittertema<\/p>\n<\/li>\n<\/ul>\n<p data-start=\"687\" data-end=\"767\">Skab wow-effekt p\u00e5 f\u00e5 sekunder \u2013 for ingen fest er komplet uden lidt disco! \ud83d\udd7a\ud83d\udc83<\/p>\n<p>6 stk i en pakke<br \/>\nDiskokuglen er med \u00e6gte spejl stykker p\u00e5, s\u00e5<strong> v\u00e6r OBS<\/strong> hvis disse bruges til b\u00f8rn.<br \/>\nMateriale: PET, glas, EPS<br \/>\nT\u00e5ler max 45 grader i opvask &#8211; Diskokuglen skal tages af inden den komme i opvaskemaskinen.<\/p>\n","protected":false},"excerpt":{"rendered":"<p>Giv dine drinks et glamour\u00f8st twist med vores superfestlige suger\u00f8r med diskokugler! Perfekte til f\u00f8dselsdage, nyt\u00e5r, temafester, polterabender eller bare n\u00e5r hverdagen tr\u00e6nger til lidt ekstra sparkle. Hvert suger\u00f8r er pyntet med en mini diskokugle, der giver \u00e6gte party-vibes og [&hellip;]<\/p>\n","protected":false},"featured_media":104852,"template":"","meta":{"_acf_changed":false},"product_brand":[],"product_cat":[32],"product_tag":[],"class_list":{"0":"post-104848","1":"product","2":"type-product","3":"status-publish","4":"has-post-thumbnail","6":"product_cat-service","8":"first","9":"instock","10":"taxable","11":"shipping-taxable","12":"purchasable","13":"product-type-simple"},"bundled_by":[],"bundle_stock_status":"instock","bundle_stock_quantity":22,"bundle_virtual":false,"bundle_layout":"","bundle_add_to_cart_form_location":"","bundle_editable_in_cart":false,"bundle_sold_individually_context":"","bundle_item_grouping":"","bundle_min_size":"","bundle_max_size":"","bundle_price":[],"bundled_items":[],"bundle_sell_ids":[],"acf":[],"tiered_pricing_type":"fixed","tiered_pricing_fixed_rules":[],"tiered_pricing_product_settings":{"layout":"default","base_unit_name":{"singular":null,"plural":null},"default_variation":null},"tiered_pricing_minimum_quantity":null,"tiered_pricing_roles_data":[],"tiered_pricing_percentage_rules":[],"tiered_pricing_maximum_quantity":null,"tiered_pricing_quantity_step":null,"_links":{"self":[{"href":"https:\/\/partyinabox.dk\/party\/wp-json\/wp\/v2\/product\/104848","targetHints":{"allow":["GET"]}}],"collection":[{"href":"https:\/\/partyinabox.dk\/party\/wp-json\/wp\/v2\/product"}],"about":[{"href":"https:\/\/partyinabox.dk\/party\/wp-json\/wp\/v2\/types\/product"}],"wp:featuredmedia":[{"embeddable":true,"href":"https:\/\/partyinabox.dk\/party\/wp-json\/wp\/v2\/media\/104852"}],"wp:attachment":[{"href":"https:\/\/partyinabox.dk\/party\/wp-json\/wp\/v2\/media?parent=104848"}],"wp:term":[{"taxonomy":"product_brand","embeddable":true,"href":"https:\/\/partyinabox.dk\/party\/wp-json\/wp\/v2\/product_brand?post=104848"},{"taxonomy":"product_cat","embeddable":true,"href":"https:\/\/partyinabox.dk\/party\/wp-json\/wp\/v2\/product_cat?post=104848"},{"taxonomy":"product_tag","embeddable":true,"href":"https:\/\/partyinabox.dk\/party\/wp-json\/wp\/v2\/product_tag?post=104848"}],"curies":[{"name":"wp","href":"https:\/\/api.w.org\/{rel}","templated":true}]}}